{"id":3354,"date":"2021-11-29T13:58:27","date_gmt":"2021-11-29T13:58:27","guid":{"rendered":"http:\/\/limit-tools.local\/product\/multikorslaser-1080-r\/"},"modified":"2021-11-29T13:58:27","modified_gmt":"2021-11-29T13:58:27","slug":"multikorslaser-1080-r","status":"publish","type":"product","link":"https:\/\/limittools.test.consids5.se\/sv\/product\/multikorslaser-1080-r\/","title":{"rendered":"MULTIKORSLASER 1080-R"},"content":{"rendered":"<p>Multikorslaser med r\u00f6tt laserljus som visar 3 st mycket ljusstarka 360\u00b0-linjer. En horisontell 360\u00b0 linje samt tv\u00e5 vertikala 360\u00b0 linjer som t\u00e4nds 90\u00b0 vinkelr\u00e4tt till varandra.<br \/>\nLinjerna kan t\u00e4ndas var f\u00f6r sig eller samtidigt. Sj\u00e4lvnivellerande med magnetisk pendeld\u00e4mpning som varnar med blinkande laser och ljud n\u00e4r lasern ej klarar att nivellera, funktioen kan kopplas ifr\u00e5n f\u00f6r att visa en lutande linje.  En mekanisk l\u00e5sning av pendelmekanismen fungerar som b\u00e5de huvudstr\u00f6mbrytare och transports\u00e4kring. Limit 1080 har \u00e4ven pulserande ljus f\u00f6r anv\u00e4ndning utomhus och i ljusa lokaler ihop med en separat lasermottagare 17862-0209 (ing\u00e5r ej).<br \/>\nDrivs med AA-batterier eller via laddningsbar batteri och laddare (s\u00e4ljs separat). Levereras med justerbart 3-benstativ (237-500mm), magnetf\u00e4ste, reflektortavla samt AA-batterier i en skyddsv\u00e4ska. Laddningsbart batteri samt laddare finns som tillval.<br \/>\nAdapter 181120205 kan beh\u00f6vas till tillbeh\u00f6ren 181120106, 200570109, 178650800, 178680104 &amp; 178690103.<\/p>\n","protected":false},"excerpt":{"rendered":"Multikorslaser med r\u00f6tt laserljus som visar 3 st mycket ljusstarka 360\u00b0-linjer. En horisontell 360\u00b0 linje samt tv\u00e5 vertikala 360\u00b0 linjer [&hellip;]","protected":false},"featured_media":0,"comment_status":"closed","ping_status":"closed","template":"","meta":{"_acf_changed":false},"product_cat":[427,284],"product_tag":[],"class_list":{"0":"post-3354","1":"product","2":"type-product","3":"status-publish","5":"product_cat-korslaser-sv","6":"product_cat-laserinstrument-sv","8":"first","9":"instock","10":"shipping-taxable","11":"product-type-simple"},"acf":[],"yoast_head":"<!-- This site is optimized with the Yoast SEO plugin v23.2 - https:\/\/yoast.com\/wordpress\/plugins\/seo\/ -->\n<title>MULTIKORSLASER 1080-R - Precision measuring instruments | Limit<\/title>\n<meta name=\"robots\" content=\"index, follow, max-snippet:-1, max-image-preview:large, max-video-preview:-1\" \/>\n<link rel=\"canonical\" href=\"https:\/\/limittools.test.consids5.se\/sv\/product\/multikorslaser-1080-r\/\" \/>\n<meta property=\"og:locale\" content=\"sv_SE\" \/>\n<meta property=\"og:type\" content=\"article\" \/>\n<meta property=\"og:title\" content=\"MULTIKORSLASER 1080-R - Precision measuring instruments | Limit\" \/>\n<meta property=\"og:description\" content=\"Multikorslaser med r\u00f6tt laserljus som visar 3 st mycket ljusstarka 360\u00b0-linjer. En horisontell 360\u00b0 linje samt tv\u00e5 vertikala 360\u00b0 linjer [&hellip;]\" \/>\n<meta property=\"og:url\" content=\"https:\/\/limittools.test.consids5.se\/sv\/product\/multikorslaser-1080-r\/\" \/>\n<meta property=\"og:site_name\" content=\"Precision measuring instruments | Limit\" \/>\n<meta property=\"article:publisher\" content=\"https:\/\/www.facebook.com\/limittools\/\" \/>\n<meta name=\"twitter:card\" content=\"summary_large_image\" \/>\n<meta name=\"twitter:label1\" content=\"Est. reading time\" \/>\n\t<meta name=\"twitter:data1\" content=\"1 minute\" \/>\n<script type=\"application\/ld+json\" class=\"yoast-schema-graph\">{\"@context\":\"https:\/\/schema.org\",\"@graph\":[{\"@type\":\"WebPage\",\"@id\":\"https:\/\/limittools.test.consids5.se\/sv\/product\/multikorslaser-1080-r\/\",\"url\":\"https:\/\/limittools.test.consids5.se\/sv\/product\/multikorslaser-1080-r\/\",\"name\":\"MULTIKORSLASER 1080-R - Precision measuring instruments | Limit\",\"isPartOf\":{\"@id\":\"https:\/\/limittools.test.consids5.se\/#website\"},\"datePublished\":\"2021-11-29T13:58:27+00:00\",\"dateModified\":\"2021-11-29T13:58:27+00:00\",\"breadcrumb\":{\"@id\":\"https:\/\/limittools.test.consids5.se\/sv\/product\/multikorslaser-1080-r\/#breadcrumb\"},\"inLanguage\":\"sv-SE\",\"potentialAction\":[{\"@type\":\"ReadAction\",\"target\":[\"https:\/\/limittools.test.consids5.se\/sv\/product\/multikorslaser-1080-r\/\"]}]},{\"@type\":\"BreadcrumbList\",\"@id\":\"https:\/\/limittools.test.consids5.se\/sv\/product\/multikorslaser-1080-r\/#breadcrumb\",\"itemListElement\":[{\"@type\":\"ListItem\",\"position\":1,\"name\":\"Products\",\"item\":\"https:\/\/limittools.test.consids5.se\/products\/\"},{\"@type\":\"ListItem\",\"position\":2,\"name\":\"MULTIKORSLASER 1080-R\"}]},{\"@type\":\"WebSite\",\"@id\":\"https:\/\/limittools.test.consids5.se\/#website\",\"url\":\"https:\/\/limittools.test.consids5.se\/\",\"name\":\"Precision measuring instruments | Limit\",\"description\":\"Everything can be measured\",\"potentialAction\":[{\"@type\":\"SearchAction\",\"target\":{\"@type\":\"EntryPoint\",\"urlTemplate\":\"https:\/\/limittools.test.consids5.se\/?s={search_term_string}\"},\"query-input\":\"required name=search_term_string\"}],\"inLanguage\":\"sv-SE\"}]}<\/script>\n<!-- \/ Yoast SEO plugin. -->","yoast_head_json":{"title":"MULTIKORSLASER 1080-R - Precision measuring instruments | Limit","robots":{"index":"index","follow":"follow","max-snippet":"max-snippet:-1","max-image-preview":"max-image-preview:large","max-video-preview":"max-video-preview:-1"},"canonical":"https:\/\/limittools.test.consids5.se\/sv\/product\/multikorslaser-1080-r\/","og_locale":"sv_SE","og_type":"article","og_title":"MULTIKORSLASER 1080-R - Precision measuring instruments | Limit","og_description":"Multikorslaser med r\u00f6tt laserljus som visar 3 st mycket ljusstarka 360\u00b0-linjer. En horisontell 360\u00b0 linje samt tv\u00e5 vertikala 360\u00b0 linjer [&hellip;]","og_url":"https:\/\/limittools.test.consids5.se\/sv\/product\/multikorslaser-1080-r\/","og_site_name":"Precision measuring instruments | Limit","article_publisher":"https:\/\/www.facebook.com\/limittools\/","twitter_card":"summary_large_image","twitter_misc":{"Est. reading time":"1 minute"},"schema":{"@context":"https:\/\/schema.org","@graph":[{"@type":"WebPage","@id":"https:\/\/limittools.test.consids5.se\/sv\/product\/multikorslaser-1080-r\/","url":"https:\/\/limittools.test.consids5.se\/sv\/product\/multikorslaser-1080-r\/","name":"MULTIKORSLASER 1080-R - Precision measuring instruments | Limit","isPartOf":{"@id":"https:\/\/limittools.test.consids5.se\/#website"},"datePublished":"2021-11-29T13:58:27+00:00","dateModified":"2021-11-29T13:58:27+00:00","breadcrumb":{"@id":"https:\/\/limittools.test.consids5.se\/sv\/product\/multikorslaser-1080-r\/#breadcrumb"},"inLanguage":"sv-SE","potentialAction":[{"@type":"ReadAction","target":["https:\/\/limittools.test.consids5.se\/sv\/product\/multikorslaser-1080-r\/"]}]},{"@type":"BreadcrumbList","@id":"https:\/\/limittools.test.consids5.se\/sv\/product\/multikorslaser-1080-r\/#breadcrumb","itemListElement":[{"@type":"ListItem","position":1,"name":"Products","item":"https:\/\/limittools.test.consids5.se\/products\/"},{"@type":"ListItem","position":2,"name":"MULTIKORSLASER 1080-R"}]},{"@type":"WebSite","@id":"https:\/\/limittools.test.consids5.se\/#website","url":"https:\/\/limittools.test.consids5.se\/","name":"Precision measuring instruments | Limit","description":"Everything can be measured","potentialAction":[{"@type":"SearchAction","target":{"@type":"EntryPoint","urlTemplate":"https:\/\/limittools.test.consids5.se\/?s={search_term_string}"},"query-input":"required name=search_term_string"}],"inLanguage":"sv-SE"}]}},"_links":{"self":[{"href":"https:\/\/limittools.test.consids5.se\/sv\/wp-json\/wp\/v2\/product\/3354"}],"collection":[{"href":"https:\/\/limittools.test.consids5.se\/sv\/wp-json\/wp\/v2\/product"}],"about":[{"href":"https:\/\/limittools.test.consids5.se\/sv\/wp-json\/wp\/v2\/types\/product"}],"replies":[{"embeddable":true,"href":"https:\/\/limittools.test.consids5.se\/sv\/wp-json\/wp\/v2\/comments?post=3354"}],"wp:attachment":[{"href":"https:\/\/limittools.test.consids5.se\/sv\/wp-json\/wp\/v2\/media?parent=3354"}],"wp:term":[{"taxonomy":"product_cat","embeddable":true,"href":"https:\/\/limittools.test.consids5.se\/sv\/wp-json\/wp\/v2\/product_cat?post=3354"},{"taxonomy":"product_tag","embeddable":true,"href":"https:\/\/limittools.test.consids5.se\/sv\/wp-json\/wp\/v2\/product_tag?post=3354"}],"curies":[{"name":"wp","href":"https:\/\/api.w.org\/{rel}","templated":true}]}}