{"id":3378,"date":"2026-04-08T17:37:43","date_gmt":"2026-04-08T17:37:43","guid":{"rendered":"http:\/\/limit-tools.local\/product\/paketvag-digital-lem7-25\/"},"modified":"2026-04-08T17:37:43","modified_gmt":"2026-04-08T17:37:43","slug":"paketvag-digital-lem7-25","status":"publish","type":"product","link":"https:\/\/limittools.test.consids5.se\/sv\/product\/paketvag-digital-lem7-25\/","title":{"rendered":"PAKETV\u00c5G DIGITAL LEM7-2,5"},"content":{"rendered":"<p>Elektroniska bordsv\u00e5gar med digital visning i kompaktutf\u00f6rande.<br \/>\nLEM7-0,5 Pocketv\u00e5g: Pekdisplay med stora l\u00e4ttavl\u00e4sta siffror och bakgrundsbelysning. Funktionsramar f\u00f6r till\/fr\u00e5n, snabbtara-, r\u00e4knefunktion och olika v\u00e4gningsenheter. Batteridrift, skyddslock f\u00f6r hela \u00f6verdelen inkl. den rostfria belastningsplattan. Batteridrift 2 st 1.5V typ AAA ing\u00e5r.<br \/>\nLEM7 1,2-10 = Precisionsv\u00e5g: Display med stora l\u00e4ttavl\u00e4sta siffror. Funktionstangenter f\u00f6r till\/fr\u00e5n, noll\u00e4ge\/tara, r\u00e4knefunktion och olika v\u00e4gningsenheter. Rostfri platta. N\u00e4tanslutning 230 V eller batteridrift. Levereras med n\u00e4tadapter. (6st AA batterier ing\u00e5r ej ).<\/p>\n","protected":false},"excerpt":{"rendered":"Elektroniska bordsv\u00e5gar med digital visning i kompaktutf\u00f6rande. LEM7-0,5 Pocketv\u00e5g: Pekdisplay med stora l\u00e4ttavl\u00e4sta siffror och bakgrundsbelysning. Funktionsramar f\u00f6r till\/fr\u00e5n, snabbtara-, [&hellip;]","protected":false},"featured_media":0,"comment_status":"closed","ping_status":"closed","template":"","meta":{"_acf_changed":false},"product_cat":[430,306],"product_tag":[],"class_list":{"0":"post-3378","1":"product","2":"type-product","3":"status-publish","5":"product_cat-paketvagar-sv","6":"product_cat-vagar-sv","8":"first","9":"instock","10":"shipping-taxable","11":"product-type-simple"},"acf":[],"yoast_head":"<!-- This site is optimized with the Yoast SEO plugin v23.2 - https:\/\/yoast.com\/wordpress\/plugins\/seo\/ -->\n<title>PAKETV\u00c5G DIGITAL LEM7-2,5 - Precision measuring instruments | Limit<\/title>\n<meta name=\"robots\" content=\"index, follow, max-snippet:-1, max-image-preview:large, max-video-preview:-1\" \/>\n<link rel=\"canonical\" href=\"https:\/\/limittools.test.consids5.se\/sv\/product\/paketvag-digital-lem7-25\/\" \/>\n<meta property=\"og:locale\" content=\"sv_SE\" \/>\n<meta property=\"og:type\" content=\"article\" \/>\n<meta property=\"og:title\" content=\"PAKETV\u00c5G DIGITAL LEM7-2,5 - Precision measuring instruments | Limit\" \/>\n<meta property=\"og:description\" content=\"Elektroniska bordsv\u00e5gar med digital visning i kompaktutf\u00f6rande. LEM7-0,5 Pocketv\u00e5g: Pekdisplay med stora l\u00e4ttavl\u00e4sta siffror och bakgrundsbelysning. Funktionsramar f\u00f6r till\/fr\u00e5n, snabbtara-, [&hellip;]\" \/>\n<meta property=\"og:url\" content=\"https:\/\/limittools.test.consids5.se\/sv\/product\/paketvag-digital-lem7-25\/\" \/>\n<meta property=\"og:site_name\" content=\"Precision measuring instruments | Limit\" \/>\n<meta property=\"article:publisher\" content=\"https:\/\/www.facebook.com\/limittools\/\" \/>\n<meta name=\"twitter:card\" content=\"summary_large_image\" \/>\n<script type=\"application\/ld+json\" class=\"yoast-schema-graph\">{\"@context\":\"https:\/\/schema.org\",\"@graph\":[{\"@type\":\"WebPage\",\"@id\":\"https:\/\/limittools.test.consids5.se\/sv\/product\/paketvag-digital-lem7-25\/\",\"url\":\"https:\/\/limittools.test.consids5.se\/sv\/product\/paketvag-digital-lem7-25\/\",\"name\":\"PAKETV\u00c5G DIGITAL LEM7-2,5 - Precision measuring instruments | Limit\",\"isPartOf\":{\"@id\":\"https:\/\/limittools.test.consids5.se\/#website\"},\"datePublished\":\"2026-04-08T17:37:43+00:00\",\"dateModified\":\"2026-04-08T17:37:43+00:00\",\"breadcrumb\":{\"@id\":\"https:\/\/limittools.test.consids5.se\/sv\/product\/paketvag-digital-lem7-25\/#breadcrumb\"},\"inLanguage\":\"sv-SE\",\"potentialAction\":[{\"@type\":\"ReadAction\",\"target\":[\"https:\/\/limittools.test.consids5.se\/sv\/product\/paketvag-digital-lem7-25\/\"]}]},{\"@type\":\"BreadcrumbList\",\"@id\":\"https:\/\/limittools.test.consids5.se\/sv\/product\/paketvag-digital-lem7-25\/#breadcrumb\",\"itemListElement\":[{\"@type\":\"ListItem\",\"position\":1,\"name\":\"Products\",\"item\":\"https:\/\/limittools.test.consids5.se\/products\/\"},{\"@type\":\"ListItem\",\"position\":2,\"name\":\"PAKETV\u00c5G DIGITAL LEM7-2,5\"}]},{\"@type\":\"WebSite\",\"@id\":\"https:\/\/limittools.test.consids5.se\/#website\",\"url\":\"https:\/\/limittools.test.consids5.se\/\",\"name\":\"Precision measuring instruments | Limit\",\"description\":\"Everything can be measured\",\"potentialAction\":[{\"@type\":\"SearchAction\",\"target\":{\"@type\":\"EntryPoint\",\"urlTemplate\":\"https:\/\/limittools.test.consids5.se\/?s={search_term_string}\"},\"query-input\":\"required name=search_term_string\"}],\"inLanguage\":\"sv-SE\"}]}<\/script>\n<!-- \/ Yoast SEO plugin. -->","yoast_head_json":{"title":"PAKETV\u00c5G DIGITAL LEM7-2,5 - Precision measuring instruments | Limit","robots":{"index":"index","follow":"follow","max-snippet":"max-snippet:-1","max-image-preview":"max-image-preview:large","max-video-preview":"max-video-preview:-1"},"canonical":"https:\/\/limittools.test.consids5.se\/sv\/product\/paketvag-digital-lem7-25\/","og_locale":"sv_SE","og_type":"article","og_title":"PAKETV\u00c5G DIGITAL LEM7-2,5 - Precision measuring instruments | Limit","og_description":"Elektroniska bordsv\u00e5gar med digital visning i kompaktutf\u00f6rande. LEM7-0,5 Pocketv\u00e5g: Pekdisplay med stora l\u00e4ttavl\u00e4sta siffror och bakgrundsbelysning. Funktionsramar f\u00f6r till\/fr\u00e5n, snabbtara-, [&hellip;]","og_url":"https:\/\/limittools.test.consids5.se\/sv\/product\/paketvag-digital-lem7-25\/","og_site_name":"Precision measuring instruments | Limit","article_publisher":"https:\/\/www.facebook.com\/limittools\/","twitter_card":"summary_large_image","schema":{"@context":"https:\/\/schema.org","@graph":[{"@type":"WebPage","@id":"https:\/\/limittools.test.consids5.se\/sv\/product\/paketvag-digital-lem7-25\/","url":"https:\/\/limittools.test.consids5.se\/sv\/product\/paketvag-digital-lem7-25\/","name":"PAKETV\u00c5G DIGITAL LEM7-2,5 - Precision measuring instruments | Limit","isPartOf":{"@id":"https:\/\/limittools.test.consids5.se\/#website"},"datePublished":"2026-04-08T17:37:43+00:00","dateModified":"2026-04-08T17:37:43+00:00","breadcrumb":{"@id":"https:\/\/limittools.test.consids5.se\/sv\/product\/paketvag-digital-lem7-25\/#breadcrumb"},"inLanguage":"sv-SE","potentialAction":[{"@type":"ReadAction","target":["https:\/\/limittools.test.consids5.se\/sv\/product\/paketvag-digital-lem7-25\/"]}]},{"@type":"BreadcrumbList","@id":"https:\/\/limittools.test.consids5.se\/sv\/product\/paketvag-digital-lem7-25\/#breadcrumb","itemListElement":[{"@type":"ListItem","position":1,"name":"Products","item":"https:\/\/limittools.test.consids5.se\/products\/"},{"@type":"ListItem","position":2,"name":"PAKETV\u00c5G DIGITAL LEM7-2,5"}]},{"@type":"WebSite","@id":"https:\/\/limittools.test.consids5.se\/#website","url":"https:\/\/limittools.test.consids5.se\/","name":"Precision measuring instruments | Limit","description":"Everything can be measured","potentialAction":[{"@type":"SearchAction","target":{"@type":"EntryPoint","urlTemplate":"https:\/\/limittools.test.consids5.se\/?s={search_term_string}"},"query-input":"required name=search_term_string"}],"inLanguage":"sv-SE"}]}},"_links":{"self":[{"href":"https:\/\/limittools.test.consids5.se\/sv\/wp-json\/wp\/v2\/product\/3378"}],"collection":[{"href":"https:\/\/limittools.test.consids5.se\/sv\/wp-json\/wp\/v2\/product"}],"about":[{"href":"https:\/\/limittools.test.consids5.se\/sv\/wp-json\/wp\/v2\/types\/product"}],"replies":[{"embeddable":true,"href":"https:\/\/limittools.test.consids5.se\/sv\/wp-json\/wp\/v2\/comments?post=3378"}],"wp:attachment":[{"href":"https:\/\/limittools.test.consids5.se\/sv\/wp-json\/wp\/v2\/media?parent=3378"}],"wp:term":[{"taxonomy":"product_cat","embeddable":true,"href":"https:\/\/limittools.test.consids5.se\/sv\/wp-json\/wp\/v2\/product_cat?post=3378"},{"taxonomy":"product_tag","embeddable":true,"href":"https:\/\/limittools.test.consids5.se\/sv\/wp-json\/wp\/v2\/product_tag?post=3378"}],"curies":[{"name":"wp","href":"https:\/\/api.w.org\/{rel}","templated":true}]}}