{"id":3406,"date":"2025-01-22T08:53:50","date_gmt":"2025-01-22T08:53:50","guid":{"rendered":"http:\/\/limit-tools.local\/product\/varvtalsmatare-limit-2200\/"},"modified":"2025-01-22T08:53:50","modified_gmt":"2025-01-22T08:53:50","slug":"varvtalsmatare-limit-2200","status":"publish","type":"product","link":"https:\/\/limittools.test.consids5.se\/sv\/product\/varvtalsmatare-limit-2200\/","title":{"rendered":"VARVTALSM\u00c4TARE LIMIT 2200"},"content":{"rendered":"<p>Digital varvtalsm\u00e4tare\/antalsr\u00e4knare med optisk ber\u00f6ringsfri avl\u00e4sning. Rikta laserpunkten mot en reflekterande tejp eller annan kontrastverkande del p\u00e5 det roterande f\u00f6rem\u00e5let och avl\u00e4s varvtalet. Alternativt kan antal f\u00f6rem\u00e5l r\u00e4knas under en m\u00e4tperiod. M\u00e4tv\u00e4rdet kan l\u00e5sas samt registrera min- max- och medelv\u00e4rde.<br \/>\nLevereras med reflekterande tejp, batteri och bruksanvisning.<\/p>\n","protected":false},"excerpt":{"rendered":"Digital varvtalsm\u00e4tare\/antalsr\u00e4knare med optisk ber\u00f6ringsfri avl\u00e4sning. Rikta laserpunkten mot en reflekterande tejp eller annan kontrastverkande del p\u00e5 det roterande f\u00f6rem\u00e5let [&hellip;]","protected":false},"featured_media":0,"comment_status":"closed","ping_status":"closed","template":"","meta":{"_acf_changed":false},"product_cat":[324,325],"product_tag":[],"class_list":{"0":"post-3406","1":"product","2":"type-product","3":"status-publish","5":"product_cat-inspektion-sv","6":"product_cat-varvtalsmatare-sv","8":"first","9":"instock","10":"shipping-taxable","11":"product-type-simple"},"acf":[],"yoast_head":"<!-- This site is optimized with the Yoast SEO plugin v23.2 - https:\/\/yoast.com\/wordpress\/plugins\/seo\/ -->\n<title>VARVTALSM\u00c4TARE LIMIT 2200 - Precision measuring instruments | Limit<\/title>\n<meta name=\"robots\" content=\"index, follow, max-snippet:-1, max-image-preview:large, max-video-preview:-1\" \/>\n<link rel=\"canonical\" href=\"https:\/\/limittools.test.consids5.se\/sv\/product\/varvtalsmatare-limit-2200\/\" \/>\n<meta property=\"og:locale\" content=\"sv_SE\" \/>\n<meta property=\"og:type\" content=\"article\" \/>\n<meta property=\"og:title\" content=\"VARVTALSM\u00c4TARE LIMIT 2200 - Precision measuring instruments | Limit\" \/>\n<meta property=\"og:description\" content=\"Digital varvtalsm\u00e4tare\/antalsr\u00e4knare med optisk ber\u00f6ringsfri avl\u00e4sning. Rikta laserpunkten mot en reflekterande tejp eller annan kontrastverkande del p\u00e5 det roterande f\u00f6rem\u00e5let [&hellip;]\" \/>\n<meta property=\"og:url\" content=\"https:\/\/limittools.test.consids5.se\/sv\/product\/varvtalsmatare-limit-2200\/\" \/>\n<meta property=\"og:site_name\" content=\"Precision measuring instruments | Limit\" \/>\n<meta property=\"article:publisher\" content=\"https:\/\/www.facebook.com\/limittools\/\" \/>\n<meta name=\"twitter:card\" content=\"summary_large_image\" \/>\n<script type=\"application\/ld+json\" class=\"yoast-schema-graph\">{\"@context\":\"https:\/\/schema.org\",\"@graph\":[{\"@type\":\"WebPage\",\"@id\":\"https:\/\/limittools.test.consids5.se\/sv\/product\/varvtalsmatare-limit-2200\/\",\"url\":\"https:\/\/limittools.test.consids5.se\/sv\/product\/varvtalsmatare-limit-2200\/\",\"name\":\"VARVTALSM\u00c4TARE LIMIT 2200 - Precision measuring instruments | Limit\",\"isPartOf\":{\"@id\":\"https:\/\/limittools.test.consids5.se\/#website\"},\"datePublished\":\"2025-01-22T08:53:50+00:00\",\"dateModified\":\"2025-01-22T08:53:50+00:00\",\"breadcrumb\":{\"@id\":\"https:\/\/limittools.test.consids5.se\/sv\/product\/varvtalsmatare-limit-2200\/#breadcrumb\"},\"inLanguage\":\"sv-SE\",\"potentialAction\":[{\"@type\":\"ReadAction\",\"target\":[\"https:\/\/limittools.test.consids5.se\/sv\/product\/varvtalsmatare-limit-2200\/\"]}]},{\"@type\":\"BreadcrumbList\",\"@id\":\"https:\/\/limittools.test.consids5.se\/sv\/product\/varvtalsmatare-limit-2200\/#breadcrumb\",\"itemListElement\":[{\"@type\":\"ListItem\",\"position\":1,\"name\":\"Products\",\"item\":\"https:\/\/limittools.test.consids5.se\/products\/\"},{\"@type\":\"ListItem\",\"position\":2,\"name\":\"VARVTALSM\u00c4TARE LIMIT 2200\"}]},{\"@type\":\"WebSite\",\"@id\":\"https:\/\/limittools.test.consids5.se\/#website\",\"url\":\"https:\/\/limittools.test.consids5.se\/\",\"name\":\"Precision measuring instruments | Limit\",\"description\":\"Everything can be measured\",\"potentialAction\":[{\"@type\":\"SearchAction\",\"target\":{\"@type\":\"EntryPoint\",\"urlTemplate\":\"https:\/\/limittools.test.consids5.se\/?s={search_term_string}\"},\"query-input\":\"required name=search_term_string\"}],\"inLanguage\":\"sv-SE\"}]}<\/script>\n<!-- \/ Yoast SEO plugin. -->","yoast_head_json":{"title":"VARVTALSM\u00c4TARE LIMIT 2200 - Precision measuring instruments | Limit","robots":{"index":"index","follow":"follow","max-snippet":"max-snippet:-1","max-image-preview":"max-image-preview:large","max-video-preview":"max-video-preview:-1"},"canonical":"https:\/\/limittools.test.consids5.se\/sv\/product\/varvtalsmatare-limit-2200\/","og_locale":"sv_SE","og_type":"article","og_title":"VARVTALSM\u00c4TARE LIMIT 2200 - Precision measuring instruments | Limit","og_description":"Digital varvtalsm\u00e4tare\/antalsr\u00e4knare med optisk ber\u00f6ringsfri avl\u00e4sning. Rikta laserpunkten mot en reflekterande tejp eller annan kontrastverkande del p\u00e5 det roterande f\u00f6rem\u00e5let [&hellip;]","og_url":"https:\/\/limittools.test.consids5.se\/sv\/product\/varvtalsmatare-limit-2200\/","og_site_name":"Precision measuring instruments | Limit","article_publisher":"https:\/\/www.facebook.com\/limittools\/","twitter_card":"summary_large_image","schema":{"@context":"https:\/\/schema.org","@graph":[{"@type":"WebPage","@id":"https:\/\/limittools.test.consids5.se\/sv\/product\/varvtalsmatare-limit-2200\/","url":"https:\/\/limittools.test.consids5.se\/sv\/product\/varvtalsmatare-limit-2200\/","name":"VARVTALSM\u00c4TARE LIMIT 2200 - Precision measuring instruments | Limit","isPartOf":{"@id":"https:\/\/limittools.test.consids5.se\/#website"},"datePublished":"2025-01-22T08:53:50+00:00","dateModified":"2025-01-22T08:53:50+00:00","breadcrumb":{"@id":"https:\/\/limittools.test.consids5.se\/sv\/product\/varvtalsmatare-limit-2200\/#breadcrumb"},"inLanguage":"sv-SE","potentialAction":[{"@type":"ReadAction","target":["https:\/\/limittools.test.consids5.se\/sv\/product\/varvtalsmatare-limit-2200\/"]}]},{"@type":"BreadcrumbList","@id":"https:\/\/limittools.test.consids5.se\/sv\/product\/varvtalsmatare-limit-2200\/#breadcrumb","itemListElement":[{"@type":"ListItem","position":1,"name":"Products","item":"https:\/\/limittools.test.consids5.se\/products\/"},{"@type":"ListItem","position":2,"name":"VARVTALSM\u00c4TARE LIMIT 2200"}]},{"@type":"WebSite","@id":"https:\/\/limittools.test.consids5.se\/#website","url":"https:\/\/limittools.test.consids5.se\/","name":"Precision measuring instruments | Limit","description":"Everything can be measured","potentialAction":[{"@type":"SearchAction","target":{"@type":"EntryPoint","urlTemplate":"https:\/\/limittools.test.consids5.se\/?s={search_term_string}"},"query-input":"required name=search_term_string"}],"inLanguage":"sv-SE"}]}},"_links":{"self":[{"href":"https:\/\/limittools.test.consids5.se\/sv\/wp-json\/wp\/v2\/product\/3406"}],"collection":[{"href":"https:\/\/limittools.test.consids5.se\/sv\/wp-json\/wp\/v2\/product"}],"about":[{"href":"https:\/\/limittools.test.consids5.se\/sv\/wp-json\/wp\/v2\/types\/product"}],"replies":[{"embeddable":true,"href":"https:\/\/limittools.test.consids5.se\/sv\/wp-json\/wp\/v2\/comments?post=3406"}],"wp:attachment":[{"href":"https:\/\/limittools.test.consids5.se\/sv\/wp-json\/wp\/v2\/media?parent=3406"}],"wp:term":[{"taxonomy":"product_cat","embeddable":true,"href":"https:\/\/limittools.test.consids5.se\/sv\/wp-json\/wp\/v2\/product_cat?post=3406"},{"taxonomy":"product_tag","embeddable":true,"href":"https:\/\/limittools.test.consids5.se\/sv\/wp-json\/wp\/v2\/product_tag?post=3406"}],"curies":[{"name":"wp","href":"https:\/\/api.w.org\/{rel}","templated":true}]}}