{"id":3459,"date":"2025-01-22T08:54:11","date_gmt":"2025-01-22T08:54:11","guid":{"rendered":"http:\/\/limit-tools.local\/product\/spanningsdetektor-limit-100\/"},"modified":"2025-01-22T08:54:11","modified_gmt":"2025-01-22T08:54:11","slug":"spanningsdetektor-limit-100","status":"publish","type":"product","link":"https:\/\/limittools.test.consids5.se\/sv\/product\/spanningsdetektor-limit-100\/","title":{"rendered":"SP\u00c4NNINGSDETEKTOR LIMIT 100"},"content":{"rendered":"<p>Sp\u00e4nningsdetektor f\u00f6r kontroll av sp\u00e4nning i kablar och v\u00e4gguttag eller lokalisering av kabelbrott. Skilja fas fr\u00e5n nolla. Ingen direktkontakt med str\u00f6mf\u00f6rande ytor. H\u00e5ll detektorns spets intill en kabel eller en kontaktyta. Ljus och ljudsignal indikerar f\u00f6rekomst av sp\u00e4nning. Ljudsignalen kan st\u00e4ngas av. B\u00e5de automatisk och manuell avst\u00e4ngning. Instrumentet kontrollerar kontinuerligt funktion och batteri och visar det med en regelbunden ljusblinkning. Isolation CAT IV 1000V.<br \/>\nLevereras med batteri och svensk bruksanvisning.<\/p>\n","protected":false},"excerpt":{"rendered":"Sp\u00e4nningsdetektor f\u00f6r kontroll av sp\u00e4nning i kablar och v\u00e4gguttag eller lokalisering av kabelbrott. Skilja fas fr\u00e5n nolla. Ingen direktkontakt med [&hellip;]","protected":false},"featured_media":0,"comment_status":"closed","ping_status":"closed","template":"","meta":{"_acf_changed":false},"product_cat":[343,485],"product_tag":[],"class_list":{"0":"post-3459","1":"product","2":"type-product","3":"status-publish","5":"product_cat-eltest-sv","6":"product_cat-spanningsdetektorer-sv","8":"first","9":"instock","10":"shipping-taxable","11":"product-type-simple"},"acf":[],"yoast_head":"<!-- This site is optimized with the Yoast SEO plugin v23.2 - https:\/\/yoast.com\/wordpress\/plugins\/seo\/ -->\n<title>SP\u00c4NNINGSDETEKTOR LIMIT 100 - Precision measuring instruments | Limit<\/title>\n<meta name=\"robots\" content=\"index, follow, max-snippet:-1, max-image-preview:large, max-video-preview:-1\" \/>\n<link rel=\"canonical\" href=\"https:\/\/limittools.test.consids5.se\/sv\/product\/spanningsdetektor-limit-100\/\" \/>\n<meta property=\"og:locale\" content=\"sv_SE\" \/>\n<meta property=\"og:type\" content=\"article\" \/>\n<meta property=\"og:title\" content=\"SP\u00c4NNINGSDETEKTOR LIMIT 100 - Precision measuring instruments | Limit\" \/>\n<meta property=\"og:description\" content=\"Sp\u00e4nningsdetektor f\u00f6r kontroll av sp\u00e4nning i kablar och v\u00e4gguttag eller lokalisering av kabelbrott. Skilja fas fr\u00e5n nolla. Ingen direktkontakt med [&hellip;]\" \/>\n<meta property=\"og:url\" content=\"https:\/\/limittools.test.consids5.se\/sv\/product\/spanningsdetektor-limit-100\/\" \/>\n<meta property=\"og:site_name\" content=\"Precision measuring instruments | Limit\" \/>\n<meta property=\"article:publisher\" content=\"https:\/\/www.facebook.com\/limittools\/\" \/>\n<meta name=\"twitter:card\" content=\"summary_large_image\" \/>\n<script type=\"application\/ld+json\" class=\"yoast-schema-graph\">{\"@context\":\"https:\/\/schema.org\",\"@graph\":[{\"@type\":\"WebPage\",\"@id\":\"https:\/\/limittools.test.consids5.se\/sv\/product\/spanningsdetektor-limit-100\/\",\"url\":\"https:\/\/limittools.test.consids5.se\/sv\/product\/spanningsdetektor-limit-100\/\",\"name\":\"SP\u00c4NNINGSDETEKTOR LIMIT 100 - Precision measuring instruments | Limit\",\"isPartOf\":{\"@id\":\"https:\/\/limittools.test.consids5.se\/#website\"},\"datePublished\":\"2025-01-22T08:54:11+00:00\",\"dateModified\":\"2025-01-22T08:54:11+00:00\",\"breadcrumb\":{\"@id\":\"https:\/\/limittools.test.consids5.se\/sv\/product\/spanningsdetektor-limit-100\/#breadcrumb\"},\"inLanguage\":\"sv-SE\",\"potentialAction\":[{\"@type\":\"ReadAction\",\"target\":[\"https:\/\/limittools.test.consids5.se\/sv\/product\/spanningsdetektor-limit-100\/\"]}]},{\"@type\":\"BreadcrumbList\",\"@id\":\"https:\/\/limittools.test.consids5.se\/sv\/product\/spanningsdetektor-limit-100\/#breadcrumb\",\"itemListElement\":[{\"@type\":\"ListItem\",\"position\":1,\"name\":\"Products\",\"item\":\"https:\/\/limittools.test.consids5.se\/products\/\"},{\"@type\":\"ListItem\",\"position\":2,\"name\":\"SP\u00c4NNINGSDETEKTOR LIMIT 100\"}]},{\"@type\":\"WebSite\",\"@id\":\"https:\/\/limittools.test.consids5.se\/#website\",\"url\":\"https:\/\/limittools.test.consids5.se\/\",\"name\":\"Precision measuring instruments | Limit\",\"description\":\"Everything can be measured\",\"potentialAction\":[{\"@type\":\"SearchAction\",\"target\":{\"@type\":\"EntryPoint\",\"urlTemplate\":\"https:\/\/limittools.test.consids5.se\/?s={search_term_string}\"},\"query-input\":\"required name=search_term_string\"}],\"inLanguage\":\"sv-SE\"}]}<\/script>\n<!-- \/ Yoast SEO plugin. -->","yoast_head_json":{"title":"SP\u00c4NNINGSDETEKTOR LIMIT 100 - Precision measuring instruments | Limit","robots":{"index":"index","follow":"follow","max-snippet":"max-snippet:-1","max-image-preview":"max-image-preview:large","max-video-preview":"max-video-preview:-1"},"canonical":"https:\/\/limittools.test.consids5.se\/sv\/product\/spanningsdetektor-limit-100\/","og_locale":"sv_SE","og_type":"article","og_title":"SP\u00c4NNINGSDETEKTOR LIMIT 100 - Precision measuring instruments | Limit","og_description":"Sp\u00e4nningsdetektor f\u00f6r kontroll av sp\u00e4nning i kablar och v\u00e4gguttag eller lokalisering av kabelbrott. Skilja fas fr\u00e5n nolla. Ingen direktkontakt med [&hellip;]","og_url":"https:\/\/limittools.test.consids5.se\/sv\/product\/spanningsdetektor-limit-100\/","og_site_name":"Precision measuring instruments | Limit","article_publisher":"https:\/\/www.facebook.com\/limittools\/","twitter_card":"summary_large_image","schema":{"@context":"https:\/\/schema.org","@graph":[{"@type":"WebPage","@id":"https:\/\/limittools.test.consids5.se\/sv\/product\/spanningsdetektor-limit-100\/","url":"https:\/\/limittools.test.consids5.se\/sv\/product\/spanningsdetektor-limit-100\/","name":"SP\u00c4NNINGSDETEKTOR LIMIT 100 - Precision measuring instruments | Limit","isPartOf":{"@id":"https:\/\/limittools.test.consids5.se\/#website"},"datePublished":"2025-01-22T08:54:11+00:00","dateModified":"2025-01-22T08:54:11+00:00","breadcrumb":{"@id":"https:\/\/limittools.test.consids5.se\/sv\/product\/spanningsdetektor-limit-100\/#breadcrumb"},"inLanguage":"sv-SE","potentialAction":[{"@type":"ReadAction","target":["https:\/\/limittools.test.consids5.se\/sv\/product\/spanningsdetektor-limit-100\/"]}]},{"@type":"BreadcrumbList","@id":"https:\/\/limittools.test.consids5.se\/sv\/product\/spanningsdetektor-limit-100\/#breadcrumb","itemListElement":[{"@type":"ListItem","position":1,"name":"Products","item":"https:\/\/limittools.test.consids5.se\/products\/"},{"@type":"ListItem","position":2,"name":"SP\u00c4NNINGSDETEKTOR LIMIT 100"}]},{"@type":"WebSite","@id":"https:\/\/limittools.test.consids5.se\/#website","url":"https:\/\/limittools.test.consids5.se\/","name":"Precision measuring instruments | Limit","description":"Everything can be measured","potentialAction":[{"@type":"SearchAction","target":{"@type":"EntryPoint","urlTemplate":"https:\/\/limittools.test.consids5.se\/?s={search_term_string}"},"query-input":"required name=search_term_string"}],"inLanguage":"sv-SE"}]}},"_links":{"self":[{"href":"https:\/\/limittools.test.consids5.se\/sv\/wp-json\/wp\/v2\/product\/3459"}],"collection":[{"href":"https:\/\/limittools.test.consids5.se\/sv\/wp-json\/wp\/v2\/product"}],"about":[{"href":"https:\/\/limittools.test.consids5.se\/sv\/wp-json\/wp\/v2\/types\/product"}],"replies":[{"embeddable":true,"href":"https:\/\/limittools.test.consids5.se\/sv\/wp-json\/wp\/v2\/comments?post=3459"}],"wp:attachment":[{"href":"https:\/\/limittools.test.consids5.se\/sv\/wp-json\/wp\/v2\/media?parent=3459"}],"wp:term":[{"taxonomy":"product_cat","embeddable":true,"href":"https:\/\/limittools.test.consids5.se\/sv\/wp-json\/wp\/v2\/product_cat?post=3459"},{"taxonomy":"product_tag","embeddable":true,"href":"https:\/\/limittools.test.consids5.se\/sv\/wp-json\/wp\/v2\/product_tag?post=3459"}],"curies":[{"name":"wp","href":"https:\/\/api.w.org\/{rel}","templated":true}]}}