{"id":3530,"date":"2026-04-08T17:38:56","date_gmt":"2026-04-08T17:38:56","guid":{"rendered":"http:\/\/limit-tools.local\/product\/fuktmatare-limit-6101\/"},"modified":"2026-04-08T17:38:56","modified_gmt":"2026-04-08T17:38:56","slug":"fuktmatare-limit-6101","status":"publish","type":"product","link":"https:\/\/limittools.test.consids5.se\/sv\/product\/fuktmatare-limit-6101\/","title":{"rendered":"FUKTM\u00c4TARE LIMIT 6101"},"content":{"rendered":"<p>L\u00e4ttanv\u00e4nd handh\u00e5llen fuktm\u00e4tare f\u00f6r m\u00e4tning av fuktkvot i timmer\/tr\u00e4 genom att trycka tv\u00e5 m\u00e4tspetsar in i materialet. M\u00e4tresultatet ges direkt i LCD-displayen, skyddsk\u00e5pan har ocks\u00e5 en kalibreringsdel f\u00f6r att s\u00e4kerst\u00e4lla noggranna m\u00e4tv\u00e4rden. Enheten har 5 material grupper som enkelt v\u00e4ljs beroende p\u00e5 vilket sorts tr\u00e4slag som man skall m\u00e4ta i. Display med 12 mm h\u00f6ga siffror och bakgrundsbelysning som st\u00e4nger av sig automatiskt efter 30 sekunder. L\u00e4mplig f\u00f6r snickare, husinspekt\u00f6rer, tr\u00e4arbetare och villa\u00e4gare. Batteri medf\u00f6ljer.<\/p>\n","protected":false},"excerpt":{"rendered":"L\u00e4ttanv\u00e4nd handh\u00e5llen fuktm\u00e4tare f\u00f6r m\u00e4tning av fuktkvot i timmer\/tr\u00e4 genom att trycka tv\u00e5 m\u00e4tspetsar in i materialet. M\u00e4tresultatet ges direkt [&hellip;]","protected":false},"featured_media":0,"comment_status":"closed","ping_status":"closed","template":"","meta":{"_acf_changed":false},"product_cat":[1813,525],"product_tag":[],"class_list":{"0":"post-3530","1":"product","2":"type-product","3":"status-publish","5":"product_cat-fuktmatare-sv-klimat-och-miljomat-instrument-sv-13","6":"product_cat-klimat-och-miljomat-instrument-sv","8":"first","9":"instock","10":"shipping-taxable","11":"product-type-simple"},"acf":[],"yoast_head":"<!-- This site is optimized with the Yoast SEO plugin v23.2 - https:\/\/yoast.com\/wordpress\/plugins\/seo\/ -->\n<title>FUKTM\u00c4TARE LIMIT 6101 - Precision measuring instruments | Limit<\/title>\n<meta name=\"robots\" content=\"index, follow, max-snippet:-1, max-image-preview:large, max-video-preview:-1\" \/>\n<link rel=\"canonical\" href=\"https:\/\/limittools.test.consids5.se\/sv\/product\/fuktmatare-limit-6101\/\" \/>\n<meta property=\"og:locale\" content=\"sv_SE\" \/>\n<meta property=\"og:type\" content=\"article\" \/>\n<meta property=\"og:title\" content=\"FUKTM\u00c4TARE LIMIT 6101 - Precision measuring instruments | Limit\" \/>\n<meta property=\"og:description\" content=\"L\u00e4ttanv\u00e4nd handh\u00e5llen fuktm\u00e4tare f\u00f6r m\u00e4tning av fuktkvot i timmer\/tr\u00e4 genom att trycka tv\u00e5 m\u00e4tspetsar in i materialet. M\u00e4tresultatet ges direkt [&hellip;]\" \/>\n<meta property=\"og:url\" content=\"https:\/\/limittools.test.consids5.se\/sv\/product\/fuktmatare-limit-6101\/\" \/>\n<meta property=\"og:site_name\" content=\"Precision measuring instruments | Limit\" \/>\n<meta property=\"article:publisher\" content=\"https:\/\/www.facebook.com\/limittools\/\" \/>\n<meta name=\"twitter:card\" content=\"summary_large_image\" \/>\n<script type=\"application\/ld+json\" class=\"yoast-schema-graph\">{\"@context\":\"https:\/\/schema.org\",\"@graph\":[{\"@type\":\"WebPage\",\"@id\":\"https:\/\/limittools.test.consids5.se\/sv\/product\/fuktmatare-limit-6101\/\",\"url\":\"https:\/\/limittools.test.consids5.se\/sv\/product\/fuktmatare-limit-6101\/\",\"name\":\"FUKTM\u00c4TARE LIMIT 6101 - Precision measuring instruments | Limit\",\"isPartOf\":{\"@id\":\"https:\/\/limittools.test.consids5.se\/#website\"},\"datePublished\":\"2026-04-08T17:38:56+00:00\",\"dateModified\":\"2026-04-08T17:38:56+00:00\",\"breadcrumb\":{\"@id\":\"https:\/\/limittools.test.consids5.se\/sv\/product\/fuktmatare-limit-6101\/#breadcrumb\"},\"inLanguage\":\"sv-SE\",\"potentialAction\":[{\"@type\":\"ReadAction\",\"target\":[\"https:\/\/limittools.test.consids5.se\/sv\/product\/fuktmatare-limit-6101\/\"]}]},{\"@type\":\"BreadcrumbList\",\"@id\":\"https:\/\/limittools.test.consids5.se\/sv\/product\/fuktmatare-limit-6101\/#breadcrumb\",\"itemListElement\":[{\"@type\":\"ListItem\",\"position\":1,\"name\":\"Products\",\"item\":\"https:\/\/limittools.test.consids5.se\/products\/\"},{\"@type\":\"ListItem\",\"position\":2,\"name\":\"FUKTM\u00c4TARE LIMIT 6101\"}]},{\"@type\":\"WebSite\",\"@id\":\"https:\/\/limittools.test.consids5.se\/#website\",\"url\":\"https:\/\/limittools.test.consids5.se\/\",\"name\":\"Precision measuring instruments | Limit\",\"description\":\"Everything can be measured\",\"potentialAction\":[{\"@type\":\"SearchAction\",\"target\":{\"@type\":\"EntryPoint\",\"urlTemplate\":\"https:\/\/limittools.test.consids5.se\/?s={search_term_string}\"},\"query-input\":\"required name=search_term_string\"}],\"inLanguage\":\"sv-SE\"}]}<\/script>\n<!-- \/ Yoast SEO plugin. -->","yoast_head_json":{"title":"FUKTM\u00c4TARE LIMIT 6101 - Precision measuring instruments | Limit","robots":{"index":"index","follow":"follow","max-snippet":"max-snippet:-1","max-image-preview":"max-image-preview:large","max-video-preview":"max-video-preview:-1"},"canonical":"https:\/\/limittools.test.consids5.se\/sv\/product\/fuktmatare-limit-6101\/","og_locale":"sv_SE","og_type":"article","og_title":"FUKTM\u00c4TARE LIMIT 6101 - Precision measuring instruments | Limit","og_description":"L\u00e4ttanv\u00e4nd handh\u00e5llen fuktm\u00e4tare f\u00f6r m\u00e4tning av fuktkvot i timmer\/tr\u00e4 genom att trycka tv\u00e5 m\u00e4tspetsar in i materialet. M\u00e4tresultatet ges direkt [&hellip;]","og_url":"https:\/\/limittools.test.consids5.se\/sv\/product\/fuktmatare-limit-6101\/","og_site_name":"Precision measuring instruments | Limit","article_publisher":"https:\/\/www.facebook.com\/limittools\/","twitter_card":"summary_large_image","schema":{"@context":"https:\/\/schema.org","@graph":[{"@type":"WebPage","@id":"https:\/\/limittools.test.consids5.se\/sv\/product\/fuktmatare-limit-6101\/","url":"https:\/\/limittools.test.consids5.se\/sv\/product\/fuktmatare-limit-6101\/","name":"FUKTM\u00c4TARE LIMIT 6101 - Precision measuring instruments | Limit","isPartOf":{"@id":"https:\/\/limittools.test.consids5.se\/#website"},"datePublished":"2026-04-08T17:38:56+00:00","dateModified":"2026-04-08T17:38:56+00:00","breadcrumb":{"@id":"https:\/\/limittools.test.consids5.se\/sv\/product\/fuktmatare-limit-6101\/#breadcrumb"},"inLanguage":"sv-SE","potentialAction":[{"@type":"ReadAction","target":["https:\/\/limittools.test.consids5.se\/sv\/product\/fuktmatare-limit-6101\/"]}]},{"@type":"BreadcrumbList","@id":"https:\/\/limittools.test.consids5.se\/sv\/product\/fuktmatare-limit-6101\/#breadcrumb","itemListElement":[{"@type":"ListItem","position":1,"name":"Products","item":"https:\/\/limittools.test.consids5.se\/products\/"},{"@type":"ListItem","position":2,"name":"FUKTM\u00c4TARE LIMIT 6101"}]},{"@type":"WebSite","@id":"https:\/\/limittools.test.consids5.se\/#website","url":"https:\/\/limittools.test.consids5.se\/","name":"Precision measuring instruments | Limit","description":"Everything can be measured","potentialAction":[{"@type":"SearchAction","target":{"@type":"EntryPoint","urlTemplate":"https:\/\/limittools.test.consids5.se\/?s={search_term_string}"},"query-input":"required name=search_term_string"}],"inLanguage":"sv-SE"}]}},"_links":{"self":[{"href":"https:\/\/limittools.test.consids5.se\/sv\/wp-json\/wp\/v2\/product\/3530"}],"collection":[{"href":"https:\/\/limittools.test.consids5.se\/sv\/wp-json\/wp\/v2\/product"}],"about":[{"href":"https:\/\/limittools.test.consids5.se\/sv\/wp-json\/wp\/v2\/types\/product"}],"replies":[{"embeddable":true,"href":"https:\/\/limittools.test.consids5.se\/sv\/wp-json\/wp\/v2\/comments?post=3530"}],"wp:attachment":[{"href":"https:\/\/limittools.test.consids5.se\/sv\/wp-json\/wp\/v2\/media?parent=3530"}],"wp:term":[{"taxonomy":"product_cat","embeddable":true,"href":"https:\/\/limittools.test.consids5.se\/sv\/wp-json\/wp\/v2\/product_cat?post=3530"},{"taxonomy":"product_tag","embeddable":true,"href":"https:\/\/limittools.test.consids5.se\/sv\/wp-json\/wp\/v2\/product_tag?post=3530"}],"curies":[{"name":"wp","href":"https:\/\/api.w.org\/{rel}","templated":true}]}}