{"id":3653,"date":"2026-04-08T17:40:03","date_gmt":"2026-04-08T17:40:03","guid":{"rendered":"http:\/\/limit-tools.local\/product\/paketvag-kc-4-50-kg\/"},"modified":"2026-04-08T17:40:03","modified_gmt":"2026-04-08T17:40:03","slug":"paketvag-kc-4-50-kg","status":"publish","type":"product","link":"https:\/\/limittools.test.consids5.se\/sv\/product\/paketvag-kc-4-50-kg\/","title":{"rendered":"PAKETV\u00c5G KC-4 50 KG"},"content":{"rendered":"<p>Visartavla och analog visning. F\u00f6r f\u00f6rr\u00e5d, lager, expeditioner, fabriker etc. Noggrannheten \u00e4r b\u00e4ttre \u00e4n en skalgradering. Rostfri v\u00e5gplatta och ytterh\u00f6lje. Stor och l\u00e4ttavl\u00e4st skala med skyddsglas f\u00f6r visare och visartavla. Nollpunkts-tareringsomr\u00e5de c:a 5% av kapaciteten.<\/p>\n","protected":false},"excerpt":{"rendered":"Visartavla och analog visning. F\u00f6r f\u00f6rr\u00e5d, lager, expeditioner, fabriker etc. Noggrannheten \u00e4r b\u00e4ttre \u00e4n en skalgradering. Rostfri v\u00e5gplatta och ytterh\u00f6lje. [&hellip;]","protected":false},"featured_media":0,"comment_status":"closed","ping_status":"closed","template":"","meta":{"_acf_changed":false},"product_cat":[430,306],"product_tag":[],"class_list":{"0":"post-3653","1":"product","2":"type-product","3":"status-publish","5":"product_cat-paketvagar-sv","6":"product_cat-vagar-sv","8":"first","9":"instock","10":"shipping-taxable","11":"product-type-simple"},"acf":[],"yoast_head":"<!-- This site is optimized with the Yoast SEO plugin v23.2 - https:\/\/yoast.com\/wordpress\/plugins\/seo\/ -->\n<title>PAKETV\u00c5G KC-4 50 KG - Precision measuring instruments | Limit<\/title>\n<meta name=\"robots\" content=\"index, follow, max-snippet:-1, max-image-preview:large, max-video-preview:-1\" \/>\n<link rel=\"canonical\" href=\"https:\/\/limittools.test.consids5.se\/sv\/product\/paketvag-kc-4-50-kg\/\" \/>\n<meta property=\"og:locale\" content=\"sv_SE\" \/>\n<meta property=\"og:type\" content=\"article\" \/>\n<meta property=\"og:title\" content=\"PAKETV\u00c5G KC-4 50 KG - Precision measuring instruments | Limit\" \/>\n<meta property=\"og:description\" content=\"Visartavla och analog visning. F\u00f6r f\u00f6rr\u00e5d, lager, expeditioner, fabriker etc. Noggrannheten \u00e4r b\u00e4ttre \u00e4n en skalgradering. Rostfri v\u00e5gplatta och ytterh\u00f6lje. [&hellip;]\" \/>\n<meta property=\"og:url\" content=\"https:\/\/limittools.test.consids5.se\/sv\/product\/paketvag-kc-4-50-kg\/\" \/>\n<meta property=\"og:site_name\" content=\"Precision measuring instruments | Limit\" \/>\n<meta property=\"article:publisher\" content=\"https:\/\/www.facebook.com\/limittools\/\" \/>\n<meta name=\"twitter:card\" content=\"summary_large_image\" \/>\n<script type=\"application\/ld+json\" class=\"yoast-schema-graph\">{\"@context\":\"https:\/\/schema.org\",\"@graph\":[{\"@type\":\"WebPage\",\"@id\":\"https:\/\/limittools.test.consids5.se\/sv\/product\/paketvag-kc-4-50-kg\/\",\"url\":\"https:\/\/limittools.test.consids5.se\/sv\/product\/paketvag-kc-4-50-kg\/\",\"name\":\"PAKETV\u00c5G KC-4 50 KG - Precision measuring instruments | Limit\",\"isPartOf\":{\"@id\":\"https:\/\/limittools.test.consids5.se\/#website\"},\"datePublished\":\"2026-04-08T17:40:03+00:00\",\"dateModified\":\"2026-04-08T17:40:03+00:00\",\"breadcrumb\":{\"@id\":\"https:\/\/limittools.test.consids5.se\/sv\/product\/paketvag-kc-4-50-kg\/#breadcrumb\"},\"inLanguage\":\"sv-SE\",\"potentialAction\":[{\"@type\":\"ReadAction\",\"target\":[\"https:\/\/limittools.test.consids5.se\/sv\/product\/paketvag-kc-4-50-kg\/\"]}]},{\"@type\":\"BreadcrumbList\",\"@id\":\"https:\/\/limittools.test.consids5.se\/sv\/product\/paketvag-kc-4-50-kg\/#breadcrumb\",\"itemListElement\":[{\"@type\":\"ListItem\",\"position\":1,\"name\":\"Products\",\"item\":\"https:\/\/limittools.test.consids5.se\/products\/\"},{\"@type\":\"ListItem\",\"position\":2,\"name\":\"PAKETV\u00c5G KC-4 50 KG\"}]},{\"@type\":\"WebSite\",\"@id\":\"https:\/\/limittools.test.consids5.se\/#website\",\"url\":\"https:\/\/limittools.test.consids5.se\/\",\"name\":\"Precision measuring instruments | Limit\",\"description\":\"Everything can be measured\",\"potentialAction\":[{\"@type\":\"SearchAction\",\"target\":{\"@type\":\"EntryPoint\",\"urlTemplate\":\"https:\/\/limittools.test.consids5.se\/?s={search_term_string}\"},\"query-input\":\"required name=search_term_string\"}],\"inLanguage\":\"sv-SE\"}]}<\/script>\n<!-- \/ Yoast SEO plugin. -->","yoast_head_json":{"title":"PAKETV\u00c5G KC-4 50 KG - Precision measuring instruments | Limit","robots":{"index":"index","follow":"follow","max-snippet":"max-snippet:-1","max-image-preview":"max-image-preview:large","max-video-preview":"max-video-preview:-1"},"canonical":"https:\/\/limittools.test.consids5.se\/sv\/product\/paketvag-kc-4-50-kg\/","og_locale":"sv_SE","og_type":"article","og_title":"PAKETV\u00c5G KC-4 50 KG - Precision measuring instruments | Limit","og_description":"Visartavla och analog visning. F\u00f6r f\u00f6rr\u00e5d, lager, expeditioner, fabriker etc. Noggrannheten \u00e4r b\u00e4ttre \u00e4n en skalgradering. Rostfri v\u00e5gplatta och ytterh\u00f6lje. [&hellip;]","og_url":"https:\/\/limittools.test.consids5.se\/sv\/product\/paketvag-kc-4-50-kg\/","og_site_name":"Precision measuring instruments | Limit","article_publisher":"https:\/\/www.facebook.com\/limittools\/","twitter_card":"summary_large_image","schema":{"@context":"https:\/\/schema.org","@graph":[{"@type":"WebPage","@id":"https:\/\/limittools.test.consids5.se\/sv\/product\/paketvag-kc-4-50-kg\/","url":"https:\/\/limittools.test.consids5.se\/sv\/product\/paketvag-kc-4-50-kg\/","name":"PAKETV\u00c5G KC-4 50 KG - Precision measuring instruments | Limit","isPartOf":{"@id":"https:\/\/limittools.test.consids5.se\/#website"},"datePublished":"2026-04-08T17:40:03+00:00","dateModified":"2026-04-08T17:40:03+00:00","breadcrumb":{"@id":"https:\/\/limittools.test.consids5.se\/sv\/product\/paketvag-kc-4-50-kg\/#breadcrumb"},"inLanguage":"sv-SE","potentialAction":[{"@type":"ReadAction","target":["https:\/\/limittools.test.consids5.se\/sv\/product\/paketvag-kc-4-50-kg\/"]}]},{"@type":"BreadcrumbList","@id":"https:\/\/limittools.test.consids5.se\/sv\/product\/paketvag-kc-4-50-kg\/#breadcrumb","itemListElement":[{"@type":"ListItem","position":1,"name":"Products","item":"https:\/\/limittools.test.consids5.se\/products\/"},{"@type":"ListItem","position":2,"name":"PAKETV\u00c5G KC-4 50 KG"}]},{"@type":"WebSite","@id":"https:\/\/limittools.test.consids5.se\/#website","url":"https:\/\/limittools.test.consids5.se\/","name":"Precision measuring instruments | Limit","description":"Everything can be measured","potentialAction":[{"@type":"SearchAction","target":{"@type":"EntryPoint","urlTemplate":"https:\/\/limittools.test.consids5.se\/?s={search_term_string}"},"query-input":"required name=search_term_string"}],"inLanguage":"sv-SE"}]}},"_links":{"self":[{"href":"https:\/\/limittools.test.consids5.se\/sv\/wp-json\/wp\/v2\/product\/3653"}],"collection":[{"href":"https:\/\/limittools.test.consids5.se\/sv\/wp-json\/wp\/v2\/product"}],"about":[{"href":"https:\/\/limittools.test.consids5.se\/sv\/wp-json\/wp\/v2\/types\/product"}],"replies":[{"embeddable":true,"href":"https:\/\/limittools.test.consids5.se\/sv\/wp-json\/wp\/v2\/comments?post=3653"}],"wp:attachment":[{"href":"https:\/\/limittools.test.consids5.se\/sv\/wp-json\/wp\/v2\/media?parent=3653"}],"wp:term":[{"taxonomy":"product_cat","embeddable":true,"href":"https:\/\/limittools.test.consids5.se\/sv\/wp-json\/wp\/v2\/product_cat?post=3653"},{"taxonomy":"product_tag","embeddable":true,"href":"https:\/\/limittools.test.consids5.se\/sv\/wp-json\/wp\/v2\/product_tag?post=3653"}],"curies":[{"name":"wp","href":"https:\/\/api.w.org\/{rel}","templated":true}]}}