{"id":3721,"date":"2026-04-08T17:40:31","date_gmt":"2026-04-08T17:40:31","guid":{"rendered":"http:\/\/limit-tools.local\/product\/laserstang\/"},"modified":"2026-04-08T17:40:31","modified_gmt":"2026-04-08T17:40:31","slug":"laserstang-36m","status":"publish","type":"product","link":"https:\/\/limittools.test.consids5.se\/sv\/product\/laserstang-36m\/","title":{"rendered":"LASERST\u00c5NG 3,6M"},"content":{"rendered":"<p>Laserst\u00e5ng tillverkade i alumnium i 5 sektioner som kan skruvas ihop till \u00f6nskad l\u00e4ngd samt med l\u00e5sbar hyllan till \u00f6nskad h\u00f6jd. Den kan st\u00e5 fritt p\u00e5 golv med benst\u00f6d eller sp\u00e4nns mellan golv och tak utan benst\u00f6d i tr\u00e5nga utrymmen. L\u00e4mplig f\u00f6r inomhusanv\u00e4ndning b\u00e5de f\u00f6r korslaser eller roterande laser t.ex. Limit 1210. . Fj\u00e4drande fot. Levereras i v\u00e4ska, enkelt att transportera och montera.<\/p>\n","protected":false},"excerpt":{"rendered":"Laserst\u00e5ng tillverkade i alumnium i 5 sektioner som kan skruvas ihop till \u00f6nskad l\u00e4ngd samt med l\u00e5sbar hyllan till \u00f6nskad [&hellip;]","protected":false},"featured_media":0,"comment_status":"closed","ping_status":"closed","template":"","meta":{"_acf_changed":false},"product_cat":[362,284],"product_tag":[],"class_list":{"0":"post-3721","1":"product","2":"type-product","3":"status-publish","5":"product_cat-korslaser-tillbehor-sv","6":"product_cat-laserinstrument-sv","8":"first","9":"instock","10":"shipping-taxable","11":"product-type-simple"},"acf":[],"yoast_head":"<!-- This site is optimized with the Yoast SEO plugin v23.2 - https:\/\/yoast.com\/wordpress\/plugins\/seo\/ -->\n<title>LASERST\u00c5NG 3,6M - Precision measuring instruments | Limit<\/title>\n<meta name=\"robots\" content=\"index, follow, max-snippet:-1, max-image-preview:large, max-video-preview:-1\" \/>\n<link rel=\"canonical\" href=\"https:\/\/limittools.test.consids5.se\/sv\/product\/laserstang-36m\/\" \/>\n<meta property=\"og:locale\" content=\"sv_SE\" \/>\n<meta property=\"og:type\" content=\"article\" \/>\n<meta property=\"og:title\" content=\"LASERST\u00c5NG 3,6M - Precision measuring instruments | Limit\" \/>\n<meta property=\"og:description\" content=\"Laserst\u00e5ng tillverkade i alumnium i 5 sektioner som kan skruvas ihop till \u00f6nskad l\u00e4ngd samt med l\u00e5sbar hyllan till \u00f6nskad [&hellip;]\" \/>\n<meta property=\"og:url\" content=\"https:\/\/limittools.test.consids5.se\/sv\/product\/laserstang-36m\/\" \/>\n<meta property=\"og:site_name\" content=\"Precision measuring instruments | Limit\" \/>\n<meta property=\"article:publisher\" content=\"https:\/\/www.facebook.com\/limittools\/\" \/>\n<meta name=\"twitter:card\" content=\"summary_large_image\" \/>\n<script type=\"application\/ld+json\" class=\"yoast-schema-graph\">{\"@context\":\"https:\/\/schema.org\",\"@graph\":[{\"@type\":\"WebPage\",\"@id\":\"https:\/\/limittools.test.consids5.se\/sv\/product\/laserstang-36m\/\",\"url\":\"https:\/\/limittools.test.consids5.se\/sv\/product\/laserstang-36m\/\",\"name\":\"LASERST\u00c5NG 3,6M - Precision measuring instruments | Limit\",\"isPartOf\":{\"@id\":\"https:\/\/limittools.test.consids5.se\/#website\"},\"datePublished\":\"2026-04-08T17:40:31+00:00\",\"dateModified\":\"2026-04-08T17:40:31+00:00\",\"breadcrumb\":{\"@id\":\"https:\/\/limittools.test.consids5.se\/sv\/product\/laserstang-36m\/#breadcrumb\"},\"inLanguage\":\"sv-SE\",\"potentialAction\":[{\"@type\":\"ReadAction\",\"target\":[\"https:\/\/limittools.test.consids5.se\/sv\/product\/laserstang-36m\/\"]}]},{\"@type\":\"BreadcrumbList\",\"@id\":\"https:\/\/limittools.test.consids5.se\/sv\/product\/laserstang-36m\/#breadcrumb\",\"itemListElement\":[{\"@type\":\"ListItem\",\"position\":1,\"name\":\"Products\",\"item\":\"https:\/\/limittools.test.consids5.se\/products\/\"},{\"@type\":\"ListItem\",\"position\":2,\"name\":\"LASERST\u00c5NG 3,6M\"}]},{\"@type\":\"WebSite\",\"@id\":\"https:\/\/limittools.test.consids5.se\/#website\",\"url\":\"https:\/\/limittools.test.consids5.se\/\",\"name\":\"Precision measuring instruments | Limit\",\"description\":\"Everything can be measured\",\"potentialAction\":[{\"@type\":\"SearchAction\",\"target\":{\"@type\":\"EntryPoint\",\"urlTemplate\":\"https:\/\/limittools.test.consids5.se\/?s={search_term_string}\"},\"query-input\":\"required name=search_term_string\"}],\"inLanguage\":\"sv-SE\"}]}<\/script>\n<!-- \/ Yoast SEO plugin. -->","yoast_head_json":{"title":"LASERST\u00c5NG 3,6M - Precision measuring instruments | Limit","robots":{"index":"index","follow":"follow","max-snippet":"max-snippet:-1","max-image-preview":"max-image-preview:large","max-video-preview":"max-video-preview:-1"},"canonical":"https:\/\/limittools.test.consids5.se\/sv\/product\/laserstang-36m\/","og_locale":"sv_SE","og_type":"article","og_title":"LASERST\u00c5NG 3,6M - Precision measuring instruments | Limit","og_description":"Laserst\u00e5ng tillverkade i alumnium i 5 sektioner som kan skruvas ihop till \u00f6nskad l\u00e4ngd samt med l\u00e5sbar hyllan till \u00f6nskad [&hellip;]","og_url":"https:\/\/limittools.test.consids5.se\/sv\/product\/laserstang-36m\/","og_site_name":"Precision measuring instruments | Limit","article_publisher":"https:\/\/www.facebook.com\/limittools\/","twitter_card":"summary_large_image","schema":{"@context":"https:\/\/schema.org","@graph":[{"@type":"WebPage","@id":"https:\/\/limittools.test.consids5.se\/sv\/product\/laserstang-36m\/","url":"https:\/\/limittools.test.consids5.se\/sv\/product\/laserstang-36m\/","name":"LASERST\u00c5NG 3,6M - Precision measuring instruments | Limit","isPartOf":{"@id":"https:\/\/limittools.test.consids5.se\/#website"},"datePublished":"2026-04-08T17:40:31+00:00","dateModified":"2026-04-08T17:40:31+00:00","breadcrumb":{"@id":"https:\/\/limittools.test.consids5.se\/sv\/product\/laserstang-36m\/#breadcrumb"},"inLanguage":"sv-SE","potentialAction":[{"@type":"ReadAction","target":["https:\/\/limittools.test.consids5.se\/sv\/product\/laserstang-36m\/"]}]},{"@type":"BreadcrumbList","@id":"https:\/\/limittools.test.consids5.se\/sv\/product\/laserstang-36m\/#breadcrumb","itemListElement":[{"@type":"ListItem","position":1,"name":"Products","item":"https:\/\/limittools.test.consids5.se\/products\/"},{"@type":"ListItem","position":2,"name":"LASERST\u00c5NG 3,6M"}]},{"@type":"WebSite","@id":"https:\/\/limittools.test.consids5.se\/#website","url":"https:\/\/limittools.test.consids5.se\/","name":"Precision measuring instruments | Limit","description":"Everything can be measured","potentialAction":[{"@type":"SearchAction","target":{"@type":"EntryPoint","urlTemplate":"https:\/\/limittools.test.consids5.se\/?s={search_term_string}"},"query-input":"required name=search_term_string"}],"inLanguage":"sv-SE"}]}},"_links":{"self":[{"href":"https:\/\/limittools.test.consids5.se\/sv\/wp-json\/wp\/v2\/product\/3721"}],"collection":[{"href":"https:\/\/limittools.test.consids5.se\/sv\/wp-json\/wp\/v2\/product"}],"about":[{"href":"https:\/\/limittools.test.consids5.se\/sv\/wp-json\/wp\/v2\/types\/product"}],"replies":[{"embeddable":true,"href":"https:\/\/limittools.test.consids5.se\/sv\/wp-json\/wp\/v2\/comments?post=3721"}],"wp:attachment":[{"href":"https:\/\/limittools.test.consids5.se\/sv\/wp-json\/wp\/v2\/media?parent=3721"}],"wp:term":[{"taxonomy":"product_cat","embeddable":true,"href":"https:\/\/limittools.test.consids5.se\/sv\/wp-json\/wp\/v2\/product_cat?post=3721"},{"taxonomy":"product_tag","embeddable":true,"href":"https:\/\/limittools.test.consids5.se\/sv\/wp-json\/wp\/v2\/product_tag?post=3721"}],"curies":[{"name":"wp","href":"https:\/\/api.w.org\/{rel}","templated":true}]}}