{"id":3745,"date":"2026-04-08T17:40:45","date_gmt":"2026-04-08T17:40:45","guid":{"rendered":"http:\/\/limit-tools.local\/product\/cylinderindikator-50-160mm\/"},"modified":"2026-04-08T17:40:45","modified_gmt":"2026-04-08T17:40:45","slug":"cylinderindikator-50-160mm","status":"publish","type":"product","link":"https:\/\/limittools.test.consids5.se\/sv\/product\/cylinderindikator-50-160mm\/","title":{"rendered":"CYLINDERINDIKATOR 50-160MM"},"content":{"rendered":"<p>F\u00f6r precisionsm\u00e4tningar i h\u00e5l och sp\u00e5r. F\u00f6rsedda med utbytbara m\u00e4tspetsar och distansbrickor f\u00f6r olika dimensioner. Indikatorn centreras automatiskt med ett fj\u00e4derbelastat st\u00f6d och har h\u00e5rdmetallbelagd m\u00e4tspets. Komplett med indikatorklocka. Noggrannhet \u00e4r \u00b1 15 \u00b5m plus klockans noggrannhet som \u00e4r enligt DIN 878. Bottenh\u00e5let kan m\u00e4tas fr\u00e5n botten.<br \/>\n61931002: 10, 11, 12, 13, 14, 15, 16, 17, 18mm<br \/>\n61931101: 18,20,22,24,26,28,30,32,34mm<br \/>\n61931200: 35, 40, 45, 50mm<br \/>\n61931309: 50, 55, 60, 65, 70, 75, 80, 85, 90, 95, 100, 105mm<br \/>\n61931408: 160, 170, 180, 190, 200mm<\/p>\n","protected":false},"excerpt":{"rendered":"F\u00f6r precisionsm\u00e4tningar i h\u00e5l och sp\u00e5r. F\u00f6rsedda med utbytbara m\u00e4tspetsar och distansbrickor f\u00f6r olika dimensioner. Indikatorn centreras automatiskt med ett [&hellip;]","protected":false},"featured_media":0,"comment_status":"closed","ping_status":"closed","template":"","meta":{"_acf_changed":false},"product_cat":[365,249],"product_tag":[],"class_list":{"0":"post-3745","1":"product","2":"type-product","3":"status-publish","5":"product_cat-indikatorklockor-sv","6":"product_cat-verkstadsmat-sv","8":"first","9":"instock","10":"shipping-taxable","11":"product-type-simple"},"acf":[],"yoast_head":"<!-- This site is optimized with the Yoast SEO plugin v23.2 - https:\/\/yoast.com\/wordpress\/plugins\/seo\/ -->\n<title>CYLINDERINDIKATOR 50-160MM - Precision measuring instruments | Limit<\/title>\n<meta name=\"robots\" content=\"index, follow, max-snippet:-1, max-image-preview:large, max-video-preview:-1\" \/>\n<link rel=\"canonical\" href=\"https:\/\/limittools.test.consids5.se\/sv\/product\/cylinderindikator-50-160mm\/\" \/>\n<meta property=\"og:locale\" content=\"sv_SE\" \/>\n<meta property=\"og:type\" content=\"article\" \/>\n<meta property=\"og:title\" content=\"CYLINDERINDIKATOR 50-160MM - Precision measuring instruments | Limit\" \/>\n<meta property=\"og:description\" content=\"F\u00f6r precisionsm\u00e4tningar i h\u00e5l och sp\u00e5r. F\u00f6rsedda med utbytbara m\u00e4tspetsar och distansbrickor f\u00f6r olika dimensioner. Indikatorn centreras automatiskt med ett [&hellip;]\" \/>\n<meta property=\"og:url\" content=\"https:\/\/limittools.test.consids5.se\/sv\/product\/cylinderindikator-50-160mm\/\" \/>\n<meta property=\"og:site_name\" content=\"Precision measuring instruments | Limit\" \/>\n<meta property=\"article:publisher\" content=\"https:\/\/www.facebook.com\/limittools\/\" \/>\n<meta name=\"twitter:card\" content=\"summary_large_image\" \/>\n<script type=\"application\/ld+json\" class=\"yoast-schema-graph\">{\"@context\":\"https:\/\/schema.org\",\"@graph\":[{\"@type\":\"WebPage\",\"@id\":\"https:\/\/limittools.test.consids5.se\/sv\/product\/cylinderindikator-50-160mm\/\",\"url\":\"https:\/\/limittools.test.consids5.se\/sv\/product\/cylinderindikator-50-160mm\/\",\"name\":\"CYLINDERINDIKATOR 50-160MM - Precision measuring instruments | Limit\",\"isPartOf\":{\"@id\":\"https:\/\/limittools.test.consids5.se\/#website\"},\"datePublished\":\"2026-04-08T17:40:45+00:00\",\"dateModified\":\"2026-04-08T17:40:45+00:00\",\"breadcrumb\":{\"@id\":\"https:\/\/limittools.test.consids5.se\/sv\/product\/cylinderindikator-50-160mm\/#breadcrumb\"},\"inLanguage\":\"sv-SE\",\"potentialAction\":[{\"@type\":\"ReadAction\",\"target\":[\"https:\/\/limittools.test.consids5.se\/sv\/product\/cylinderindikator-50-160mm\/\"]}]},{\"@type\":\"BreadcrumbList\",\"@id\":\"https:\/\/limittools.test.consids5.se\/sv\/product\/cylinderindikator-50-160mm\/#breadcrumb\",\"itemListElement\":[{\"@type\":\"ListItem\",\"position\":1,\"name\":\"Products\",\"item\":\"https:\/\/limittools.test.consids5.se\/products\/\"},{\"@type\":\"ListItem\",\"position\":2,\"name\":\"CYLINDERINDIKATOR 50-160MM\"}]},{\"@type\":\"WebSite\",\"@id\":\"https:\/\/limittools.test.consids5.se\/#website\",\"url\":\"https:\/\/limittools.test.consids5.se\/\",\"name\":\"Precision measuring instruments | Limit\",\"description\":\"Everything can be measured\",\"potentialAction\":[{\"@type\":\"SearchAction\",\"target\":{\"@type\":\"EntryPoint\",\"urlTemplate\":\"https:\/\/limittools.test.consids5.se\/?s={search_term_string}\"},\"query-input\":\"required name=search_term_string\"}],\"inLanguage\":\"sv-SE\"}]}<\/script>\n<!-- \/ Yoast SEO plugin. -->","yoast_head_json":{"title":"CYLINDERINDIKATOR 50-160MM - Precision measuring instruments | Limit","robots":{"index":"index","follow":"follow","max-snippet":"max-snippet:-1","max-image-preview":"max-image-preview:large","max-video-preview":"max-video-preview:-1"},"canonical":"https:\/\/limittools.test.consids5.se\/sv\/product\/cylinderindikator-50-160mm\/","og_locale":"sv_SE","og_type":"article","og_title":"CYLINDERINDIKATOR 50-160MM - Precision measuring instruments | Limit","og_description":"F\u00f6r precisionsm\u00e4tningar i h\u00e5l och sp\u00e5r. F\u00f6rsedda med utbytbara m\u00e4tspetsar och distansbrickor f\u00f6r olika dimensioner. Indikatorn centreras automatiskt med ett [&hellip;]","og_url":"https:\/\/limittools.test.consids5.se\/sv\/product\/cylinderindikator-50-160mm\/","og_site_name":"Precision measuring instruments | Limit","article_publisher":"https:\/\/www.facebook.com\/limittools\/","twitter_card":"summary_large_image","schema":{"@context":"https:\/\/schema.org","@graph":[{"@type":"WebPage","@id":"https:\/\/limittools.test.consids5.se\/sv\/product\/cylinderindikator-50-160mm\/","url":"https:\/\/limittools.test.consids5.se\/sv\/product\/cylinderindikator-50-160mm\/","name":"CYLINDERINDIKATOR 50-160MM - Precision measuring instruments | Limit","isPartOf":{"@id":"https:\/\/limittools.test.consids5.se\/#website"},"datePublished":"2026-04-08T17:40:45+00:00","dateModified":"2026-04-08T17:40:45+00:00","breadcrumb":{"@id":"https:\/\/limittools.test.consids5.se\/sv\/product\/cylinderindikator-50-160mm\/#breadcrumb"},"inLanguage":"sv-SE","potentialAction":[{"@type":"ReadAction","target":["https:\/\/limittools.test.consids5.se\/sv\/product\/cylinderindikator-50-160mm\/"]}]},{"@type":"BreadcrumbList","@id":"https:\/\/limittools.test.consids5.se\/sv\/product\/cylinderindikator-50-160mm\/#breadcrumb","itemListElement":[{"@type":"ListItem","position":1,"name":"Products","item":"https:\/\/limittools.test.consids5.se\/products\/"},{"@type":"ListItem","position":2,"name":"CYLINDERINDIKATOR 50-160MM"}]},{"@type":"WebSite","@id":"https:\/\/limittools.test.consids5.se\/#website","url":"https:\/\/limittools.test.consids5.se\/","name":"Precision measuring instruments | Limit","description":"Everything can be measured","potentialAction":[{"@type":"SearchAction","target":{"@type":"EntryPoint","urlTemplate":"https:\/\/limittools.test.consids5.se\/?s={search_term_string}"},"query-input":"required name=search_term_string"}],"inLanguage":"sv-SE"}]}},"_links":{"self":[{"href":"https:\/\/limittools.test.consids5.se\/sv\/wp-json\/wp\/v2\/product\/3745"}],"collection":[{"href":"https:\/\/limittools.test.consids5.se\/sv\/wp-json\/wp\/v2\/product"}],"about":[{"href":"https:\/\/limittools.test.consids5.se\/sv\/wp-json\/wp\/v2\/types\/product"}],"replies":[{"embeddable":true,"href":"https:\/\/limittools.test.consids5.se\/sv\/wp-json\/wp\/v2\/comments?post=3745"}],"wp:attachment":[{"href":"https:\/\/limittools.test.consids5.se\/sv\/wp-json\/wp\/v2\/media?parent=3745"}],"wp:term":[{"taxonomy":"product_cat","embeddable":true,"href":"https:\/\/limittools.test.consids5.se\/sv\/wp-json\/wp\/v2\/product_cat?post=3745"},{"taxonomy":"product_tag","embeddable":true,"href":"https:\/\/limittools.test.consids5.se\/sv\/wp-json\/wp\/v2\/product_tag?post=3745"}],"curies":[{"name":"wp","href":"https:\/\/api.w.org\/{rel}","templated":true}]}}