{"id":4181,"date":"2020-09-08T14:02:48","date_gmt":"2020-09-08T14:02:48","guid":{"rendered":"http:\/\/limit-tools.local\/product\/batteripack-1200\/"},"modified":"2020-09-08T14:02:48","modified_gmt":"2020-09-08T14:02:48","slug":"batteripack-1200","status":"publish","type":"product","link":"https:\/\/limittools.test.consids5.se\/sv\/product\/batteripack-1200\/","title":{"rendered":"BATTERIPACK 1200"},"content":{"rendered":"<p>Roterande laser med synligt ljus. Kan anv\u00e4ndas b\u00e5de utomhus och inomhus, strilt\u00e4t kapslingsklass IP 54. Motoriserad automatisk sj\u00e4lvnivellering b\u00e5de horisontellt och vertikalt med m\u00f6jlighet till manuell fallinst\u00e4llning. Scanningsfunktion med inst\u00e4llbar scanningsvinkel. Tiltfunktion med alarm varvid instrumentet m\u00e5ste manuellt omstartas efter t.ex skakning eller instrumentet rubbats fr\u00e5n sin ursprungliga niv\u00e5. Fj\u00e4rrkontrollen justerar lutning, rotationshastigheten, scanningsvinkeln samt att vrida scanningsomr\u00e5det i b\u00e5da riktningarna. Lasermottagare med dubbla indikeringsf\u00f6nster, displaybelysning, justerbar ljudsignal, fin alternativ grov noggrannhet.<br \/>\nInstrumentet kan kalibreras enligt anvisningar i bruksanvisningen.<br \/>\nLevereras i h\u00e5rd plastv\u00e4ska med fj\u00e4rrkontroll, lasermottagare och h\u00e5llare, reflektortavla, v\u00e4ggf\u00e4ste, uppladdningsbart batteripack med laddare samt svensk bruksanvisning. Laserdiod klass 2M, 1mw 635 nm.<\/p>\n","protected":false},"excerpt":{"rendered":"Roterande laser med synligt ljus. Kan anv\u00e4ndas b\u00e5de utomhus och inomhus, strilt\u00e4t kapslingsklass IP 54. Motoriserad automatisk sj\u00e4lvnivellering b\u00e5de horisontellt [&hellip;]","protected":false},"featured_media":0,"comment_status":"closed","ping_status":"closed","template":"","meta":{"_acf_changed":false},"product_cat":[284,318],"product_tag":[],"class_list":{"0":"post-4181","1":"product","2":"type-product","3":"status-publish","5":"product_cat-laserinstrument-sv","6":"product_cat-roterande-laser-sv","8":"first","9":"instock","10":"shipping-taxable","11":"product-type-simple"},"acf":[],"yoast_head":"<!-- This site is optimized with the Yoast SEO plugin v23.2 - https:\/\/yoast.com\/wordpress\/plugins\/seo\/ -->\n<title>BATTERIPACK 1200 - Precision measuring instruments | Limit<\/title>\n<meta name=\"robots\" content=\"index, follow, max-snippet:-1, max-image-preview:large, max-video-preview:-1\" \/>\n<link rel=\"canonical\" href=\"https:\/\/limittools.test.consids5.se\/sv\/product\/batteripack-1200\/\" \/>\n<meta property=\"og:locale\" content=\"sv_SE\" \/>\n<meta property=\"og:type\" content=\"article\" \/>\n<meta property=\"og:title\" content=\"BATTERIPACK 1200 - Precision measuring instruments | Limit\" \/>\n<meta property=\"og:description\" content=\"Roterande laser med synligt ljus. Kan anv\u00e4ndas b\u00e5de utomhus och inomhus, strilt\u00e4t kapslingsklass IP 54. Motoriserad automatisk sj\u00e4lvnivellering b\u00e5de horisontellt [&hellip;]\" \/>\n<meta property=\"og:url\" content=\"https:\/\/limittools.test.consids5.se\/sv\/product\/batteripack-1200\/\" \/>\n<meta property=\"og:site_name\" content=\"Precision measuring instruments | Limit\" \/>\n<meta property=\"article:publisher\" content=\"https:\/\/www.facebook.com\/limittools\/\" \/>\n<meta name=\"twitter:card\" content=\"summary_large_image\" \/>\n<meta name=\"twitter:label1\" content=\"Est. reading time\" \/>\n\t<meta name=\"twitter:data1\" content=\"1 minute\" \/>\n<script type=\"application\/ld+json\" class=\"yoast-schema-graph\">{\"@context\":\"https:\/\/schema.org\",\"@graph\":[{\"@type\":\"WebPage\",\"@id\":\"https:\/\/limittools.test.consids5.se\/sv\/product\/batteripack-1200\/\",\"url\":\"https:\/\/limittools.test.consids5.se\/sv\/product\/batteripack-1200\/\",\"name\":\"BATTERIPACK 1200 - Precision measuring instruments | Limit\",\"isPartOf\":{\"@id\":\"https:\/\/limittools.test.consids5.se\/#website\"},\"datePublished\":\"2020-09-08T14:02:48+00:00\",\"dateModified\":\"2020-09-08T14:02:48+00:00\",\"breadcrumb\":{\"@id\":\"https:\/\/limittools.test.consids5.se\/sv\/product\/batteripack-1200\/#breadcrumb\"},\"inLanguage\":\"sv-SE\",\"potentialAction\":[{\"@type\":\"ReadAction\",\"target\":[\"https:\/\/limittools.test.consids5.se\/sv\/product\/batteripack-1200\/\"]}]},{\"@type\":\"BreadcrumbList\",\"@id\":\"https:\/\/limittools.test.consids5.se\/sv\/product\/batteripack-1200\/#breadcrumb\",\"itemListElement\":[{\"@type\":\"ListItem\",\"position\":1,\"name\":\"Products\",\"item\":\"https:\/\/limittools.test.consids5.se\/products\/\"},{\"@type\":\"ListItem\",\"position\":2,\"name\":\"BATTERIPACK 1200\"}]},{\"@type\":\"WebSite\",\"@id\":\"https:\/\/limittools.test.consids5.se\/#website\",\"url\":\"https:\/\/limittools.test.consids5.se\/\",\"name\":\"Precision measuring instruments | Limit\",\"description\":\"Everything can be measured\",\"potentialAction\":[{\"@type\":\"SearchAction\",\"target\":{\"@type\":\"EntryPoint\",\"urlTemplate\":\"https:\/\/limittools.test.consids5.se\/?s={search_term_string}\"},\"query-input\":\"required name=search_term_string\"}],\"inLanguage\":\"sv-SE\"}]}<\/script>\n<!-- \/ Yoast SEO plugin. -->","yoast_head_json":{"title":"BATTERIPACK 1200 - Precision measuring instruments | Limit","robots":{"index":"index","follow":"follow","max-snippet":"max-snippet:-1","max-image-preview":"max-image-preview:large","max-video-preview":"max-video-preview:-1"},"canonical":"https:\/\/limittools.test.consids5.se\/sv\/product\/batteripack-1200\/","og_locale":"sv_SE","og_type":"article","og_title":"BATTERIPACK 1200 - Precision measuring instruments | Limit","og_description":"Roterande laser med synligt ljus. Kan anv\u00e4ndas b\u00e5de utomhus och inomhus, strilt\u00e4t kapslingsklass IP 54. Motoriserad automatisk sj\u00e4lvnivellering b\u00e5de horisontellt [&hellip;]","og_url":"https:\/\/limittools.test.consids5.se\/sv\/product\/batteripack-1200\/","og_site_name":"Precision measuring instruments | Limit","article_publisher":"https:\/\/www.facebook.com\/limittools\/","twitter_card":"summary_large_image","twitter_misc":{"Est. reading time":"1 minute"},"schema":{"@context":"https:\/\/schema.org","@graph":[{"@type":"WebPage","@id":"https:\/\/limittools.test.consids5.se\/sv\/product\/batteripack-1200\/","url":"https:\/\/limittools.test.consids5.se\/sv\/product\/batteripack-1200\/","name":"BATTERIPACK 1200 - Precision measuring instruments | Limit","isPartOf":{"@id":"https:\/\/limittools.test.consids5.se\/#website"},"datePublished":"2020-09-08T14:02:48+00:00","dateModified":"2020-09-08T14:02:48+00:00","breadcrumb":{"@id":"https:\/\/limittools.test.consids5.se\/sv\/product\/batteripack-1200\/#breadcrumb"},"inLanguage":"sv-SE","potentialAction":[{"@type":"ReadAction","target":["https:\/\/limittools.test.consids5.se\/sv\/product\/batteripack-1200\/"]}]},{"@type":"BreadcrumbList","@id":"https:\/\/limittools.test.consids5.se\/sv\/product\/batteripack-1200\/#breadcrumb","itemListElement":[{"@type":"ListItem","position":1,"name":"Products","item":"https:\/\/limittools.test.consids5.se\/products\/"},{"@type":"ListItem","position":2,"name":"BATTERIPACK 1200"}]},{"@type":"WebSite","@id":"https:\/\/limittools.test.consids5.se\/#website","url":"https:\/\/limittools.test.consids5.se\/","name":"Precision measuring instruments | Limit","description":"Everything can be measured","potentialAction":[{"@type":"SearchAction","target":{"@type":"EntryPoint","urlTemplate":"https:\/\/limittools.test.consids5.se\/?s={search_term_string}"},"query-input":"required name=search_term_string"}],"inLanguage":"sv-SE"}]}},"_links":{"self":[{"href":"https:\/\/limittools.test.consids5.se\/sv\/wp-json\/wp\/v2\/product\/4181"}],"collection":[{"href":"https:\/\/limittools.test.consids5.se\/sv\/wp-json\/wp\/v2\/product"}],"about":[{"href":"https:\/\/limittools.test.consids5.se\/sv\/wp-json\/wp\/v2\/types\/product"}],"replies":[{"embeddable":true,"href":"https:\/\/limittools.test.consids5.se\/sv\/wp-json\/wp\/v2\/comments?post=4181"}],"wp:attachment":[{"href":"https:\/\/limittools.test.consids5.se\/sv\/wp-json\/wp\/v2\/media?parent=4181"}],"wp:term":[{"taxonomy":"product_cat","embeddable":true,"href":"https:\/\/limittools.test.consids5.se\/sv\/wp-json\/wp\/v2\/product_cat?post=4181"},{"taxonomy":"product_tag","embeddable":true,"href":"https:\/\/limittools.test.consids5.se\/sv\/wp-json\/wp\/v2\/product_tag?post=4181"}],"curies":[{"name":"wp","href":"https:\/\/api.w.org\/{rel}","templated":true}]}}