{"id":4193,"date":"2026-04-01T20:27:24","date_gmt":"2026-04-01T20:27:24","guid":{"rendered":"http:\/\/limit-tools.local\/product\/ir-termometer-limit-96\/"},"modified":"2026-04-01T20:27:24","modified_gmt":"2026-04-01T20:27:24","slug":"ir-termometer-limit-96","status":"publish","type":"product","link":"https:\/\/limittools.test.consids5.se\/sv\/product\/ir-termometer-limit-96\/","title":{"rendered":"IR-TERMOMETER LIMIT 96"},"content":{"rendered":"<p>Professionell ber\u00f6ringsfri infrar\u00f6d termometer i en ergonomisk design som m\u00e4ter yttertemperaturen upp till 800\u00b0C med h\u00f6g noggrannhet och snabb avl\u00e4sning. Tillf\u00f6rlitligt m\u00e4tv\u00e4rde tack vare de tv\u00e5 laserpunkterna som markerar ytterkanterna p\u00e5 m\u00e4tomr\u00e5dets diameter. D:S faktor 10:1. Omst\u00e4llbar emissionsfaktor. Registrerar max och min temperatur. Larmfunktion mot f\u00f6rinst\u00e4llda v\u00e4rden. Funktion f\u00f6r kontinuerlig m\u00e4tning utan att trycka p\u00e5 avtryckare. LCD display med 12 mm stora huvudsiffror samt bakgrundsbelysning. Omst\u00e4llbar mellan \u00b0C och \u00b0F.<br \/>\nL\u00e4mplig f\u00f6r livsmedelsindustri, fastighets-, s\u00e4kerhets- och brandinspektioner, plastgjutning, asfaltering, underh\u00e5ll inom industri mm.<br \/>\nBatterityp 9V, ing\u00e5r.<\/p>\n","protected":false},"excerpt":{"rendered":"Professionell ber\u00f6ringsfri infrar\u00f6d termometer i en ergonomisk design som m\u00e4ter yttertemperaturen upp till 800\u00b0C med h\u00f6g noggrannhet och snabb avl\u00e4sning. [&hellip;]","protected":false},"featured_media":0,"comment_status":"closed","ping_status":"closed","template":"","meta":{"_acf_changed":false},"product_cat":[1784,525],"product_tag":[],"class_list":{"0":"post-4193","1":"product","2":"type-product","3":"status-publish","5":"product_cat-ir-termometrar-sv-klimat-och-miljomat-instrument-sv-23","6":"product_cat-klimat-och-miljomat-instrument-sv","8":"first","9":"instock","10":"shipping-taxable","11":"product-type-simple"},"acf":[],"yoast_head":"<!-- This site is optimized with the Yoast SEO plugin v23.2 - https:\/\/yoast.com\/wordpress\/plugins\/seo\/ -->\n<title>IR-TERMOMETER LIMIT 96 - Precision measuring instruments | Limit<\/title>\n<meta name=\"robots\" content=\"index, follow, max-snippet:-1, max-image-preview:large, max-video-preview:-1\" \/>\n<link rel=\"canonical\" href=\"https:\/\/limittools.test.consids5.se\/sv\/product\/ir-termometer-limit-96\/\" \/>\n<meta property=\"og:locale\" content=\"sv_SE\" \/>\n<meta property=\"og:type\" content=\"article\" \/>\n<meta property=\"og:title\" content=\"IR-TERMOMETER LIMIT 96 - Precision measuring instruments | Limit\" \/>\n<meta property=\"og:description\" content=\"Professionell ber\u00f6ringsfri infrar\u00f6d termometer i en ergonomisk design som m\u00e4ter yttertemperaturen upp till 800\u00b0C med h\u00f6g noggrannhet och snabb avl\u00e4sning. [&hellip;]\" \/>\n<meta property=\"og:url\" content=\"https:\/\/limittools.test.consids5.se\/sv\/product\/ir-termometer-limit-96\/\" \/>\n<meta property=\"og:site_name\" content=\"Precision measuring instruments | Limit\" \/>\n<meta property=\"article:publisher\" content=\"https:\/\/www.facebook.com\/limittools\/\" \/>\n<meta name=\"twitter:card\" content=\"summary_large_image\" \/>\n<meta name=\"twitter:label1\" content=\"Est. reading time\" \/>\n\t<meta name=\"twitter:data1\" content=\"1 minute\" \/>\n<script type=\"application\/ld+json\" class=\"yoast-schema-graph\">{\"@context\":\"https:\/\/schema.org\",\"@graph\":[{\"@type\":\"WebPage\",\"@id\":\"https:\/\/limittools.test.consids5.se\/sv\/product\/ir-termometer-limit-96\/\",\"url\":\"https:\/\/limittools.test.consids5.se\/sv\/product\/ir-termometer-limit-96\/\",\"name\":\"IR-TERMOMETER LIMIT 96 - Precision measuring instruments | Limit\",\"isPartOf\":{\"@id\":\"https:\/\/limittools.test.consids5.se\/#website\"},\"datePublished\":\"2026-04-01T20:27:24+00:00\",\"dateModified\":\"2026-04-01T20:27:24+00:00\",\"breadcrumb\":{\"@id\":\"https:\/\/limittools.test.consids5.se\/sv\/product\/ir-termometer-limit-96\/#breadcrumb\"},\"inLanguage\":\"sv-SE\",\"potentialAction\":[{\"@type\":\"ReadAction\",\"target\":[\"https:\/\/limittools.test.consids5.se\/sv\/product\/ir-termometer-limit-96\/\"]}]},{\"@type\":\"BreadcrumbList\",\"@id\":\"https:\/\/limittools.test.consids5.se\/sv\/product\/ir-termometer-limit-96\/#breadcrumb\",\"itemListElement\":[{\"@type\":\"ListItem\",\"position\":1,\"name\":\"Products\",\"item\":\"https:\/\/limittools.test.consids5.se\/products\/\"},{\"@type\":\"ListItem\",\"position\":2,\"name\":\"IR-TERMOMETER LIMIT 96\"}]},{\"@type\":\"WebSite\",\"@id\":\"https:\/\/limittools.test.consids5.se\/#website\",\"url\":\"https:\/\/limittools.test.consids5.se\/\",\"name\":\"Precision measuring instruments | Limit\",\"description\":\"Everything can be measured\",\"potentialAction\":[{\"@type\":\"SearchAction\",\"target\":{\"@type\":\"EntryPoint\",\"urlTemplate\":\"https:\/\/limittools.test.consids5.se\/?s={search_term_string}\"},\"query-input\":\"required name=search_term_string\"}],\"inLanguage\":\"sv-SE\"}]}<\/script>\n<!-- \/ Yoast SEO plugin. -->","yoast_head_json":{"title":"IR-TERMOMETER LIMIT 96 - Precision measuring instruments | Limit","robots":{"index":"index","follow":"follow","max-snippet":"max-snippet:-1","max-image-preview":"max-image-preview:large","max-video-preview":"max-video-preview:-1"},"canonical":"https:\/\/limittools.test.consids5.se\/sv\/product\/ir-termometer-limit-96\/","og_locale":"sv_SE","og_type":"article","og_title":"IR-TERMOMETER LIMIT 96 - Precision measuring instruments | Limit","og_description":"Professionell ber\u00f6ringsfri infrar\u00f6d termometer i en ergonomisk design som m\u00e4ter yttertemperaturen upp till 800\u00b0C med h\u00f6g noggrannhet och snabb avl\u00e4sning. [&hellip;]","og_url":"https:\/\/limittools.test.consids5.se\/sv\/product\/ir-termometer-limit-96\/","og_site_name":"Precision measuring instruments | Limit","article_publisher":"https:\/\/www.facebook.com\/limittools\/","twitter_card":"summary_large_image","twitter_misc":{"Est. reading time":"1 minute"},"schema":{"@context":"https:\/\/schema.org","@graph":[{"@type":"WebPage","@id":"https:\/\/limittools.test.consids5.se\/sv\/product\/ir-termometer-limit-96\/","url":"https:\/\/limittools.test.consids5.se\/sv\/product\/ir-termometer-limit-96\/","name":"IR-TERMOMETER LIMIT 96 - Precision measuring instruments | Limit","isPartOf":{"@id":"https:\/\/limittools.test.consids5.se\/#website"},"datePublished":"2026-04-01T20:27:24+00:00","dateModified":"2026-04-01T20:27:24+00:00","breadcrumb":{"@id":"https:\/\/limittools.test.consids5.se\/sv\/product\/ir-termometer-limit-96\/#breadcrumb"},"inLanguage":"sv-SE","potentialAction":[{"@type":"ReadAction","target":["https:\/\/limittools.test.consids5.se\/sv\/product\/ir-termometer-limit-96\/"]}]},{"@type":"BreadcrumbList","@id":"https:\/\/limittools.test.consids5.se\/sv\/product\/ir-termometer-limit-96\/#breadcrumb","itemListElement":[{"@type":"ListItem","position":1,"name":"Products","item":"https:\/\/limittools.test.consids5.se\/products\/"},{"@type":"ListItem","position":2,"name":"IR-TERMOMETER LIMIT 96"}]},{"@type":"WebSite","@id":"https:\/\/limittools.test.consids5.se\/#website","url":"https:\/\/limittools.test.consids5.se\/","name":"Precision measuring instruments | Limit","description":"Everything can be measured","potentialAction":[{"@type":"SearchAction","target":{"@type":"EntryPoint","urlTemplate":"https:\/\/limittools.test.consids5.se\/?s={search_term_string}"},"query-input":"required name=search_term_string"}],"inLanguage":"sv-SE"}]}},"_links":{"self":[{"href":"https:\/\/limittools.test.consids5.se\/sv\/wp-json\/wp\/v2\/product\/4193"}],"collection":[{"href":"https:\/\/limittools.test.consids5.se\/sv\/wp-json\/wp\/v2\/product"}],"about":[{"href":"https:\/\/limittools.test.consids5.se\/sv\/wp-json\/wp\/v2\/types\/product"}],"replies":[{"embeddable":true,"href":"https:\/\/limittools.test.consids5.se\/sv\/wp-json\/wp\/v2\/comments?post=4193"}],"wp:attachment":[{"href":"https:\/\/limittools.test.consids5.se\/sv\/wp-json\/wp\/v2\/media?parent=4193"}],"wp:term":[{"taxonomy":"product_cat","embeddable":true,"href":"https:\/\/limittools.test.consids5.se\/sv\/wp-json\/wp\/v2\/product_cat?post=4193"},{"taxonomy":"product_tag","embeddable":true,"href":"https:\/\/limittools.test.consids5.se\/sv\/wp-json\/wp\/v2\/product_tag?post=4193"}],"curies":[{"name":"wp","href":"https:\/\/api.w.org\/{rel}","templated":true}]}}