{"id":4434,"date":"2026-04-01T20:28:08","date_gmt":"2026-04-01T20:28:08","guid":{"rendered":"http:\/\/limit-tools.local\/product\/mikrometer-dig-75-100mm-ip65\/"},"modified":"2026-04-01T20:28:08","modified_gmt":"2026-04-01T20:28:08","slug":"mikrometer-dig-75-100mm-ip65","status":"publish","type":"product","link":"https:\/\/limittools.test.consids5.se\/sv\/product\/mikrometer-dig-75-100mm-ip65\/","title":{"rendered":"MIKROMETER DIG. 75-100MM IP65"},"content":{"rendered":"<p>Digital mikrometer av smiddbygel och IP65 klass f\u00f6r snabba avl\u00e4sning av m\u00e4tresultat. Damm och vattent\u00e4t. H\u00e4rdad spindel med finl\u00e4ppade m\u00e4tytor av h\u00e5rdmetall. LCD sk\u00e4rm med 7,5mm siffror. Knappar f\u00f6r p\u00e5\/avst\u00e4ning och olika funktioner. Friktionshylsa och l\u00e5svred. Tillverkad enligt DIN 863. Batteri typ SR44, ing\u00e5r.<\/p>\n","protected":false},"excerpt":{"rendered":"Digital mikrometer av smiddbygel och IP65 klass f\u00f6r snabba avl\u00e4sning av m\u00e4tresultat. Damm och vattent\u00e4t. H\u00e4rdad spindel med finl\u00e4ppade m\u00e4tytor [&hellip;]","protected":false},"featured_media":0,"comment_status":"closed","ping_status":"closed","template":"","meta":{"_acf_changed":false},"product_cat":[309,249],"product_tag":[],"class_list":{"0":"post-4434","1":"product","2":"type-product","3":"status-publish","5":"product_cat-mikrometrar-sv","6":"product_cat-verkstadsmat-sv","8":"first","9":"instock","10":"shipping-taxable","11":"product-type-simple"},"acf":[],"yoast_head":"<!-- This site is optimized with the Yoast SEO plugin v23.2 - https:\/\/yoast.com\/wordpress\/plugins\/seo\/ -->\n<title>MIKROMETER DIG. 75-100MM IP65 - Precision measuring instruments | Limit<\/title>\n<meta name=\"robots\" content=\"index, follow, max-snippet:-1, max-image-preview:large, max-video-preview:-1\" \/>\n<link rel=\"canonical\" href=\"https:\/\/limittools.test.consids5.se\/sv\/product\/mikrometer-dig-75-100mm-ip65\/\" \/>\n<meta property=\"og:locale\" content=\"sv_SE\" \/>\n<meta property=\"og:type\" content=\"article\" \/>\n<meta property=\"og:title\" content=\"MIKROMETER DIG. 75-100MM IP65 - Precision measuring instruments | Limit\" \/>\n<meta property=\"og:description\" content=\"Digital mikrometer av smiddbygel och IP65 klass f\u00f6r snabba avl\u00e4sning av m\u00e4tresultat. Damm och vattent\u00e4t. H\u00e4rdad spindel med finl\u00e4ppade m\u00e4tytor [&hellip;]\" \/>\n<meta property=\"og:url\" content=\"https:\/\/limittools.test.consids5.se\/sv\/product\/mikrometer-dig-75-100mm-ip65\/\" \/>\n<meta property=\"og:site_name\" content=\"Precision measuring instruments | Limit\" \/>\n<meta property=\"article:publisher\" content=\"https:\/\/www.facebook.com\/limittools\/\" \/>\n<meta name=\"twitter:card\" content=\"summary_large_image\" \/>\n<script type=\"application\/ld+json\" class=\"yoast-schema-graph\">{\"@context\":\"https:\/\/schema.org\",\"@graph\":[{\"@type\":\"WebPage\",\"@id\":\"https:\/\/limittools.test.consids5.se\/sv\/product\/mikrometer-dig-75-100mm-ip65\/\",\"url\":\"https:\/\/limittools.test.consids5.se\/sv\/product\/mikrometer-dig-75-100mm-ip65\/\",\"name\":\"MIKROMETER DIG. 75-100MM IP65 - Precision measuring instruments | Limit\",\"isPartOf\":{\"@id\":\"https:\/\/limittools.test.consids5.se\/#website\"},\"datePublished\":\"2026-04-01T20:28:08+00:00\",\"dateModified\":\"2026-04-01T20:28:08+00:00\",\"breadcrumb\":{\"@id\":\"https:\/\/limittools.test.consids5.se\/sv\/product\/mikrometer-dig-75-100mm-ip65\/#breadcrumb\"},\"inLanguage\":\"sv-SE\",\"potentialAction\":[{\"@type\":\"ReadAction\",\"target\":[\"https:\/\/limittools.test.consids5.se\/sv\/product\/mikrometer-dig-75-100mm-ip65\/\"]}]},{\"@type\":\"BreadcrumbList\",\"@id\":\"https:\/\/limittools.test.consids5.se\/sv\/product\/mikrometer-dig-75-100mm-ip65\/#breadcrumb\",\"itemListElement\":[{\"@type\":\"ListItem\",\"position\":1,\"name\":\"Products\",\"item\":\"https:\/\/limittools.test.consids5.se\/products\/\"},{\"@type\":\"ListItem\",\"position\":2,\"name\":\"MIKROMETER DIG. 75-100MM IP65\"}]},{\"@type\":\"WebSite\",\"@id\":\"https:\/\/limittools.test.consids5.se\/#website\",\"url\":\"https:\/\/limittools.test.consids5.se\/\",\"name\":\"Precision measuring instruments | Limit\",\"description\":\"Everything can be measured\",\"potentialAction\":[{\"@type\":\"SearchAction\",\"target\":{\"@type\":\"EntryPoint\",\"urlTemplate\":\"https:\/\/limittools.test.consids5.se\/?s={search_term_string}\"},\"query-input\":\"required name=search_term_string\"}],\"inLanguage\":\"sv-SE\"}]}<\/script>\n<!-- \/ Yoast SEO plugin. -->","yoast_head_json":{"title":"MIKROMETER DIG. 75-100MM IP65 - Precision measuring instruments | Limit","robots":{"index":"index","follow":"follow","max-snippet":"max-snippet:-1","max-image-preview":"max-image-preview:large","max-video-preview":"max-video-preview:-1"},"canonical":"https:\/\/limittools.test.consids5.se\/sv\/product\/mikrometer-dig-75-100mm-ip65\/","og_locale":"sv_SE","og_type":"article","og_title":"MIKROMETER DIG. 75-100MM IP65 - Precision measuring instruments | Limit","og_description":"Digital mikrometer av smiddbygel och IP65 klass f\u00f6r snabba avl\u00e4sning av m\u00e4tresultat. Damm och vattent\u00e4t. H\u00e4rdad spindel med finl\u00e4ppade m\u00e4tytor [&hellip;]","og_url":"https:\/\/limittools.test.consids5.se\/sv\/product\/mikrometer-dig-75-100mm-ip65\/","og_site_name":"Precision measuring instruments | Limit","article_publisher":"https:\/\/www.facebook.com\/limittools\/","twitter_card":"summary_large_image","schema":{"@context":"https:\/\/schema.org","@graph":[{"@type":"WebPage","@id":"https:\/\/limittools.test.consids5.se\/sv\/product\/mikrometer-dig-75-100mm-ip65\/","url":"https:\/\/limittools.test.consids5.se\/sv\/product\/mikrometer-dig-75-100mm-ip65\/","name":"MIKROMETER DIG. 75-100MM IP65 - Precision measuring instruments | Limit","isPartOf":{"@id":"https:\/\/limittools.test.consids5.se\/#website"},"datePublished":"2026-04-01T20:28:08+00:00","dateModified":"2026-04-01T20:28:08+00:00","breadcrumb":{"@id":"https:\/\/limittools.test.consids5.se\/sv\/product\/mikrometer-dig-75-100mm-ip65\/#breadcrumb"},"inLanguage":"sv-SE","potentialAction":[{"@type":"ReadAction","target":["https:\/\/limittools.test.consids5.se\/sv\/product\/mikrometer-dig-75-100mm-ip65\/"]}]},{"@type":"BreadcrumbList","@id":"https:\/\/limittools.test.consids5.se\/sv\/product\/mikrometer-dig-75-100mm-ip65\/#breadcrumb","itemListElement":[{"@type":"ListItem","position":1,"name":"Products","item":"https:\/\/limittools.test.consids5.se\/products\/"},{"@type":"ListItem","position":2,"name":"MIKROMETER DIG. 75-100MM IP65"}]},{"@type":"WebSite","@id":"https:\/\/limittools.test.consids5.se\/#website","url":"https:\/\/limittools.test.consids5.se\/","name":"Precision measuring instruments | Limit","description":"Everything can be measured","potentialAction":[{"@type":"SearchAction","target":{"@type":"EntryPoint","urlTemplate":"https:\/\/limittools.test.consids5.se\/?s={search_term_string}"},"query-input":"required name=search_term_string"}],"inLanguage":"sv-SE"}]}},"_links":{"self":[{"href":"https:\/\/limittools.test.consids5.se\/sv\/wp-json\/wp\/v2\/product\/4434"}],"collection":[{"href":"https:\/\/limittools.test.consids5.se\/sv\/wp-json\/wp\/v2\/product"}],"about":[{"href":"https:\/\/limittools.test.consids5.se\/sv\/wp-json\/wp\/v2\/types\/product"}],"replies":[{"embeddable":true,"href":"https:\/\/limittools.test.consids5.se\/sv\/wp-json\/wp\/v2\/comments?post=4434"}],"wp:attachment":[{"href":"https:\/\/limittools.test.consids5.se\/sv\/wp-json\/wp\/v2\/media?parent=4434"}],"wp:term":[{"taxonomy":"product_cat","embeddable":true,"href":"https:\/\/limittools.test.consids5.se\/sv\/wp-json\/wp\/v2\/product_cat?post=4434"},{"taxonomy":"product_tag","embeddable":true,"href":"https:\/\/limittools.test.consids5.se\/sv\/wp-json\/wp\/v2\/product_tag?post=4434"}],"curies":[{"name":"wp","href":"https:\/\/api.w.org\/{rel}","templated":true}]}}