{"id":4439,"date":"2026-04-01T20:28:10","date_gmt":"2026-04-01T20:28:10","guid":{"rendered":"http:\/\/limit-tools.local\/product\/trepunktsmikrometer-30-40mm\/"},"modified":"2026-04-01T20:28:10","modified_gmt":"2026-04-01T20:28:10","slug":"trepunktsmikrometer-30-40mm","status":"publish","type":"product","link":"https:\/\/limittools.test.consids5.se\/sv\/product\/trepunktsmikrometer-30-40mm\/","title":{"rendered":"TREPUNKTSMIKROMETER 30-40MM"},"content":{"rendered":"<p>Trepunktsmikrometer och satser avsedd f\u00f6r h\u00e5lm\u00e4tning. Med friktionsanordning som ger en konstant m\u00e4tkraft samt sj\u00e4lvcentrerar m\u00e4tdonet. M\u00e4tytor av h\u00e5rdmetall. M\u00e4tspetsarna n\u00e5r till 0.5 mm fr\u00e5n botten av ett blint h\u00e5l. Inst\u00e4llningsring ing\u00e5r. Den ena satsen inneh\u00e5ller fyra mikrometrar i 20-50mm och andra satsen 63-100 mm samt 2 inst\u00e4llningsringar i varje sats. Levereras med f\u00f6rl\u00e4ngare och inst\u00e4llningsring.Tillverkad enligt DIN 863\/4.<\/p>\n","protected":false},"excerpt":{"rendered":"Trepunktsmikrometer och satser avsedd f\u00f6r h\u00e5lm\u00e4tning. Med friktionsanordning som ger en konstant m\u00e4tkraft samt sj\u00e4lvcentrerar m\u00e4tdonet. M\u00e4tytor av h\u00e5rdmetall. M\u00e4tspetsarna [&hellip;]","protected":false},"featured_media":0,"comment_status":"closed","ping_status":"closed","template":"","meta":{"_acf_changed":false},"product_cat":[309,249],"product_tag":[],"class_list":{"0":"post-4439","1":"product","2":"type-product","3":"status-publish","5":"product_cat-mikrometrar-sv","6":"product_cat-verkstadsmat-sv","8":"first","9":"instock","10":"shipping-taxable","11":"product-type-simple"},"acf":[],"yoast_head":"<!-- This site is optimized with the Yoast SEO plugin v23.2 - https:\/\/yoast.com\/wordpress\/plugins\/seo\/ -->\n<title>TREPUNKTSMIKROMETER 30-40MM - Precision measuring instruments | Limit<\/title>\n<meta name=\"robots\" content=\"index, follow, max-snippet:-1, max-image-preview:large, max-video-preview:-1\" \/>\n<link rel=\"canonical\" href=\"https:\/\/limittools.test.consids5.se\/sv\/product\/trepunktsmikrometer-30-40mm\/\" \/>\n<meta property=\"og:locale\" content=\"sv_SE\" \/>\n<meta property=\"og:type\" content=\"article\" \/>\n<meta property=\"og:title\" content=\"TREPUNKTSMIKROMETER 30-40MM - Precision measuring instruments | Limit\" \/>\n<meta property=\"og:description\" content=\"Trepunktsmikrometer och satser avsedd f\u00f6r h\u00e5lm\u00e4tning. Med friktionsanordning som ger en konstant m\u00e4tkraft samt sj\u00e4lvcentrerar m\u00e4tdonet. M\u00e4tytor av h\u00e5rdmetall. M\u00e4tspetsarna [&hellip;]\" \/>\n<meta property=\"og:url\" content=\"https:\/\/limittools.test.consids5.se\/sv\/product\/trepunktsmikrometer-30-40mm\/\" \/>\n<meta property=\"og:site_name\" content=\"Precision measuring instruments | Limit\" \/>\n<meta property=\"article:publisher\" content=\"https:\/\/www.facebook.com\/limittools\/\" \/>\n<meta name=\"twitter:card\" content=\"summary_large_image\" \/>\n<script type=\"application\/ld+json\" class=\"yoast-schema-graph\">{\"@context\":\"https:\/\/schema.org\",\"@graph\":[{\"@type\":\"WebPage\",\"@id\":\"https:\/\/limittools.test.consids5.se\/sv\/product\/trepunktsmikrometer-30-40mm\/\",\"url\":\"https:\/\/limittools.test.consids5.se\/sv\/product\/trepunktsmikrometer-30-40mm\/\",\"name\":\"TREPUNKTSMIKROMETER 30-40MM - Precision measuring instruments | Limit\",\"isPartOf\":{\"@id\":\"https:\/\/limittools.test.consids5.se\/#website\"},\"datePublished\":\"2026-04-01T20:28:10+00:00\",\"dateModified\":\"2026-04-01T20:28:10+00:00\",\"breadcrumb\":{\"@id\":\"https:\/\/limittools.test.consids5.se\/sv\/product\/trepunktsmikrometer-30-40mm\/#breadcrumb\"},\"inLanguage\":\"sv-SE\",\"potentialAction\":[{\"@type\":\"ReadAction\",\"target\":[\"https:\/\/limittools.test.consids5.se\/sv\/product\/trepunktsmikrometer-30-40mm\/\"]}]},{\"@type\":\"BreadcrumbList\",\"@id\":\"https:\/\/limittools.test.consids5.se\/sv\/product\/trepunktsmikrometer-30-40mm\/#breadcrumb\",\"itemListElement\":[{\"@type\":\"ListItem\",\"position\":1,\"name\":\"Products\",\"item\":\"https:\/\/limittools.test.consids5.se\/products\/\"},{\"@type\":\"ListItem\",\"position\":2,\"name\":\"TREPUNKTSMIKROMETER 30-40MM\"}]},{\"@type\":\"WebSite\",\"@id\":\"https:\/\/limittools.test.consids5.se\/#website\",\"url\":\"https:\/\/limittools.test.consids5.se\/\",\"name\":\"Precision measuring instruments | Limit\",\"description\":\"Everything can be measured\",\"potentialAction\":[{\"@type\":\"SearchAction\",\"target\":{\"@type\":\"EntryPoint\",\"urlTemplate\":\"https:\/\/limittools.test.consids5.se\/?s={search_term_string}\"},\"query-input\":\"required name=search_term_string\"}],\"inLanguage\":\"sv-SE\"}]}<\/script>\n<!-- \/ Yoast SEO plugin. -->","yoast_head_json":{"title":"TREPUNKTSMIKROMETER 30-40MM - Precision measuring instruments | Limit","robots":{"index":"index","follow":"follow","max-snippet":"max-snippet:-1","max-image-preview":"max-image-preview:large","max-video-preview":"max-video-preview:-1"},"canonical":"https:\/\/limittools.test.consids5.se\/sv\/product\/trepunktsmikrometer-30-40mm\/","og_locale":"sv_SE","og_type":"article","og_title":"TREPUNKTSMIKROMETER 30-40MM - Precision measuring instruments | Limit","og_description":"Trepunktsmikrometer och satser avsedd f\u00f6r h\u00e5lm\u00e4tning. Med friktionsanordning som ger en konstant m\u00e4tkraft samt sj\u00e4lvcentrerar m\u00e4tdonet. M\u00e4tytor av h\u00e5rdmetall. M\u00e4tspetsarna [&hellip;]","og_url":"https:\/\/limittools.test.consids5.se\/sv\/product\/trepunktsmikrometer-30-40mm\/","og_site_name":"Precision measuring instruments | Limit","article_publisher":"https:\/\/www.facebook.com\/limittools\/","twitter_card":"summary_large_image","schema":{"@context":"https:\/\/schema.org","@graph":[{"@type":"WebPage","@id":"https:\/\/limittools.test.consids5.se\/sv\/product\/trepunktsmikrometer-30-40mm\/","url":"https:\/\/limittools.test.consids5.se\/sv\/product\/trepunktsmikrometer-30-40mm\/","name":"TREPUNKTSMIKROMETER 30-40MM - Precision measuring instruments | Limit","isPartOf":{"@id":"https:\/\/limittools.test.consids5.se\/#website"},"datePublished":"2026-04-01T20:28:10+00:00","dateModified":"2026-04-01T20:28:10+00:00","breadcrumb":{"@id":"https:\/\/limittools.test.consids5.se\/sv\/product\/trepunktsmikrometer-30-40mm\/#breadcrumb"},"inLanguage":"sv-SE","potentialAction":[{"@type":"ReadAction","target":["https:\/\/limittools.test.consids5.se\/sv\/product\/trepunktsmikrometer-30-40mm\/"]}]},{"@type":"BreadcrumbList","@id":"https:\/\/limittools.test.consids5.se\/sv\/product\/trepunktsmikrometer-30-40mm\/#breadcrumb","itemListElement":[{"@type":"ListItem","position":1,"name":"Products","item":"https:\/\/limittools.test.consids5.se\/products\/"},{"@type":"ListItem","position":2,"name":"TREPUNKTSMIKROMETER 30-40MM"}]},{"@type":"WebSite","@id":"https:\/\/limittools.test.consids5.se\/#website","url":"https:\/\/limittools.test.consids5.se\/","name":"Precision measuring instruments | Limit","description":"Everything can be measured","potentialAction":[{"@type":"SearchAction","target":{"@type":"EntryPoint","urlTemplate":"https:\/\/limittools.test.consids5.se\/?s={search_term_string}"},"query-input":"required name=search_term_string"}],"inLanguage":"sv-SE"}]}},"_links":{"self":[{"href":"https:\/\/limittools.test.consids5.se\/sv\/wp-json\/wp\/v2\/product\/4439"}],"collection":[{"href":"https:\/\/limittools.test.consids5.se\/sv\/wp-json\/wp\/v2\/product"}],"about":[{"href":"https:\/\/limittools.test.consids5.se\/sv\/wp-json\/wp\/v2\/types\/product"}],"replies":[{"embeddable":true,"href":"https:\/\/limittools.test.consids5.se\/sv\/wp-json\/wp\/v2\/comments?post=4439"}],"wp:attachment":[{"href":"https:\/\/limittools.test.consids5.se\/sv\/wp-json\/wp\/v2\/media?parent=4439"}],"wp:term":[{"taxonomy":"product_cat","embeddable":true,"href":"https:\/\/limittools.test.consids5.se\/sv\/wp-json\/wp\/v2\/product_cat?post=4439"},{"taxonomy":"product_tag","embeddable":true,"href":"https:\/\/limittools.test.consids5.se\/sv\/wp-json\/wp\/v2\/product_tag?post=4439"}],"curies":[{"name":"wp","href":"https:\/\/api.w.org\/{rel}","templated":true}]}}