{"id":4451,"date":"2026-04-01T20:28:14","date_gmt":"2026-04-01T20:28:14","guid":{"rendered":"http:\/\/limit-tools.local\/product\/vinkelmatare-digital-limit-afb\/"},"modified":"2026-04-01T20:28:14","modified_gmt":"2026-04-01T20:28:14","slug":"vinkelmatare-digital-limit-afb","status":"publish","type":"product","link":"https:\/\/limittools.test.consids5.se\/sv\/product\/vinkelmatare-digital-limit-afb\/","title":{"rendered":"VINKELM\u00c4TARE DIGITAL LIMIT AFB"},"content":{"rendered":"<p>Robust digital vinkelm\u00e4tare som m\u00e4ter vinklar upp till 225 grader och r\u00e4kna fram olika vinklar s\u00e5 som kompletterande vinkel, mitten vinkel och gers\u00e5gsvinklar snabbt och enkelt. LCD med 12.7 mm stora siffror som g\u00e5r att rotera i 180 grader. Displayen \u00e4r automatiskt st\u00e4lld i absolutv\u00e4rde men kan nollst\u00e4llas i alla positioner. Holdknapp f\u00f6r frysning av m\u00e4tv\u00e4rdet. Armen \u00e4r l\u00e5sbar i olika positioner med l\u00e5svred. Automatisk utr\u00e4kning av kompletterande vinkel och mitten vinkel. Taklist modul r\u00e4knar fram gers\u00e5gsvinklar direkt genom att man matta in vinkel mot v\u00e4gg och h\u00f6rnvinkel.<br \/>\nBatterityp LR03 x 2 ing\u00e5r.<\/p>\n","protected":false},"excerpt":{"rendered":"Robust digital vinkelm\u00e4tare som m\u00e4ter vinklar upp till 225 grader och r\u00e4kna fram olika vinklar s\u00e5 som kompletterande vinkel, mitten [&hellip;]","protected":false},"featured_media":0,"comment_status":"closed","ping_status":"closed","template":"","meta":{"_acf_changed":false},"product_cat":[795,249],"product_tag":[],"class_list":{"0":"post-4451","1":"product","2":"type-product","3":"status-publish","5":"product_cat-vinkelmatare-sv","6":"product_cat-verkstadsmat-sv","8":"first","9":"instock","10":"shipping-taxable","11":"product-type-simple"},"acf":[],"yoast_head":"<!-- This site is optimized with the Yoast SEO plugin v23.2 - https:\/\/yoast.com\/wordpress\/plugins\/seo\/ -->\n<title>VINKELM\u00c4TARE DIGITAL LIMIT AFB - Precision measuring instruments | Limit<\/title>\n<meta name=\"robots\" content=\"index, follow, max-snippet:-1, max-image-preview:large, max-video-preview:-1\" \/>\n<link rel=\"canonical\" href=\"https:\/\/limittools.test.consids5.se\/sv\/product\/vinkelmatare-digital-limit-afb\/\" \/>\n<meta property=\"og:locale\" content=\"sv_SE\" \/>\n<meta property=\"og:type\" content=\"article\" \/>\n<meta property=\"og:title\" content=\"VINKELM\u00c4TARE DIGITAL LIMIT AFB - Precision measuring instruments | Limit\" \/>\n<meta property=\"og:description\" content=\"Robust digital vinkelm\u00e4tare som m\u00e4ter vinklar upp till 225 grader och r\u00e4kna fram olika vinklar s\u00e5 som kompletterande vinkel, mitten [&hellip;]\" \/>\n<meta property=\"og:url\" content=\"https:\/\/limittools.test.consids5.se\/sv\/product\/vinkelmatare-digital-limit-afb\/\" \/>\n<meta property=\"og:site_name\" content=\"Precision measuring instruments | Limit\" \/>\n<meta property=\"article:publisher\" content=\"https:\/\/www.facebook.com\/limittools\/\" \/>\n<meta name=\"twitter:card\" content=\"summary_large_image\" \/>\n<meta name=\"twitter:label1\" content=\"Est. reading time\" \/>\n\t<meta name=\"twitter:data1\" content=\"1 minute\" \/>\n<script type=\"application\/ld+json\" class=\"yoast-schema-graph\">{\"@context\":\"https:\/\/schema.org\",\"@graph\":[{\"@type\":\"WebPage\",\"@id\":\"https:\/\/limittools.test.consids5.se\/sv\/product\/vinkelmatare-digital-limit-afb\/\",\"url\":\"https:\/\/limittools.test.consids5.se\/sv\/product\/vinkelmatare-digital-limit-afb\/\",\"name\":\"VINKELM\u00c4TARE DIGITAL LIMIT AFB - Precision measuring instruments | Limit\",\"isPartOf\":{\"@id\":\"https:\/\/limittools.test.consids5.se\/#website\"},\"datePublished\":\"2026-04-01T20:28:14+00:00\",\"dateModified\":\"2026-04-01T20:28:14+00:00\",\"breadcrumb\":{\"@id\":\"https:\/\/limittools.test.consids5.se\/sv\/product\/vinkelmatare-digital-limit-afb\/#breadcrumb\"},\"inLanguage\":\"sv-SE\",\"potentialAction\":[{\"@type\":\"ReadAction\",\"target\":[\"https:\/\/limittools.test.consids5.se\/sv\/product\/vinkelmatare-digital-limit-afb\/\"]}]},{\"@type\":\"BreadcrumbList\",\"@id\":\"https:\/\/limittools.test.consids5.se\/sv\/product\/vinkelmatare-digital-limit-afb\/#breadcrumb\",\"itemListElement\":[{\"@type\":\"ListItem\",\"position\":1,\"name\":\"Products\",\"item\":\"https:\/\/limittools.test.consids5.se\/products\/\"},{\"@type\":\"ListItem\",\"position\":2,\"name\":\"VINKELM\u00c4TARE DIGITAL LIMIT AFB\"}]},{\"@type\":\"WebSite\",\"@id\":\"https:\/\/limittools.test.consids5.se\/#website\",\"url\":\"https:\/\/limittools.test.consids5.se\/\",\"name\":\"Precision measuring instruments | Limit\",\"description\":\"Everything can be measured\",\"potentialAction\":[{\"@type\":\"SearchAction\",\"target\":{\"@type\":\"EntryPoint\",\"urlTemplate\":\"https:\/\/limittools.test.consids5.se\/?s={search_term_string}\"},\"query-input\":\"required name=search_term_string\"}],\"inLanguage\":\"sv-SE\"}]}<\/script>\n<!-- \/ Yoast SEO plugin. -->","yoast_head_json":{"title":"VINKELM\u00c4TARE DIGITAL LIMIT AFB - Precision measuring instruments | Limit","robots":{"index":"index","follow":"follow","max-snippet":"max-snippet:-1","max-image-preview":"max-image-preview:large","max-video-preview":"max-video-preview:-1"},"canonical":"https:\/\/limittools.test.consids5.se\/sv\/product\/vinkelmatare-digital-limit-afb\/","og_locale":"sv_SE","og_type":"article","og_title":"VINKELM\u00c4TARE DIGITAL LIMIT AFB - Precision measuring instruments | Limit","og_description":"Robust digital vinkelm\u00e4tare som m\u00e4ter vinklar upp till 225 grader och r\u00e4kna fram olika vinklar s\u00e5 som kompletterande vinkel, mitten [&hellip;]","og_url":"https:\/\/limittools.test.consids5.se\/sv\/product\/vinkelmatare-digital-limit-afb\/","og_site_name":"Precision measuring instruments | Limit","article_publisher":"https:\/\/www.facebook.com\/limittools\/","twitter_card":"summary_large_image","twitter_misc":{"Est. reading time":"1 minute"},"schema":{"@context":"https:\/\/schema.org","@graph":[{"@type":"WebPage","@id":"https:\/\/limittools.test.consids5.se\/sv\/product\/vinkelmatare-digital-limit-afb\/","url":"https:\/\/limittools.test.consids5.se\/sv\/product\/vinkelmatare-digital-limit-afb\/","name":"VINKELM\u00c4TARE DIGITAL LIMIT AFB - Precision measuring instruments | Limit","isPartOf":{"@id":"https:\/\/limittools.test.consids5.se\/#website"},"datePublished":"2026-04-01T20:28:14+00:00","dateModified":"2026-04-01T20:28:14+00:00","breadcrumb":{"@id":"https:\/\/limittools.test.consids5.se\/sv\/product\/vinkelmatare-digital-limit-afb\/#breadcrumb"},"inLanguage":"sv-SE","potentialAction":[{"@type":"ReadAction","target":["https:\/\/limittools.test.consids5.se\/sv\/product\/vinkelmatare-digital-limit-afb\/"]}]},{"@type":"BreadcrumbList","@id":"https:\/\/limittools.test.consids5.se\/sv\/product\/vinkelmatare-digital-limit-afb\/#breadcrumb","itemListElement":[{"@type":"ListItem","position":1,"name":"Products","item":"https:\/\/limittools.test.consids5.se\/products\/"},{"@type":"ListItem","position":2,"name":"VINKELM\u00c4TARE DIGITAL LIMIT AFB"}]},{"@type":"WebSite","@id":"https:\/\/limittools.test.consids5.se\/#website","url":"https:\/\/limittools.test.consids5.se\/","name":"Precision measuring instruments | Limit","description":"Everything can be measured","potentialAction":[{"@type":"SearchAction","target":{"@type":"EntryPoint","urlTemplate":"https:\/\/limittools.test.consids5.se\/?s={search_term_string}"},"query-input":"required name=search_term_string"}],"inLanguage":"sv-SE"}]}},"_links":{"self":[{"href":"https:\/\/limittools.test.consids5.se\/sv\/wp-json\/wp\/v2\/product\/4451"}],"collection":[{"href":"https:\/\/limittools.test.consids5.se\/sv\/wp-json\/wp\/v2\/product"}],"about":[{"href":"https:\/\/limittools.test.consids5.se\/sv\/wp-json\/wp\/v2\/types\/product"}],"replies":[{"embeddable":true,"href":"https:\/\/limittools.test.consids5.se\/sv\/wp-json\/wp\/v2\/comments?post=4451"}],"wp:attachment":[{"href":"https:\/\/limittools.test.consids5.se\/sv\/wp-json\/wp\/v2\/media?parent=4451"}],"wp:term":[{"taxonomy":"product_cat","embeddable":true,"href":"https:\/\/limittools.test.consids5.se\/sv\/wp-json\/wp\/v2\/product_cat?post=4451"},{"taxonomy":"product_tag","embeddable":true,"href":"https:\/\/limittools.test.consids5.se\/sv\/wp-json\/wp\/v2\/product_tag?post=4451"}],"curies":[{"name":"wp","href":"https:\/\/api.w.org\/{rel}","templated":true}]}}