{"id":4480,"date":"2026-04-01T20:28:19","date_gmt":"2026-04-01T20:28:19","guid":{"rendered":"http:\/\/limit-tools.local\/product\/digital-skjutmatt-limit-cdn150\/"},"modified":"2026-04-01T20:28:19","modified_gmt":"2026-04-01T20:28:19","slug":"digital-skjutmatt-limit-cdn150","status":"publish","type":"product","link":"https:\/\/limittools.test.consids5.se\/sv\/product\/digital-skjutmatt-limit-cdn150\/","title":{"rendered":"DIGITAL SKJUTM\u00c5TT LIMIT CDN150"},"content":{"rendered":"<p>Digital skjutm\u00e5tt med stor LCD sk\u00e4rm med 13 mm stora siffror f\u00f6r snabb avl\u00e4sning av m\u00e4tresultat. Kan m\u00e4ta b\u00e5de innerdiameter, ytterdiameter, djup och h\u00f6jd samt ritsfunktion. Skala i rostfritt st\u00e5l. Avl\u00e4sning i mm eller tum, svarshastighet 3,0 m\/sekund, automatisk avst\u00e4ngning. Absolutm\u00e4tning och nollinst\u00e4llning i alla positioner. Tillverkad enligt DIN 862. Batterityp CR2032 ing\u00e5r.<\/p>\n","protected":false},"excerpt":{"rendered":"Digital skjutm\u00e5tt med stor LCD sk\u00e4rm med 13 mm stora siffror f\u00f6r snabb avl\u00e4sning av m\u00e4tresultat. Kan m\u00e4ta b\u00e5de innerdiameter, [&hellip;]","protected":false},"featured_media":0,"comment_status":"closed","ping_status":"closed","template":"","meta":{"_acf_changed":false},"product_cat":[359,249],"product_tag":[],"class_list":{"0":"post-4480","1":"product","2":"type-product","3":"status-publish","5":"product_cat-digitala-skjutmatt-sv","6":"product_cat-verkstadsmat-sv","8":"first","9":"instock","10":"shipping-taxable","11":"product-type-simple"},"acf":[],"yoast_head":"<!-- This site is optimized with the Yoast SEO plugin v23.2 - https:\/\/yoast.com\/wordpress\/plugins\/seo\/ -->\n<title>DIGITAL SKJUTM\u00c5TT LIMIT CDN150 - Precision measuring instruments | Limit<\/title>\n<meta name=\"robots\" content=\"index, follow, max-snippet:-1, max-image-preview:large, max-video-preview:-1\" \/>\n<link rel=\"canonical\" href=\"https:\/\/limittools.test.consids5.se\/sv\/product\/digital-skjutmatt-limit-cdn150\/\" \/>\n<meta property=\"og:locale\" content=\"sv_SE\" \/>\n<meta property=\"og:type\" content=\"article\" \/>\n<meta property=\"og:title\" content=\"DIGITAL SKJUTM\u00c5TT LIMIT CDN150 - Precision measuring instruments | Limit\" \/>\n<meta property=\"og:description\" content=\"Digital skjutm\u00e5tt med stor LCD sk\u00e4rm med 13 mm stora siffror f\u00f6r snabb avl\u00e4sning av m\u00e4tresultat. Kan m\u00e4ta b\u00e5de innerdiameter, [&hellip;]\" \/>\n<meta property=\"og:url\" content=\"https:\/\/limittools.test.consids5.se\/sv\/product\/digital-skjutmatt-limit-cdn150\/\" \/>\n<meta property=\"og:site_name\" content=\"Precision measuring instruments | Limit\" \/>\n<meta property=\"article:publisher\" content=\"https:\/\/www.facebook.com\/limittools\/\" \/>\n<meta name=\"twitter:card\" content=\"summary_large_image\" \/>\n<script type=\"application\/ld+json\" class=\"yoast-schema-graph\">{\"@context\":\"https:\/\/schema.org\",\"@graph\":[{\"@type\":\"WebPage\",\"@id\":\"https:\/\/limittools.test.consids5.se\/sv\/product\/digital-skjutmatt-limit-cdn150\/\",\"url\":\"https:\/\/limittools.test.consids5.se\/sv\/product\/digital-skjutmatt-limit-cdn150\/\",\"name\":\"DIGITAL SKJUTM\u00c5TT LIMIT CDN150 - Precision measuring instruments | Limit\",\"isPartOf\":{\"@id\":\"https:\/\/limittools.test.consids5.se\/#website\"},\"datePublished\":\"2026-04-01T20:28:19+00:00\",\"dateModified\":\"2026-04-01T20:28:19+00:00\",\"breadcrumb\":{\"@id\":\"https:\/\/limittools.test.consids5.se\/sv\/product\/digital-skjutmatt-limit-cdn150\/#breadcrumb\"},\"inLanguage\":\"sv-SE\",\"potentialAction\":[{\"@type\":\"ReadAction\",\"target\":[\"https:\/\/limittools.test.consids5.se\/sv\/product\/digital-skjutmatt-limit-cdn150\/\"]}]},{\"@type\":\"BreadcrumbList\",\"@id\":\"https:\/\/limittools.test.consids5.se\/sv\/product\/digital-skjutmatt-limit-cdn150\/#breadcrumb\",\"itemListElement\":[{\"@type\":\"ListItem\",\"position\":1,\"name\":\"Products\",\"item\":\"https:\/\/limittools.test.consids5.se\/products\/\"},{\"@type\":\"ListItem\",\"position\":2,\"name\":\"DIGITAL SKJUTM\u00c5TT LIMIT CDN150\"}]},{\"@type\":\"WebSite\",\"@id\":\"https:\/\/limittools.test.consids5.se\/#website\",\"url\":\"https:\/\/limittools.test.consids5.se\/\",\"name\":\"Precision measuring instruments | Limit\",\"description\":\"Everything can be measured\",\"potentialAction\":[{\"@type\":\"SearchAction\",\"target\":{\"@type\":\"EntryPoint\",\"urlTemplate\":\"https:\/\/limittools.test.consids5.se\/?s={search_term_string}\"},\"query-input\":\"required name=search_term_string\"}],\"inLanguage\":\"sv-SE\"}]}<\/script>\n<!-- \/ Yoast SEO plugin. -->","yoast_head_json":{"title":"DIGITAL SKJUTM\u00c5TT LIMIT CDN150 - Precision measuring instruments | Limit","robots":{"index":"index","follow":"follow","max-snippet":"max-snippet:-1","max-image-preview":"max-image-preview:large","max-video-preview":"max-video-preview:-1"},"canonical":"https:\/\/limittools.test.consids5.se\/sv\/product\/digital-skjutmatt-limit-cdn150\/","og_locale":"sv_SE","og_type":"article","og_title":"DIGITAL SKJUTM\u00c5TT LIMIT CDN150 - Precision measuring instruments | Limit","og_description":"Digital skjutm\u00e5tt med stor LCD sk\u00e4rm med 13 mm stora siffror f\u00f6r snabb avl\u00e4sning av m\u00e4tresultat. Kan m\u00e4ta b\u00e5de innerdiameter, [&hellip;]","og_url":"https:\/\/limittools.test.consids5.se\/sv\/product\/digital-skjutmatt-limit-cdn150\/","og_site_name":"Precision measuring instruments | Limit","article_publisher":"https:\/\/www.facebook.com\/limittools\/","twitter_card":"summary_large_image","schema":{"@context":"https:\/\/schema.org","@graph":[{"@type":"WebPage","@id":"https:\/\/limittools.test.consids5.se\/sv\/product\/digital-skjutmatt-limit-cdn150\/","url":"https:\/\/limittools.test.consids5.se\/sv\/product\/digital-skjutmatt-limit-cdn150\/","name":"DIGITAL SKJUTM\u00c5TT LIMIT CDN150 - Precision measuring instruments | Limit","isPartOf":{"@id":"https:\/\/limittools.test.consids5.se\/#website"},"datePublished":"2026-04-01T20:28:19+00:00","dateModified":"2026-04-01T20:28:19+00:00","breadcrumb":{"@id":"https:\/\/limittools.test.consids5.se\/sv\/product\/digital-skjutmatt-limit-cdn150\/#breadcrumb"},"inLanguage":"sv-SE","potentialAction":[{"@type":"ReadAction","target":["https:\/\/limittools.test.consids5.se\/sv\/product\/digital-skjutmatt-limit-cdn150\/"]}]},{"@type":"BreadcrumbList","@id":"https:\/\/limittools.test.consids5.se\/sv\/product\/digital-skjutmatt-limit-cdn150\/#breadcrumb","itemListElement":[{"@type":"ListItem","position":1,"name":"Products","item":"https:\/\/limittools.test.consids5.se\/products\/"},{"@type":"ListItem","position":2,"name":"DIGITAL SKJUTM\u00c5TT LIMIT CDN150"}]},{"@type":"WebSite","@id":"https:\/\/limittools.test.consids5.se\/#website","url":"https:\/\/limittools.test.consids5.se\/","name":"Precision measuring instruments | Limit","description":"Everything can be measured","potentialAction":[{"@type":"SearchAction","target":{"@type":"EntryPoint","urlTemplate":"https:\/\/limittools.test.consids5.se\/?s={search_term_string}"},"query-input":"required name=search_term_string"}],"inLanguage":"sv-SE"}]}},"_links":{"self":[{"href":"https:\/\/limittools.test.consids5.se\/sv\/wp-json\/wp\/v2\/product\/4480"}],"collection":[{"href":"https:\/\/limittools.test.consids5.se\/sv\/wp-json\/wp\/v2\/product"}],"about":[{"href":"https:\/\/limittools.test.consids5.se\/sv\/wp-json\/wp\/v2\/types\/product"}],"replies":[{"embeddable":true,"href":"https:\/\/limittools.test.consids5.se\/sv\/wp-json\/wp\/v2\/comments?post=4480"}],"wp:attachment":[{"href":"https:\/\/limittools.test.consids5.se\/sv\/wp-json\/wp\/v2\/media?parent=4480"}],"wp:term":[{"taxonomy":"product_cat","embeddable":true,"href":"https:\/\/limittools.test.consids5.se\/sv\/wp-json\/wp\/v2\/product_cat?post=4480"},{"taxonomy":"product_tag","embeddable":true,"href":"https:\/\/limittools.test.consids5.se\/sv\/wp-json\/wp\/v2\/product_tag?post=4480"}],"curies":[{"name":"wp","href":"https:\/\/api.w.org\/{rel}","templated":true}]}}