{"id":4484,"date":"2026-04-01T20:28:20","date_gmt":"2026-04-01T20:28:20","guid":{"rendered":"http:\/\/limit-tools.local\/product\/avstandsmatare-limit-ldm-80\/"},"modified":"2026-04-01T20:28:20","modified_gmt":"2026-04-01T20:28:20","slug":"avstandsmatare-limit-ldm-80","status":"publish","type":"product","link":"https:\/\/limittools.test.consids5.se\/sv\/product\/avstandsmatare-limit-ldm-80\/","title":{"rendered":"AVST\u00c5NDSM\u00c4TARE LIMIT LDM 80"},"content":{"rendered":"<p>Limit LDM 80 \u00e4r en robust kompakt laseravst\u00e5ndsm\u00e4tare gjord f\u00f6r professionell anv\u00e4ndning. M\u00e4ter upp till 80 meter och den \u00e4r enkel att ta med sig i v\u00e4ska eller ficka. Snabb svarstid. H\u00f6g noggrannhet om \u00b1 2 mm. Belyst display. Enkel punk till punkt m\u00e4tning, Delay funktion, Staking-out funktion, Area- och volymm\u00e4tning, Pythagorasm\u00e4tning, Kontinuerlig m\u00e4tningsfunktion (tracking). Addition och subtraktion samt inspelningsfunktion. Omst\u00e4llbar referenspunkt fr\u00e5n framkant, mitten eller med utf\u00e4llt \u00e4ndstycke. Omst\u00e4llbar mellan meter, fot och tum. Automatisk avst\u00e4ngning.<br \/>\nLevereras med f\u00f6rvaringsv\u00e4ska och handrem. Batterier ing\u00e5r.<\/p>\n","protected":false},"excerpt":{"rendered":"Limit LDM 80 \u00e4r en robust kompakt laseravst\u00e5ndsm\u00e4tare gjord f\u00f6r professionell anv\u00e4ndning. M\u00e4ter upp till 80 meter och den \u00e4r [&hellip;]","protected":false},"featured_media":0,"comment_status":"closed","ping_status":"closed","template":"","meta":{"_acf_changed":false},"product_cat":[439,284],"product_tag":[],"class_list":{"0":"post-4484","1":"product","2":"type-product","3":"status-publish","5":"product_cat-avstandsmatare-sv","6":"product_cat-laserinstrument-sv","8":"first","9":"instock","10":"shipping-taxable","11":"product-type-simple"},"acf":[],"yoast_head":"<!-- This site is optimized with the Yoast SEO plugin v23.2 - https:\/\/yoast.com\/wordpress\/plugins\/seo\/ -->\n<title>AVST\u00c5NDSM\u00c4TARE LIMIT LDM 80 - Precision measuring instruments | Limit<\/title>\n<meta name=\"robots\" content=\"index, follow, max-snippet:-1, max-image-preview:large, max-video-preview:-1\" \/>\n<link rel=\"canonical\" href=\"https:\/\/limittools.test.consids5.se\/sv\/product\/avstandsmatare-limit-ldm-80\/\" \/>\n<meta property=\"og:locale\" content=\"sv_SE\" \/>\n<meta property=\"og:type\" content=\"article\" \/>\n<meta property=\"og:title\" content=\"AVST\u00c5NDSM\u00c4TARE LIMIT LDM 80 - Precision measuring instruments | Limit\" \/>\n<meta property=\"og:description\" content=\"Limit LDM 80 \u00e4r en robust kompakt laseravst\u00e5ndsm\u00e4tare gjord f\u00f6r professionell anv\u00e4ndning. M\u00e4ter upp till 80 meter och den \u00e4r [&hellip;]\" \/>\n<meta property=\"og:url\" content=\"https:\/\/limittools.test.consids5.se\/sv\/product\/avstandsmatare-limit-ldm-80\/\" \/>\n<meta property=\"og:site_name\" content=\"Precision measuring instruments | Limit\" \/>\n<meta property=\"article:publisher\" content=\"https:\/\/www.facebook.com\/limittools\/\" \/>\n<meta name=\"twitter:card\" content=\"summary_large_image\" \/>\n<script type=\"application\/ld+json\" class=\"yoast-schema-graph\">{\"@context\":\"https:\/\/schema.org\",\"@graph\":[{\"@type\":\"WebPage\",\"@id\":\"https:\/\/limittools.test.consids5.se\/sv\/product\/avstandsmatare-limit-ldm-80\/\",\"url\":\"https:\/\/limittools.test.consids5.se\/sv\/product\/avstandsmatare-limit-ldm-80\/\",\"name\":\"AVST\u00c5NDSM\u00c4TARE LIMIT LDM 80 - Precision measuring instruments | Limit\",\"isPartOf\":{\"@id\":\"https:\/\/limittools.test.consids5.se\/#website\"},\"datePublished\":\"2026-04-01T20:28:20+00:00\",\"dateModified\":\"2026-04-01T20:28:20+00:00\",\"breadcrumb\":{\"@id\":\"https:\/\/limittools.test.consids5.se\/sv\/product\/avstandsmatare-limit-ldm-80\/#breadcrumb\"},\"inLanguage\":\"sv-SE\",\"potentialAction\":[{\"@type\":\"ReadAction\",\"target\":[\"https:\/\/limittools.test.consids5.se\/sv\/product\/avstandsmatare-limit-ldm-80\/\"]}]},{\"@type\":\"BreadcrumbList\",\"@id\":\"https:\/\/limittools.test.consids5.se\/sv\/product\/avstandsmatare-limit-ldm-80\/#breadcrumb\",\"itemListElement\":[{\"@type\":\"ListItem\",\"position\":1,\"name\":\"Products\",\"item\":\"https:\/\/limittools.test.consids5.se\/products\/\"},{\"@type\":\"ListItem\",\"position\":2,\"name\":\"AVST\u00c5NDSM\u00c4TARE LIMIT LDM 80\"}]},{\"@type\":\"WebSite\",\"@id\":\"https:\/\/limittools.test.consids5.se\/#website\",\"url\":\"https:\/\/limittools.test.consids5.se\/\",\"name\":\"Precision measuring instruments | Limit\",\"description\":\"Everything can be measured\",\"potentialAction\":[{\"@type\":\"SearchAction\",\"target\":{\"@type\":\"EntryPoint\",\"urlTemplate\":\"https:\/\/limittools.test.consids5.se\/?s={search_term_string}\"},\"query-input\":\"required name=search_term_string\"}],\"inLanguage\":\"sv-SE\"}]}<\/script>\n<!-- \/ Yoast SEO plugin. -->","yoast_head_json":{"title":"AVST\u00c5NDSM\u00c4TARE LIMIT LDM 80 - Precision measuring instruments | Limit","robots":{"index":"index","follow":"follow","max-snippet":"max-snippet:-1","max-image-preview":"max-image-preview:large","max-video-preview":"max-video-preview:-1"},"canonical":"https:\/\/limittools.test.consids5.se\/sv\/product\/avstandsmatare-limit-ldm-80\/","og_locale":"sv_SE","og_type":"article","og_title":"AVST\u00c5NDSM\u00c4TARE LIMIT LDM 80 - Precision measuring instruments | Limit","og_description":"Limit LDM 80 \u00e4r en robust kompakt laseravst\u00e5ndsm\u00e4tare gjord f\u00f6r professionell anv\u00e4ndning. M\u00e4ter upp till 80 meter och den \u00e4r [&hellip;]","og_url":"https:\/\/limittools.test.consids5.se\/sv\/product\/avstandsmatare-limit-ldm-80\/","og_site_name":"Precision measuring instruments | Limit","article_publisher":"https:\/\/www.facebook.com\/limittools\/","twitter_card":"summary_large_image","schema":{"@context":"https:\/\/schema.org","@graph":[{"@type":"WebPage","@id":"https:\/\/limittools.test.consids5.se\/sv\/product\/avstandsmatare-limit-ldm-80\/","url":"https:\/\/limittools.test.consids5.se\/sv\/product\/avstandsmatare-limit-ldm-80\/","name":"AVST\u00c5NDSM\u00c4TARE LIMIT LDM 80 - Precision measuring instruments | Limit","isPartOf":{"@id":"https:\/\/limittools.test.consids5.se\/#website"},"datePublished":"2026-04-01T20:28:20+00:00","dateModified":"2026-04-01T20:28:20+00:00","breadcrumb":{"@id":"https:\/\/limittools.test.consids5.se\/sv\/product\/avstandsmatare-limit-ldm-80\/#breadcrumb"},"inLanguage":"sv-SE","potentialAction":[{"@type":"ReadAction","target":["https:\/\/limittools.test.consids5.se\/sv\/product\/avstandsmatare-limit-ldm-80\/"]}]},{"@type":"BreadcrumbList","@id":"https:\/\/limittools.test.consids5.se\/sv\/product\/avstandsmatare-limit-ldm-80\/#breadcrumb","itemListElement":[{"@type":"ListItem","position":1,"name":"Products","item":"https:\/\/limittools.test.consids5.se\/products\/"},{"@type":"ListItem","position":2,"name":"AVST\u00c5NDSM\u00c4TARE LIMIT LDM 80"}]},{"@type":"WebSite","@id":"https:\/\/limittools.test.consids5.se\/#website","url":"https:\/\/limittools.test.consids5.se\/","name":"Precision measuring instruments | Limit","description":"Everything can be measured","potentialAction":[{"@type":"SearchAction","target":{"@type":"EntryPoint","urlTemplate":"https:\/\/limittools.test.consids5.se\/?s={search_term_string}"},"query-input":"required name=search_term_string"}],"inLanguage":"sv-SE"}]}},"_links":{"self":[{"href":"https:\/\/limittools.test.consids5.se\/sv\/wp-json\/wp\/v2\/product\/4484"}],"collection":[{"href":"https:\/\/limittools.test.consids5.se\/sv\/wp-json\/wp\/v2\/product"}],"about":[{"href":"https:\/\/limittools.test.consids5.se\/sv\/wp-json\/wp\/v2\/types\/product"}],"replies":[{"embeddable":true,"href":"https:\/\/limittools.test.consids5.se\/sv\/wp-json\/wp\/v2\/comments?post=4484"}],"wp:attachment":[{"href":"https:\/\/limittools.test.consids5.se\/sv\/wp-json\/wp\/v2\/media?parent=4484"}],"wp:term":[{"taxonomy":"product_cat","embeddable":true,"href":"https:\/\/limittools.test.consids5.se\/sv\/wp-json\/wp\/v2\/product_cat?post=4484"},{"taxonomy":"product_tag","embeddable":true,"href":"https:\/\/limittools.test.consids5.se\/sv\/wp-json\/wp\/v2\/product_tag?post=4484"}],"curies":[{"name":"wp","href":"https:\/\/api.w.org\/{rel}","templated":true}]}}