{"id":4648,"date":"2026-04-01T20:28:17","date_gmt":"2026-04-01T20:28:17","guid":{"rendered":"http:\/\/limit-tools.local\/product\/korslaser-gron-limit-1000-g\/"},"modified":"2026-04-01T20:28:17","modified_gmt":"2026-04-01T20:28:17","slug":"korslaser-gron-limit-1000-g","status":"publish","type":"product","link":"https:\/\/limittools.test.consids5.se\/sv\/product\/korslaser-gron-limit-1000-g\/","title":{"rendered":"KORSLASER GR\u00d6N LIMIT 1000-G"},"content":{"rendered":"<p>Kompakt och l\u00e4tt gr\u00f6n korslinjelaser med en horisontell och en vertikal linje. Sj\u00e4lvnivellerande med magnetisk pendeld\u00e4mpning. Alternativt kan sj\u00e4lvnivellering kopplas bort f\u00f6r att en lutande linje ska visas. En mekanisk l\u00e5sning av pendeln fungerar som b\u00e5de huvudstr\u00f6mbrytare och transportsp\u00e4rr. Tv\u00e5 laserdioder klass 2M. F\u00f6r upph\u00e4ngning av tavlor, hyllor, k\u00f6ksstomme, kakel eller upps\u00e4ttning av trappa och liknande inomhus. Levereras i mjuk v\u00e4ska och med tv\u00e5 AA-batterier. Adapter 181120205 kan beh\u00f6vas f\u00f6r tillbeh\u00f6r 181120106, 200570109, 178680104 och 178690103.<\/p>\n","protected":false},"excerpt":{"rendered":"Kompakt och l\u00e4tt gr\u00f6n korslinjelaser med en horisontell och en vertikal linje. Sj\u00e4lvnivellerande med magnetisk pendeld\u00e4mpning. Alternativt kan sj\u00e4lvnivellering kopplas [&hellip;]","protected":false},"featured_media":0,"comment_status":"closed","ping_status":"closed","template":"","meta":{"_acf_changed":false},"product_cat":[427,284],"product_tag":[],"class_list":{"0":"post-4648","1":"product","2":"type-product","3":"status-publish","5":"product_cat-korslaser-sv","6":"product_cat-laserinstrument-sv","8":"first","9":"instock","10":"shipping-taxable","11":"product-type-simple"},"acf":[],"yoast_head":"<!-- This site is optimized with the Yoast SEO plugin v23.2 - https:\/\/yoast.com\/wordpress\/plugins\/seo\/ -->\n<title>KORSLASER GR\u00d6N LIMIT 1000-G - Precision measuring instruments | Limit<\/title>\n<meta name=\"robots\" content=\"index, follow, max-snippet:-1, max-image-preview:large, max-video-preview:-1\" \/>\n<link rel=\"canonical\" href=\"https:\/\/limittools.test.consids5.se\/sv\/product\/korslaser-gron-limit-1000-g\/\" \/>\n<meta property=\"og:locale\" content=\"sv_SE\" \/>\n<meta property=\"og:type\" content=\"article\" \/>\n<meta property=\"og:title\" content=\"KORSLASER GR\u00d6N LIMIT 1000-G - Precision measuring instruments | Limit\" \/>\n<meta property=\"og:description\" content=\"Kompakt och l\u00e4tt gr\u00f6n korslinjelaser med en horisontell och en vertikal linje. Sj\u00e4lvnivellerande med magnetisk pendeld\u00e4mpning. Alternativt kan sj\u00e4lvnivellering kopplas [&hellip;]\" \/>\n<meta property=\"og:url\" content=\"https:\/\/limittools.test.consids5.se\/sv\/product\/korslaser-gron-limit-1000-g\/\" \/>\n<meta property=\"og:site_name\" content=\"Precision measuring instruments | Limit\" \/>\n<meta property=\"article:publisher\" content=\"https:\/\/www.facebook.com\/limittools\/\" \/>\n<meta name=\"twitter:card\" content=\"summary_large_image\" \/>\n<script type=\"application\/ld+json\" class=\"yoast-schema-graph\">{\"@context\":\"https:\/\/schema.org\",\"@graph\":[{\"@type\":\"WebPage\",\"@id\":\"https:\/\/limittools.test.consids5.se\/sv\/product\/korslaser-gron-limit-1000-g\/\",\"url\":\"https:\/\/limittools.test.consids5.se\/sv\/product\/korslaser-gron-limit-1000-g\/\",\"name\":\"KORSLASER GR\u00d6N LIMIT 1000-G - Precision measuring instruments | Limit\",\"isPartOf\":{\"@id\":\"https:\/\/limittools.test.consids5.se\/#website\"},\"datePublished\":\"2026-04-01T20:28:17+00:00\",\"dateModified\":\"2026-04-01T20:28:17+00:00\",\"breadcrumb\":{\"@id\":\"https:\/\/limittools.test.consids5.se\/sv\/product\/korslaser-gron-limit-1000-g\/#breadcrumb\"},\"inLanguage\":\"sv-SE\",\"potentialAction\":[{\"@type\":\"ReadAction\",\"target\":[\"https:\/\/limittools.test.consids5.se\/sv\/product\/korslaser-gron-limit-1000-g\/\"]}]},{\"@type\":\"BreadcrumbList\",\"@id\":\"https:\/\/limittools.test.consids5.se\/sv\/product\/korslaser-gron-limit-1000-g\/#breadcrumb\",\"itemListElement\":[{\"@type\":\"ListItem\",\"position\":1,\"name\":\"Products\",\"item\":\"https:\/\/limittools.test.consids5.se\/products\/\"},{\"@type\":\"ListItem\",\"position\":2,\"name\":\"KORSLASER GR\u00d6N LIMIT 1000-G\"}]},{\"@type\":\"WebSite\",\"@id\":\"https:\/\/limittools.test.consids5.se\/#website\",\"url\":\"https:\/\/limittools.test.consids5.se\/\",\"name\":\"Precision measuring instruments | Limit\",\"description\":\"Everything can be measured\",\"potentialAction\":[{\"@type\":\"SearchAction\",\"target\":{\"@type\":\"EntryPoint\",\"urlTemplate\":\"https:\/\/limittools.test.consids5.se\/?s={search_term_string}\"},\"query-input\":\"required name=search_term_string\"}],\"inLanguage\":\"sv-SE\"}]}<\/script>\n<!-- \/ Yoast SEO plugin. -->","yoast_head_json":{"title":"KORSLASER GR\u00d6N LIMIT 1000-G - Precision measuring instruments | Limit","robots":{"index":"index","follow":"follow","max-snippet":"max-snippet:-1","max-image-preview":"max-image-preview:large","max-video-preview":"max-video-preview:-1"},"canonical":"https:\/\/limittools.test.consids5.se\/sv\/product\/korslaser-gron-limit-1000-g\/","og_locale":"sv_SE","og_type":"article","og_title":"KORSLASER GR\u00d6N LIMIT 1000-G - Precision measuring instruments | Limit","og_description":"Kompakt och l\u00e4tt gr\u00f6n korslinjelaser med en horisontell och en vertikal linje. Sj\u00e4lvnivellerande med magnetisk pendeld\u00e4mpning. Alternativt kan sj\u00e4lvnivellering kopplas [&hellip;]","og_url":"https:\/\/limittools.test.consids5.se\/sv\/product\/korslaser-gron-limit-1000-g\/","og_site_name":"Precision measuring instruments | Limit","article_publisher":"https:\/\/www.facebook.com\/limittools\/","twitter_card":"summary_large_image","schema":{"@context":"https:\/\/schema.org","@graph":[{"@type":"WebPage","@id":"https:\/\/limittools.test.consids5.se\/sv\/product\/korslaser-gron-limit-1000-g\/","url":"https:\/\/limittools.test.consids5.se\/sv\/product\/korslaser-gron-limit-1000-g\/","name":"KORSLASER GR\u00d6N LIMIT 1000-G - Precision measuring instruments | Limit","isPartOf":{"@id":"https:\/\/limittools.test.consids5.se\/#website"},"datePublished":"2026-04-01T20:28:17+00:00","dateModified":"2026-04-01T20:28:17+00:00","breadcrumb":{"@id":"https:\/\/limittools.test.consids5.se\/sv\/product\/korslaser-gron-limit-1000-g\/#breadcrumb"},"inLanguage":"sv-SE","potentialAction":[{"@type":"ReadAction","target":["https:\/\/limittools.test.consids5.se\/sv\/product\/korslaser-gron-limit-1000-g\/"]}]},{"@type":"BreadcrumbList","@id":"https:\/\/limittools.test.consids5.se\/sv\/product\/korslaser-gron-limit-1000-g\/#breadcrumb","itemListElement":[{"@type":"ListItem","position":1,"name":"Products","item":"https:\/\/limittools.test.consids5.se\/products\/"},{"@type":"ListItem","position":2,"name":"KORSLASER GR\u00d6N LIMIT 1000-G"}]},{"@type":"WebSite","@id":"https:\/\/limittools.test.consids5.se\/#website","url":"https:\/\/limittools.test.consids5.se\/","name":"Precision measuring instruments | Limit","description":"Everything can be measured","potentialAction":[{"@type":"SearchAction","target":{"@type":"EntryPoint","urlTemplate":"https:\/\/limittools.test.consids5.se\/?s={search_term_string}"},"query-input":"required name=search_term_string"}],"inLanguage":"sv-SE"}]}},"_links":{"self":[{"href":"https:\/\/limittools.test.consids5.se\/sv\/wp-json\/wp\/v2\/product\/4648"}],"collection":[{"href":"https:\/\/limittools.test.consids5.se\/sv\/wp-json\/wp\/v2\/product"}],"about":[{"href":"https:\/\/limittools.test.consids5.se\/sv\/wp-json\/wp\/v2\/types\/product"}],"replies":[{"embeddable":true,"href":"https:\/\/limittools.test.consids5.se\/sv\/wp-json\/wp\/v2\/comments?post=4648"}],"wp:attachment":[{"href":"https:\/\/limittools.test.consids5.se\/sv\/wp-json\/wp\/v2\/media?parent=4648"}],"wp:term":[{"taxonomy":"product_cat","embeddable":true,"href":"https:\/\/limittools.test.consids5.se\/sv\/wp-json\/wp\/v2\/product_cat?post=4648"},{"taxonomy":"product_tag","embeddable":true,"href":"https:\/\/limittools.test.consids5.se\/sv\/wp-json\/wp\/v2\/product_tag?post=4648"}],"curies":[{"name":"wp","href":"https:\/\/api.w.org\/{rel}","templated":true}]}}