{"id":4658,"date":"2026-04-01T20:29:04","date_gmt":"2026-04-01T20:29:04","guid":{"rendered":"http:\/\/localhost:8080\/product\/limit-hangvag-lbh-30\/"},"modified":"2026-04-01T20:29:04","modified_gmt":"2026-04-01T20:29:04","slug":"limit-hangvag-lbh-30","status":"publish","type":"product","link":"https:\/\/limittools.test.consids5.se\/sv\/product\/limit-hangvag-lbh-30\/","title":{"rendered":"LIMIT H\u00c4NGV\u00c5G LBH-30"},"content":{"rendered":"<p>LBH-serien. Kompakt, l\u00e4tt och portabel h\u00e4ngv\u00e5g av plast som \u00e4r l\u00e4tta att anv\u00e4nda. Finns i versioner f\u00f6r 30, 60 och 150\u00a0kg. Tara och datah\u00e5llning. Automatisk avst\u00e4ngning sparar batterier. Tre AA-batterier och krok medf\u00f6ljer. 25 mm bred LCD-display, vidvinkel.<\/p>\n","protected":false},"excerpt":{"rendered":"LBH-serien. Kompakt, l\u00e4tt och portabel h\u00e4ngv\u00e5g av plast som \u00e4r l\u00e4tta att anv\u00e4nda. Finns i versioner f\u00f6r 30, 60 och [&hellip;]","protected":false},"featured_media":0,"comment_status":"closed","ping_status":"closed","template":"","meta":{"_acf_changed":false},"product_cat":[383,306],"product_tag":[],"class_list":{"0":"post-4658","1":"product","2":"type-product","3":"status-publish","5":"product_cat-hangvagar-sv","6":"product_cat-vagar-sv","8":"first","9":"instock","10":"shipping-taxable","11":"product-type-simple"},"acf":[],"yoast_head":"<!-- This site is optimized with the Yoast SEO plugin v23.2 - https:\/\/yoast.com\/wordpress\/plugins\/seo\/ -->\n<title>LIMIT H\u00c4NGV\u00c5G LBH-30 - Precision measuring instruments | Limit<\/title>\n<meta name=\"robots\" content=\"index, follow, max-snippet:-1, max-image-preview:large, max-video-preview:-1\" \/>\n<link rel=\"canonical\" href=\"https:\/\/limittools.test.consids5.se\/sv\/product\/limit-hangvag-lbh-30\/\" \/>\n<meta property=\"og:locale\" content=\"sv_SE\" \/>\n<meta property=\"og:type\" content=\"article\" \/>\n<meta property=\"og:title\" content=\"LIMIT H\u00c4NGV\u00c5G LBH-30 - Precision measuring instruments | Limit\" \/>\n<meta property=\"og:description\" content=\"LBH-serien. Kompakt, l\u00e4tt och portabel h\u00e4ngv\u00e5g av plast som \u00e4r l\u00e4tta att anv\u00e4nda. Finns i versioner f\u00f6r 30, 60 och [&hellip;]\" \/>\n<meta property=\"og:url\" content=\"https:\/\/limittools.test.consids5.se\/sv\/product\/limit-hangvag-lbh-30\/\" \/>\n<meta property=\"og:site_name\" content=\"Precision measuring instruments | Limit\" \/>\n<meta property=\"article:publisher\" content=\"https:\/\/www.facebook.com\/limittools\/\" \/>\n<meta name=\"twitter:card\" content=\"summary_large_image\" \/>\n<script type=\"application\/ld+json\" class=\"yoast-schema-graph\">{\"@context\":\"https:\/\/schema.org\",\"@graph\":[{\"@type\":\"WebPage\",\"@id\":\"https:\/\/limittools.test.consids5.se\/sv\/product\/limit-hangvag-lbh-30\/\",\"url\":\"https:\/\/limittools.test.consids5.se\/sv\/product\/limit-hangvag-lbh-30\/\",\"name\":\"LIMIT H\u00c4NGV\u00c5G LBH-30 - Precision measuring instruments | Limit\",\"isPartOf\":{\"@id\":\"https:\/\/limittools.test.consids5.se\/#website\"},\"datePublished\":\"2026-04-01T20:29:04+00:00\",\"dateModified\":\"2026-04-01T20:29:04+00:00\",\"breadcrumb\":{\"@id\":\"https:\/\/limittools.test.consids5.se\/sv\/product\/limit-hangvag-lbh-30\/#breadcrumb\"},\"inLanguage\":\"sv-SE\",\"potentialAction\":[{\"@type\":\"ReadAction\",\"target\":[\"https:\/\/limittools.test.consids5.se\/sv\/product\/limit-hangvag-lbh-30\/\"]}]},{\"@type\":\"BreadcrumbList\",\"@id\":\"https:\/\/limittools.test.consids5.se\/sv\/product\/limit-hangvag-lbh-30\/#breadcrumb\",\"itemListElement\":[{\"@type\":\"ListItem\",\"position\":1,\"name\":\"Products\",\"item\":\"https:\/\/limittools.test.consids5.se\/products\/\"},{\"@type\":\"ListItem\",\"position\":2,\"name\":\"LIMIT H\u00c4NGV\u00c5G LBH-30\"}]},{\"@type\":\"WebSite\",\"@id\":\"https:\/\/limittools.test.consids5.se\/#website\",\"url\":\"https:\/\/limittools.test.consids5.se\/\",\"name\":\"Precision measuring instruments | Limit\",\"description\":\"Everything can be measured\",\"potentialAction\":[{\"@type\":\"SearchAction\",\"target\":{\"@type\":\"EntryPoint\",\"urlTemplate\":\"https:\/\/limittools.test.consids5.se\/?s={search_term_string}\"},\"query-input\":\"required name=search_term_string\"}],\"inLanguage\":\"sv-SE\"}]}<\/script>\n<!-- \/ Yoast SEO plugin. -->","yoast_head_json":{"title":"LIMIT H\u00c4NGV\u00c5G LBH-30 - Precision measuring instruments | Limit","robots":{"index":"index","follow":"follow","max-snippet":"max-snippet:-1","max-image-preview":"max-image-preview:large","max-video-preview":"max-video-preview:-1"},"canonical":"https:\/\/limittools.test.consids5.se\/sv\/product\/limit-hangvag-lbh-30\/","og_locale":"sv_SE","og_type":"article","og_title":"LIMIT H\u00c4NGV\u00c5G LBH-30 - Precision measuring instruments | Limit","og_description":"LBH-serien. Kompakt, l\u00e4tt och portabel h\u00e4ngv\u00e5g av plast som \u00e4r l\u00e4tta att anv\u00e4nda. Finns i versioner f\u00f6r 30, 60 och [&hellip;]","og_url":"https:\/\/limittools.test.consids5.se\/sv\/product\/limit-hangvag-lbh-30\/","og_site_name":"Precision measuring instruments | Limit","article_publisher":"https:\/\/www.facebook.com\/limittools\/","twitter_card":"summary_large_image","schema":{"@context":"https:\/\/schema.org","@graph":[{"@type":"WebPage","@id":"https:\/\/limittools.test.consids5.se\/sv\/product\/limit-hangvag-lbh-30\/","url":"https:\/\/limittools.test.consids5.se\/sv\/product\/limit-hangvag-lbh-30\/","name":"LIMIT H\u00c4NGV\u00c5G LBH-30 - Precision measuring instruments | Limit","isPartOf":{"@id":"https:\/\/limittools.test.consids5.se\/#website"},"datePublished":"2026-04-01T20:29:04+00:00","dateModified":"2026-04-01T20:29:04+00:00","breadcrumb":{"@id":"https:\/\/limittools.test.consids5.se\/sv\/product\/limit-hangvag-lbh-30\/#breadcrumb"},"inLanguage":"sv-SE","potentialAction":[{"@type":"ReadAction","target":["https:\/\/limittools.test.consids5.se\/sv\/product\/limit-hangvag-lbh-30\/"]}]},{"@type":"BreadcrumbList","@id":"https:\/\/limittools.test.consids5.se\/sv\/product\/limit-hangvag-lbh-30\/#breadcrumb","itemListElement":[{"@type":"ListItem","position":1,"name":"Products","item":"https:\/\/limittools.test.consids5.se\/products\/"},{"@type":"ListItem","position":2,"name":"LIMIT H\u00c4NGV\u00c5G LBH-30"}]},{"@type":"WebSite","@id":"https:\/\/limittools.test.consids5.se\/#website","url":"https:\/\/limittools.test.consids5.se\/","name":"Precision measuring instruments | Limit","description":"Everything can be measured","potentialAction":[{"@type":"SearchAction","target":{"@type":"EntryPoint","urlTemplate":"https:\/\/limittools.test.consids5.se\/?s={search_term_string}"},"query-input":"required name=search_term_string"}],"inLanguage":"sv-SE"}]}},"_links":{"self":[{"href":"https:\/\/limittools.test.consids5.se\/sv\/wp-json\/wp\/v2\/product\/4658"}],"collection":[{"href":"https:\/\/limittools.test.consids5.se\/sv\/wp-json\/wp\/v2\/product"}],"about":[{"href":"https:\/\/limittools.test.consids5.se\/sv\/wp-json\/wp\/v2\/types\/product"}],"replies":[{"embeddable":true,"href":"https:\/\/limittools.test.consids5.se\/sv\/wp-json\/wp\/v2\/comments?post=4658"}],"wp:attachment":[{"href":"https:\/\/limittools.test.consids5.se\/sv\/wp-json\/wp\/v2\/media?parent=4658"}],"wp:term":[{"taxonomy":"product_cat","embeddable":true,"href":"https:\/\/limittools.test.consids5.se\/sv\/wp-json\/wp\/v2\/product_cat?post=4658"},{"taxonomy":"product_tag","embeddable":true,"href":"https:\/\/limittools.test.consids5.se\/sv\/wp-json\/wp\/v2\/product_tag?post=4658"}],"curies":[{"name":"wp","href":"https:\/\/api.w.org\/{rel}","templated":true}]}}