{"id":4705,"date":"2026-04-01T20:29:16","date_gmt":"2026-04-01T20:29:16","guid":{"rendered":"http:\/\/localhost:8080\/product\/tachometer-multifunction-2400-2\/"},"modified":"2026-04-01T20:29:16","modified_gmt":"2026-04-01T20:29:16","slug":"tachometer-multifunction-2400","status":"publish","type":"product","link":"https:\/\/limittools.test.consids5.se\/sv\/product\/tachometer-multifunction-2400\/","title":{"rendered":"TACHOMETER MULTIFUNCTION 2400"},"content":{"rendered":"<p>Varvtalsm\u00e4tare med digital display. Kombinerad optisk ber\u00f6ringsfri m\u00e4tning och mekanisk avk\u00e4nning med m\u00e4thjul.<br \/>\nVarvtalsm\u00e4tare: 0.1 (2.5\u2013999.9), 1 (\u00f6ver 1 000) varv\/min<br \/>\nYthastighet: \u00b1 (0.01 % av m\u00e4tv\u00e4rde + 0.03) m\/min<br \/>\nM\u00e4tomr\u00e5de:<br \/>\nOptisk varvtalsm\u00e4tning: 2.5\u201399 999 varv\/min,<br \/>\nKontaktm\u00e4tning av varvtal: 2.5\u201319 999 varv\/min<br \/>\nYthastighet: 0.05\u20131 999.9 m\/min, Frekvens: 0.04\u20131 666.65 Hz<\/p>\n","protected":false},"excerpt":{"rendered":"Varvtalsm\u00e4tare med digital display. Kombinerad optisk ber\u00f6ringsfri m\u00e4tning och mekanisk avk\u00e4nning med m\u00e4thjul. Varvtalsm\u00e4tare: 0.1 (2.5\u2013999.9), 1 (\u00f6ver 1 000) [&hellip;]","protected":false},"featured_media":0,"comment_status":"closed","ping_status":"closed","template":"","meta":{"_acf_changed":false},"product_cat":[324,325],"product_tag":[],"class_list":{"0":"post-4705","1":"product","2":"type-product","3":"status-publish","5":"product_cat-inspektion-sv","6":"product_cat-varvtalsmatare-sv","8":"first","9":"instock","10":"shipping-taxable","11":"product-type-simple"},"acf":[],"yoast_head":"<!-- This site is optimized with the Yoast SEO plugin v23.2 - https:\/\/yoast.com\/wordpress\/plugins\/seo\/ -->\n<title>TACHOMETER MULTIFUNCTION 2400 - Precision measuring instruments | Limit<\/title>\n<meta name=\"robots\" content=\"index, follow, max-snippet:-1, max-image-preview:large, max-video-preview:-1\" \/>\n<link rel=\"canonical\" href=\"https:\/\/limittools.test.consids5.se\/sv\/product\/tachometer-multifunction-2400\/\" \/>\n<meta property=\"og:locale\" content=\"sv_SE\" \/>\n<meta property=\"og:type\" content=\"article\" \/>\n<meta property=\"og:title\" content=\"TACHOMETER MULTIFUNCTION 2400 - Precision measuring instruments | Limit\" \/>\n<meta property=\"og:description\" content=\"Varvtalsm\u00e4tare med digital display. Kombinerad optisk ber\u00f6ringsfri m\u00e4tning och mekanisk avk\u00e4nning med m\u00e4thjul. Varvtalsm\u00e4tare: 0.1 (2.5\u2013999.9), 1 (\u00f6ver 1 000) [&hellip;]\" \/>\n<meta property=\"og:url\" content=\"https:\/\/limittools.test.consids5.se\/sv\/product\/tachometer-multifunction-2400\/\" \/>\n<meta property=\"og:site_name\" content=\"Precision measuring instruments | Limit\" \/>\n<meta property=\"article:publisher\" content=\"https:\/\/www.facebook.com\/limittools\/\" \/>\n<meta name=\"twitter:card\" content=\"summary_large_image\" \/>\n<script type=\"application\/ld+json\" class=\"yoast-schema-graph\">{\"@context\":\"https:\/\/schema.org\",\"@graph\":[{\"@type\":\"WebPage\",\"@id\":\"https:\/\/limittools.test.consids5.se\/sv\/product\/tachometer-multifunction-2400\/\",\"url\":\"https:\/\/limittools.test.consids5.se\/sv\/product\/tachometer-multifunction-2400\/\",\"name\":\"TACHOMETER MULTIFUNCTION 2400 - Precision measuring instruments | Limit\",\"isPartOf\":{\"@id\":\"https:\/\/limittools.test.consids5.se\/#website\"},\"datePublished\":\"2026-04-01T20:29:16+00:00\",\"dateModified\":\"2026-04-01T20:29:16+00:00\",\"breadcrumb\":{\"@id\":\"https:\/\/limittools.test.consids5.se\/sv\/product\/tachometer-multifunction-2400\/#breadcrumb\"},\"inLanguage\":\"sv-SE\",\"potentialAction\":[{\"@type\":\"ReadAction\",\"target\":[\"https:\/\/limittools.test.consids5.se\/sv\/product\/tachometer-multifunction-2400\/\"]}]},{\"@type\":\"BreadcrumbList\",\"@id\":\"https:\/\/limittools.test.consids5.se\/sv\/product\/tachometer-multifunction-2400\/#breadcrumb\",\"itemListElement\":[{\"@type\":\"ListItem\",\"position\":1,\"name\":\"Products\",\"item\":\"https:\/\/limittools.test.consids5.se\/products\/\"},{\"@type\":\"ListItem\",\"position\":2,\"name\":\"TACHOMETER MULTIFUNCTION 2400\"}]},{\"@type\":\"WebSite\",\"@id\":\"https:\/\/limittools.test.consids5.se\/#website\",\"url\":\"https:\/\/limittools.test.consids5.se\/\",\"name\":\"Precision measuring instruments | Limit\",\"description\":\"Everything can be measured\",\"potentialAction\":[{\"@type\":\"SearchAction\",\"target\":{\"@type\":\"EntryPoint\",\"urlTemplate\":\"https:\/\/limittools.test.consids5.se\/?s={search_term_string}\"},\"query-input\":\"required name=search_term_string\"}],\"inLanguage\":\"sv-SE\"}]}<\/script>\n<!-- \/ Yoast SEO plugin. -->","yoast_head_json":{"title":"TACHOMETER MULTIFUNCTION 2400 - Precision measuring instruments | Limit","robots":{"index":"index","follow":"follow","max-snippet":"max-snippet:-1","max-image-preview":"max-image-preview:large","max-video-preview":"max-video-preview:-1"},"canonical":"https:\/\/limittools.test.consids5.se\/sv\/product\/tachometer-multifunction-2400\/","og_locale":"sv_SE","og_type":"article","og_title":"TACHOMETER MULTIFUNCTION 2400 - Precision measuring instruments | Limit","og_description":"Varvtalsm\u00e4tare med digital display. Kombinerad optisk ber\u00f6ringsfri m\u00e4tning och mekanisk avk\u00e4nning med m\u00e4thjul. Varvtalsm\u00e4tare: 0.1 (2.5\u2013999.9), 1 (\u00f6ver 1 000) [&hellip;]","og_url":"https:\/\/limittools.test.consids5.se\/sv\/product\/tachometer-multifunction-2400\/","og_site_name":"Precision measuring instruments | Limit","article_publisher":"https:\/\/www.facebook.com\/limittools\/","twitter_card":"summary_large_image","schema":{"@context":"https:\/\/schema.org","@graph":[{"@type":"WebPage","@id":"https:\/\/limittools.test.consids5.se\/sv\/product\/tachometer-multifunction-2400\/","url":"https:\/\/limittools.test.consids5.se\/sv\/product\/tachometer-multifunction-2400\/","name":"TACHOMETER MULTIFUNCTION 2400 - Precision measuring instruments | Limit","isPartOf":{"@id":"https:\/\/limittools.test.consids5.se\/#website"},"datePublished":"2026-04-01T20:29:16+00:00","dateModified":"2026-04-01T20:29:16+00:00","breadcrumb":{"@id":"https:\/\/limittools.test.consids5.se\/sv\/product\/tachometer-multifunction-2400\/#breadcrumb"},"inLanguage":"sv-SE","potentialAction":[{"@type":"ReadAction","target":["https:\/\/limittools.test.consids5.se\/sv\/product\/tachometer-multifunction-2400\/"]}]},{"@type":"BreadcrumbList","@id":"https:\/\/limittools.test.consids5.se\/sv\/product\/tachometer-multifunction-2400\/#breadcrumb","itemListElement":[{"@type":"ListItem","position":1,"name":"Products","item":"https:\/\/limittools.test.consids5.se\/products\/"},{"@type":"ListItem","position":2,"name":"TACHOMETER MULTIFUNCTION 2400"}]},{"@type":"WebSite","@id":"https:\/\/limittools.test.consids5.se\/#website","url":"https:\/\/limittools.test.consids5.se\/","name":"Precision measuring instruments | Limit","description":"Everything can be measured","potentialAction":[{"@type":"SearchAction","target":{"@type":"EntryPoint","urlTemplate":"https:\/\/limittools.test.consids5.se\/?s={search_term_string}"},"query-input":"required name=search_term_string"}],"inLanguage":"sv-SE"}]}},"_links":{"self":[{"href":"https:\/\/limittools.test.consids5.se\/sv\/wp-json\/wp\/v2\/product\/4705"}],"collection":[{"href":"https:\/\/limittools.test.consids5.se\/sv\/wp-json\/wp\/v2\/product"}],"about":[{"href":"https:\/\/limittools.test.consids5.se\/sv\/wp-json\/wp\/v2\/types\/product"}],"replies":[{"embeddable":true,"href":"https:\/\/limittools.test.consids5.se\/sv\/wp-json\/wp\/v2\/comments?post=4705"}],"wp:attachment":[{"href":"https:\/\/limittools.test.consids5.se\/sv\/wp-json\/wp\/v2\/media?parent=4705"}],"wp:term":[{"taxonomy":"product_cat","embeddable":true,"href":"https:\/\/limittools.test.consids5.se\/sv\/wp-json\/wp\/v2\/product_cat?post=4705"},{"taxonomy":"product_tag","embeddable":true,"href":"https:\/\/limittools.test.consids5.se\/sv\/wp-json\/wp\/v2\/product_tag?post=4705"}],"curies":[{"name":"wp","href":"https:\/\/api.w.org\/{rel}","templated":true}]}}