{"id":4756,"date":"2026-04-01T20:29:29","date_gmt":"2026-04-01T20:29:29","guid":{"rendered":"https:\/\/limittools.test.consids5.se\/product\/multikorslaser-1180-g\/"},"modified":"2026-04-01T20:29:29","modified_gmt":"2026-04-01T20:29:29","slug":"multikorslaser-1180-g","status":"publish","type":"product","link":"https:\/\/limittools.test.consids5.se\/sv\/product\/multikorslaser-1180-g\/","title":{"rendered":"MULTIKORSLASER 1180-G"},"content":{"rendered":"<p>Multikorslaser med gr\u00f6nt laserljus som visar tre mycket ljusstarka 360\u00b0-linjer.<br \/>\nEn horisontell 360\u00b0-linje samt tv\u00e5 vertikala 360\u00b0-linjer som t\u00e4nds 90\u00b0 vinkelr\u00e4tt till varandra.<br \/>\nLinjerna kan t\u00e4ndas var f\u00f6r sig eller samtidigt.<br \/>\nLaser med gr\u00f6nt ljus upplevs ha fyra g\u00e5nger b\u00e4ttre synbarhet j\u00e4mf\u00f6rt med r\u00f6tt laserljus, och som d\u00e5 blir mycket anv\u00e4ndbart i ljusstarka milj\u00f6er och\/eller p\u00e5 l\u00e4ngre avst\u00e5nd.<br \/>\nLasern \u00e4r sj\u00e4lvnivellerande, den varnar med ljud och blinkande linjer n\u00e4r lutningen \u00f6verstiger sj\u00e4lvnivelleringsomr\u00e5det.<br \/>\nSj\u00e4lvnivelleringen kan kopplas ifr\u00e5n n\u00e4r man vill visa ett lutande plan genom en mekanisk l\u00e5sning av pendelmekanismen som ocks\u00e5 fungerar som b\u00e5de huvudstr\u00f6mbrytare och transports\u00e4kring.<br \/>\nLimit 1180 har \u00e4ven pulserande ljus f\u00f6r anv\u00e4ndning i ljusa lokaler tillsammans med en separat lasermottagare 24465-2517 (ing\u00e5r ej).<br \/>\nDrivs med ett uppladdningsbart litiumjonbatteri.<br \/>\nLevereras med uppladdningsbart batteri och laddare med USB-kabel, magnetiskt v\u00e4ggf\u00e4ste och reflektortavla i en skyddande v\u00e4ska.<br \/>\nAdapter 244652418 beh\u00f6vs till tillbeh\u00f6ren 181120106, 200570109, 178650800, 178680104 och 178690103.<\/p>\n","protected":false},"excerpt":{"rendered":"Multikorslaser med gr\u00f6nt laserljus som visar tre mycket ljusstarka 360\u00b0-linjer. En horisontell 360\u00b0-linje samt tv\u00e5 vertikala 360\u00b0-linjer som t\u00e4nds 90\u00b0 [&hellip;]","protected":false},"featured_media":0,"comment_status":"closed","ping_status":"closed","template":"","meta":{"_acf_changed":false},"product_cat":[427,284],"product_tag":[],"class_list":{"0":"post-4756","1":"product","2":"type-product","3":"status-publish","5":"product_cat-korslaser-sv","6":"product_cat-laserinstrument-sv","8":"first","9":"instock","10":"shipping-taxable","11":"product-type-simple"},"acf":[],"yoast_head":"<!-- This site is optimized with the Yoast SEO plugin v23.2 - https:\/\/yoast.com\/wordpress\/plugins\/seo\/ -->\n<title>MULTIKORSLASER 1180-G - Precision measuring instruments | Limit<\/title>\n<meta name=\"robots\" content=\"index, follow, max-snippet:-1, max-image-preview:large, max-video-preview:-1\" \/>\n<link rel=\"canonical\" href=\"https:\/\/limittools.test.consids5.se\/sv\/product\/multikorslaser-1180-g\/\" \/>\n<meta property=\"og:locale\" content=\"sv_SE\" \/>\n<meta property=\"og:type\" content=\"article\" \/>\n<meta property=\"og:title\" content=\"MULTIKORSLASER 1180-G - Precision measuring instruments | Limit\" \/>\n<meta property=\"og:description\" content=\"Multikorslaser med gr\u00f6nt laserljus som visar tre mycket ljusstarka 360\u00b0-linjer. En horisontell 360\u00b0-linje samt tv\u00e5 vertikala 360\u00b0-linjer som t\u00e4nds 90\u00b0 [&hellip;]\" \/>\n<meta property=\"og:url\" content=\"https:\/\/limittools.test.consids5.se\/sv\/product\/multikorslaser-1180-g\/\" \/>\n<meta property=\"og:site_name\" content=\"Precision measuring instruments | Limit\" \/>\n<meta property=\"article:publisher\" content=\"https:\/\/www.facebook.com\/limittools\/\" \/>\n<meta name=\"twitter:card\" content=\"summary_large_image\" \/>\n<meta name=\"twitter:label1\" content=\"Est. reading time\" \/>\n\t<meta name=\"twitter:data1\" content=\"1 minute\" \/>\n<script type=\"application\/ld+json\" class=\"yoast-schema-graph\">{\"@context\":\"https:\/\/schema.org\",\"@graph\":[{\"@type\":\"WebPage\",\"@id\":\"https:\/\/limittools.test.consids5.se\/sv\/product\/multikorslaser-1180-g\/\",\"url\":\"https:\/\/limittools.test.consids5.se\/sv\/product\/multikorslaser-1180-g\/\",\"name\":\"MULTIKORSLASER 1180-G - Precision measuring instruments | Limit\",\"isPartOf\":{\"@id\":\"https:\/\/limittools.test.consids5.se\/#website\"},\"datePublished\":\"2026-04-01T20:29:29+00:00\",\"dateModified\":\"2026-04-01T20:29:29+00:00\",\"breadcrumb\":{\"@id\":\"https:\/\/limittools.test.consids5.se\/sv\/product\/multikorslaser-1180-g\/#breadcrumb\"},\"inLanguage\":\"sv-SE\",\"potentialAction\":[{\"@type\":\"ReadAction\",\"target\":[\"https:\/\/limittools.test.consids5.se\/sv\/product\/multikorslaser-1180-g\/\"]}]},{\"@type\":\"BreadcrumbList\",\"@id\":\"https:\/\/limittools.test.consids5.se\/sv\/product\/multikorslaser-1180-g\/#breadcrumb\",\"itemListElement\":[{\"@type\":\"ListItem\",\"position\":1,\"name\":\"Products\",\"item\":\"https:\/\/limittools.test.consids5.se\/products\/\"},{\"@type\":\"ListItem\",\"position\":2,\"name\":\"MULTIKORSLASER 1180-G\"}]},{\"@type\":\"WebSite\",\"@id\":\"https:\/\/limittools.test.consids5.se\/#website\",\"url\":\"https:\/\/limittools.test.consids5.se\/\",\"name\":\"Precision measuring instruments | Limit\",\"description\":\"Everything can be measured\",\"potentialAction\":[{\"@type\":\"SearchAction\",\"target\":{\"@type\":\"EntryPoint\",\"urlTemplate\":\"https:\/\/limittools.test.consids5.se\/?s={search_term_string}\"},\"query-input\":\"required name=search_term_string\"}],\"inLanguage\":\"sv-SE\"}]}<\/script>\n<!-- \/ Yoast SEO plugin. -->","yoast_head_json":{"title":"MULTIKORSLASER 1180-G - Precision measuring instruments | Limit","robots":{"index":"index","follow":"follow","max-snippet":"max-snippet:-1","max-image-preview":"max-image-preview:large","max-video-preview":"max-video-preview:-1"},"canonical":"https:\/\/limittools.test.consids5.se\/sv\/product\/multikorslaser-1180-g\/","og_locale":"sv_SE","og_type":"article","og_title":"MULTIKORSLASER 1180-G - Precision measuring instruments | Limit","og_description":"Multikorslaser med gr\u00f6nt laserljus som visar tre mycket ljusstarka 360\u00b0-linjer. En horisontell 360\u00b0-linje samt tv\u00e5 vertikala 360\u00b0-linjer som t\u00e4nds 90\u00b0 [&hellip;]","og_url":"https:\/\/limittools.test.consids5.se\/sv\/product\/multikorslaser-1180-g\/","og_site_name":"Precision measuring instruments | Limit","article_publisher":"https:\/\/www.facebook.com\/limittools\/","twitter_card":"summary_large_image","twitter_misc":{"Est. reading time":"1 minute"},"schema":{"@context":"https:\/\/schema.org","@graph":[{"@type":"WebPage","@id":"https:\/\/limittools.test.consids5.se\/sv\/product\/multikorslaser-1180-g\/","url":"https:\/\/limittools.test.consids5.se\/sv\/product\/multikorslaser-1180-g\/","name":"MULTIKORSLASER 1180-G - Precision measuring instruments | Limit","isPartOf":{"@id":"https:\/\/limittools.test.consids5.se\/#website"},"datePublished":"2026-04-01T20:29:29+00:00","dateModified":"2026-04-01T20:29:29+00:00","breadcrumb":{"@id":"https:\/\/limittools.test.consids5.se\/sv\/product\/multikorslaser-1180-g\/#breadcrumb"},"inLanguage":"sv-SE","potentialAction":[{"@type":"ReadAction","target":["https:\/\/limittools.test.consids5.se\/sv\/product\/multikorslaser-1180-g\/"]}]},{"@type":"BreadcrumbList","@id":"https:\/\/limittools.test.consids5.se\/sv\/product\/multikorslaser-1180-g\/#breadcrumb","itemListElement":[{"@type":"ListItem","position":1,"name":"Products","item":"https:\/\/limittools.test.consids5.se\/products\/"},{"@type":"ListItem","position":2,"name":"MULTIKORSLASER 1180-G"}]},{"@type":"WebSite","@id":"https:\/\/limittools.test.consids5.se\/#website","url":"https:\/\/limittools.test.consids5.se\/","name":"Precision measuring instruments | Limit","description":"Everything can be measured","potentialAction":[{"@type":"SearchAction","target":{"@type":"EntryPoint","urlTemplate":"https:\/\/limittools.test.consids5.se\/?s={search_term_string}"},"query-input":"required name=search_term_string"}],"inLanguage":"sv-SE"}]}},"_links":{"self":[{"href":"https:\/\/limittools.test.consids5.se\/sv\/wp-json\/wp\/v2\/product\/4756"}],"collection":[{"href":"https:\/\/limittools.test.consids5.se\/sv\/wp-json\/wp\/v2\/product"}],"about":[{"href":"https:\/\/limittools.test.consids5.se\/sv\/wp-json\/wp\/v2\/types\/product"}],"replies":[{"embeddable":true,"href":"https:\/\/limittools.test.consids5.se\/sv\/wp-json\/wp\/v2\/comments?post=4756"}],"wp:attachment":[{"href":"https:\/\/limittools.test.consids5.se\/sv\/wp-json\/wp\/v2\/media?parent=4756"}],"wp:term":[{"taxonomy":"product_cat","embeddable":true,"href":"https:\/\/limittools.test.consids5.se\/sv\/wp-json\/wp\/v2\/product_cat?post=4756"},{"taxonomy":"product_tag","embeddable":true,"href":"https:\/\/limittools.test.consids5.se\/sv\/wp-json\/wp\/v2\/product_tag?post=4756"}],"curies":[{"name":"wp","href":"https:\/\/api.w.org\/{rel}","templated":true}]}}