{"id":4766,"date":"2026-04-01T20:29:32","date_gmt":"2026-04-01T20:29:32","guid":{"rendered":"https:\/\/limittools.test.consids5.se\/product\/spanningsdetektor-limit-101\/"},"modified":"2026-04-01T20:29:32","modified_gmt":"2026-04-01T20:29:32","slug":"spanningsdetektor-limit-101","status":"publish","type":"product","link":"https:\/\/limittools.test.consids5.se\/sv\/product\/spanningsdetektor-limit-101\/","title":{"rendered":"SP\u00c4NNINGSDETEKTOR LIMIT 101"},"content":{"rendered":"<p>Anv\u00e4nds f\u00f6r att kontrollera om elektrisk sp\u00e4nning finns i ledare, v\u00e4gguttag osv. Skiljer p\u00e5 fas och nolla. Kontaktfri, h\u00e5ll bara spetsen n\u00e4ra en ledare med v\u00e4xelsp\u00e4nning. LED-ficklampa f\u00f6r att lysa upp m\u00f6rka arbetsmilj\u00f6er. Varningssignal med r\u00f6tt eller gr\u00f6nt ljus och summer n\u00e4r ledaren \u00e4r str\u00f6mf\u00f6rande. B\u00e5de automatisk och manuell avst\u00e4ngning. Instrumentet kontrollerar funktion och batteristatus l\u00f6pande med blinkande LED. Levereras med batteri och manual. Skyddsisolering CAT IV 1\u00a0000\u00a0V.<\/p>\n","protected":false},"excerpt":{"rendered":"Anv\u00e4nds f\u00f6r att kontrollera om elektrisk sp\u00e4nning finns i ledare, v\u00e4gguttag osv. Skiljer p\u00e5 fas och nolla. Kontaktfri, h\u00e5ll bara [&hellip;]","protected":false},"featured_media":0,"comment_status":"closed","ping_status":"closed","template":"","meta":{"_acf_changed":false},"product_cat":[343,485],"product_tag":[],"class_list":{"0":"post-4766","1":"product","2":"type-product","3":"status-publish","5":"product_cat-eltest-sv","6":"product_cat-spanningsdetektorer-sv","8":"first","9":"instock","10":"shipping-taxable","11":"product-type-simple"},"acf":[],"yoast_head":"<!-- This site is optimized with the Yoast SEO plugin v23.2 - https:\/\/yoast.com\/wordpress\/plugins\/seo\/ -->\n<title>SP\u00c4NNINGSDETEKTOR LIMIT 101 - Precision measuring instruments | Limit<\/title>\n<meta name=\"robots\" content=\"index, follow, max-snippet:-1, max-image-preview:large, max-video-preview:-1\" \/>\n<link rel=\"canonical\" href=\"https:\/\/limittools.test.consids5.se\/sv\/product\/spanningsdetektor-limit-101\/\" \/>\n<meta property=\"og:locale\" content=\"sv_SE\" \/>\n<meta property=\"og:type\" content=\"article\" \/>\n<meta property=\"og:title\" content=\"SP\u00c4NNINGSDETEKTOR LIMIT 101 - Precision measuring instruments | Limit\" \/>\n<meta property=\"og:description\" content=\"Anv\u00e4nds f\u00f6r att kontrollera om elektrisk sp\u00e4nning finns i ledare, v\u00e4gguttag osv. Skiljer p\u00e5 fas och nolla. Kontaktfri, h\u00e5ll bara [&hellip;]\" \/>\n<meta property=\"og:url\" content=\"https:\/\/limittools.test.consids5.se\/sv\/product\/spanningsdetektor-limit-101\/\" \/>\n<meta property=\"og:site_name\" content=\"Precision measuring instruments | Limit\" \/>\n<meta property=\"article:publisher\" content=\"https:\/\/www.facebook.com\/limittools\/\" \/>\n<meta name=\"twitter:card\" content=\"summary_large_image\" \/>\n<script type=\"application\/ld+json\" class=\"yoast-schema-graph\">{\"@context\":\"https:\/\/schema.org\",\"@graph\":[{\"@type\":\"WebPage\",\"@id\":\"https:\/\/limittools.test.consids5.se\/sv\/product\/spanningsdetektor-limit-101\/\",\"url\":\"https:\/\/limittools.test.consids5.se\/sv\/product\/spanningsdetektor-limit-101\/\",\"name\":\"SP\u00c4NNINGSDETEKTOR LIMIT 101 - Precision measuring instruments | Limit\",\"isPartOf\":{\"@id\":\"https:\/\/limittools.test.consids5.se\/#website\"},\"datePublished\":\"2026-04-01T20:29:32+00:00\",\"dateModified\":\"2026-04-01T20:29:32+00:00\",\"breadcrumb\":{\"@id\":\"https:\/\/limittools.test.consids5.se\/sv\/product\/spanningsdetektor-limit-101\/#breadcrumb\"},\"inLanguage\":\"sv-SE\",\"potentialAction\":[{\"@type\":\"ReadAction\",\"target\":[\"https:\/\/limittools.test.consids5.se\/sv\/product\/spanningsdetektor-limit-101\/\"]}]},{\"@type\":\"BreadcrumbList\",\"@id\":\"https:\/\/limittools.test.consids5.se\/sv\/product\/spanningsdetektor-limit-101\/#breadcrumb\",\"itemListElement\":[{\"@type\":\"ListItem\",\"position\":1,\"name\":\"Products\",\"item\":\"https:\/\/limittools.test.consids5.se\/products\/\"},{\"@type\":\"ListItem\",\"position\":2,\"name\":\"SP\u00c4NNINGSDETEKTOR LIMIT 101\"}]},{\"@type\":\"WebSite\",\"@id\":\"https:\/\/limittools.test.consids5.se\/#website\",\"url\":\"https:\/\/limittools.test.consids5.se\/\",\"name\":\"Precision measuring instruments | Limit\",\"description\":\"Everything can be measured\",\"potentialAction\":[{\"@type\":\"SearchAction\",\"target\":{\"@type\":\"EntryPoint\",\"urlTemplate\":\"https:\/\/limittools.test.consids5.se\/?s={search_term_string}\"},\"query-input\":\"required name=search_term_string\"}],\"inLanguage\":\"sv-SE\"}]}<\/script>\n<!-- \/ Yoast SEO plugin. -->","yoast_head_json":{"title":"SP\u00c4NNINGSDETEKTOR LIMIT 101 - Precision measuring instruments | Limit","robots":{"index":"index","follow":"follow","max-snippet":"max-snippet:-1","max-image-preview":"max-image-preview:large","max-video-preview":"max-video-preview:-1"},"canonical":"https:\/\/limittools.test.consids5.se\/sv\/product\/spanningsdetektor-limit-101\/","og_locale":"sv_SE","og_type":"article","og_title":"SP\u00c4NNINGSDETEKTOR LIMIT 101 - Precision measuring instruments | Limit","og_description":"Anv\u00e4nds f\u00f6r att kontrollera om elektrisk sp\u00e4nning finns i ledare, v\u00e4gguttag osv. Skiljer p\u00e5 fas och nolla. Kontaktfri, h\u00e5ll bara [&hellip;]","og_url":"https:\/\/limittools.test.consids5.se\/sv\/product\/spanningsdetektor-limit-101\/","og_site_name":"Precision measuring instruments | Limit","article_publisher":"https:\/\/www.facebook.com\/limittools\/","twitter_card":"summary_large_image","schema":{"@context":"https:\/\/schema.org","@graph":[{"@type":"WebPage","@id":"https:\/\/limittools.test.consids5.se\/sv\/product\/spanningsdetektor-limit-101\/","url":"https:\/\/limittools.test.consids5.se\/sv\/product\/spanningsdetektor-limit-101\/","name":"SP\u00c4NNINGSDETEKTOR LIMIT 101 - Precision measuring instruments | Limit","isPartOf":{"@id":"https:\/\/limittools.test.consids5.se\/#website"},"datePublished":"2026-04-01T20:29:32+00:00","dateModified":"2026-04-01T20:29:32+00:00","breadcrumb":{"@id":"https:\/\/limittools.test.consids5.se\/sv\/product\/spanningsdetektor-limit-101\/#breadcrumb"},"inLanguage":"sv-SE","potentialAction":[{"@type":"ReadAction","target":["https:\/\/limittools.test.consids5.se\/sv\/product\/spanningsdetektor-limit-101\/"]}]},{"@type":"BreadcrumbList","@id":"https:\/\/limittools.test.consids5.se\/sv\/product\/spanningsdetektor-limit-101\/#breadcrumb","itemListElement":[{"@type":"ListItem","position":1,"name":"Products","item":"https:\/\/limittools.test.consids5.se\/products\/"},{"@type":"ListItem","position":2,"name":"SP\u00c4NNINGSDETEKTOR LIMIT 101"}]},{"@type":"WebSite","@id":"https:\/\/limittools.test.consids5.se\/#website","url":"https:\/\/limittools.test.consids5.se\/","name":"Precision measuring instruments | Limit","description":"Everything can be measured","potentialAction":[{"@type":"SearchAction","target":{"@type":"EntryPoint","urlTemplate":"https:\/\/limittools.test.consids5.se\/?s={search_term_string}"},"query-input":"required name=search_term_string"}],"inLanguage":"sv-SE"}]}},"_links":{"self":[{"href":"https:\/\/limittools.test.consids5.se\/sv\/wp-json\/wp\/v2\/product\/4766"}],"collection":[{"href":"https:\/\/limittools.test.consids5.se\/sv\/wp-json\/wp\/v2\/product"}],"about":[{"href":"https:\/\/limittools.test.consids5.se\/sv\/wp-json\/wp\/v2\/types\/product"}],"replies":[{"embeddable":true,"href":"https:\/\/limittools.test.consids5.se\/sv\/wp-json\/wp\/v2\/comments?post=4766"}],"wp:attachment":[{"href":"https:\/\/limittools.test.consids5.se\/sv\/wp-json\/wp\/v2\/media?parent=4766"}],"wp:term":[{"taxonomy":"product_cat","embeddable":true,"href":"https:\/\/limittools.test.consids5.se\/sv\/wp-json\/wp\/v2\/product_cat?post=4766"},{"taxonomy":"product_tag","embeddable":true,"href":"https:\/\/limittools.test.consids5.se\/sv\/wp-json\/wp\/v2\/product_tag?post=4766"}],"curies":[{"name":"wp","href":"https:\/\/api.w.org\/{rel}","templated":true}]}}