{"id":4784,"date":"2025-01-22T09:02:51","date_gmt":"2025-01-22T09:02:51","guid":{"rendered":"https:\/\/limittools.test.consids5.se\/product\/multimeter-limit-dm-620\/"},"modified":"2025-01-22T09:02:51","modified_gmt":"2025-01-22T09:02:51","slug":"multimeter-limit-dm-620","status":"publish","type":"product","link":"https:\/\/limittools.test.consids5.se\/sv\/product\/multimeter-limit-dm-620\/","title":{"rendered":"MULTIMETER LIMIT DM 620"},"content":{"rendered":"<p>Digital multimeter med b\u00e5de automatiskt och manuellt m\u00e4tomr\u00e5desinst\u00e4llning. Analogt stapeldiagram f\u00f6r snabba eller instabila signaler. Sann RMS f\u00f6r b\u00e5de sp\u00e4nning och str\u00f6mstyrka vid m\u00e4tning av icke linj\u00e4ra signaler. Registrering av max. och min. v\u00e4rde. M\u00e4ter lik-\/v\u00e4xelsp\u00e4nning, lik-\/v\u00e4xelstr\u00f6m, resistans, kapacitans, frekvens\/diod och temperatur. Har \u00e4ven kontinuitetstest med summer, holdfunktion, displaybelysning och varning vid l\u00e5g batteriniv\u00e5. Levereras komplett med testsladdar, USB-kabel f\u00f6r data\u00f6verf\u00f6ring till dator, termoelement och adapter typ K-K f\u00f6r temperaturm\u00e4tning samt batterier. Skall\u00e4ngd 6000. Isolering CAT III 1000 V\/ CAT IV 600 V motsvarande IEC 61010. S\u00e4krad till 11 A.<\/p>\n","protected":false},"excerpt":{"rendered":"Digital multimeter med b\u00e5de automatiskt och manuellt m\u00e4tomr\u00e5desinst\u00e4llning. Analogt stapeldiagram f\u00f6r snabba eller instabila signaler. Sann RMS f\u00f6r b\u00e5de sp\u00e4nning [&hellip;]","protected":false},"featured_media":0,"comment_status":"open","ping_status":"closed","template":"","meta":{"_acf_changed":false},"product_cat":[343,420],"product_tag":[],"class_list":{"0":"post-4784","1":"product","2":"type-product","3":"status-publish","5":"product_cat-eltest-sv","6":"product_cat-multimetrar-sv","8":"first","9":"instock","10":"shipping-taxable","11":"product-type-simple"},"acf":[],"yoast_head":"<!-- This site is optimized with the Yoast SEO plugin v23.2 - https:\/\/yoast.com\/wordpress\/plugins\/seo\/ -->\n<title>MULTIMETER LIMIT DM 620 - Precision measuring instruments | Limit<\/title>\n<meta name=\"robots\" content=\"index, follow, max-snippet:-1, max-image-preview:large, max-video-preview:-1\" \/>\n<link rel=\"canonical\" href=\"https:\/\/limittools.test.consids5.se\/sv\/product\/multimeter-limit-dm-620\/\" \/>\n<meta property=\"og:locale\" content=\"sv_SE\" \/>\n<meta property=\"og:type\" content=\"article\" \/>\n<meta property=\"og:title\" content=\"MULTIMETER LIMIT DM 620 - Precision measuring instruments | Limit\" \/>\n<meta property=\"og:description\" content=\"Digital multimeter med b\u00e5de automatiskt och manuellt m\u00e4tomr\u00e5desinst\u00e4llning. Analogt stapeldiagram f\u00f6r snabba eller instabila signaler. Sann RMS f\u00f6r b\u00e5de sp\u00e4nning [&hellip;]\" \/>\n<meta property=\"og:url\" content=\"https:\/\/limittools.test.consids5.se\/sv\/product\/multimeter-limit-dm-620\/\" \/>\n<meta property=\"og:site_name\" content=\"Precision measuring instruments | Limit\" \/>\n<meta property=\"article:publisher\" content=\"https:\/\/www.facebook.com\/limittools\/\" \/>\n<meta name=\"twitter:card\" content=\"summary_large_image\" \/>\n<meta name=\"twitter:label1\" content=\"Est. reading time\" \/>\n\t<meta name=\"twitter:data1\" content=\"1 minute\" \/>\n<script type=\"application\/ld+json\" class=\"yoast-schema-graph\">{\"@context\":\"https:\/\/schema.org\",\"@graph\":[{\"@type\":\"WebPage\",\"@id\":\"https:\/\/limittools.test.consids5.se\/sv\/product\/multimeter-limit-dm-620\/\",\"url\":\"https:\/\/limittools.test.consids5.se\/sv\/product\/multimeter-limit-dm-620\/\",\"name\":\"MULTIMETER LIMIT DM 620 - Precision measuring instruments | Limit\",\"isPartOf\":{\"@id\":\"https:\/\/limittools.test.consids5.se\/#website\"},\"datePublished\":\"2025-01-22T09:02:51+00:00\",\"dateModified\":\"2025-01-22T09:02:51+00:00\",\"breadcrumb\":{\"@id\":\"https:\/\/limittools.test.consids5.se\/sv\/product\/multimeter-limit-dm-620\/#breadcrumb\"},\"inLanguage\":\"sv-SE\",\"potentialAction\":[{\"@type\":\"ReadAction\",\"target\":[\"https:\/\/limittools.test.consids5.se\/sv\/product\/multimeter-limit-dm-620\/\"]}]},{\"@type\":\"BreadcrumbList\",\"@id\":\"https:\/\/limittools.test.consids5.se\/sv\/product\/multimeter-limit-dm-620\/#breadcrumb\",\"itemListElement\":[{\"@type\":\"ListItem\",\"position\":1,\"name\":\"Products\",\"item\":\"https:\/\/limittools.test.consids5.se\/products\/\"},{\"@type\":\"ListItem\",\"position\":2,\"name\":\"MULTIMETER LIMIT DM 620\"}]},{\"@type\":\"WebSite\",\"@id\":\"https:\/\/limittools.test.consids5.se\/#website\",\"url\":\"https:\/\/limittools.test.consids5.se\/\",\"name\":\"Precision measuring instruments | Limit\",\"description\":\"Everything can be measured\",\"potentialAction\":[{\"@type\":\"SearchAction\",\"target\":{\"@type\":\"EntryPoint\",\"urlTemplate\":\"https:\/\/limittools.test.consids5.se\/?s={search_term_string}\"},\"query-input\":\"required name=search_term_string\"}],\"inLanguage\":\"sv-SE\"}]}<\/script>\n<!-- \/ Yoast SEO plugin. -->","yoast_head_json":{"title":"MULTIMETER LIMIT DM 620 - Precision measuring instruments | Limit","robots":{"index":"index","follow":"follow","max-snippet":"max-snippet:-1","max-image-preview":"max-image-preview:large","max-video-preview":"max-video-preview:-1"},"canonical":"https:\/\/limittools.test.consids5.se\/sv\/product\/multimeter-limit-dm-620\/","og_locale":"sv_SE","og_type":"article","og_title":"MULTIMETER LIMIT DM 620 - Precision measuring instruments | Limit","og_description":"Digital multimeter med b\u00e5de automatiskt och manuellt m\u00e4tomr\u00e5desinst\u00e4llning. Analogt stapeldiagram f\u00f6r snabba eller instabila signaler. Sann RMS f\u00f6r b\u00e5de sp\u00e4nning [&hellip;]","og_url":"https:\/\/limittools.test.consids5.se\/sv\/product\/multimeter-limit-dm-620\/","og_site_name":"Precision measuring instruments | Limit","article_publisher":"https:\/\/www.facebook.com\/limittools\/","twitter_card":"summary_large_image","twitter_misc":{"Est. reading time":"1 minute"},"schema":{"@context":"https:\/\/schema.org","@graph":[{"@type":"WebPage","@id":"https:\/\/limittools.test.consids5.se\/sv\/product\/multimeter-limit-dm-620\/","url":"https:\/\/limittools.test.consids5.se\/sv\/product\/multimeter-limit-dm-620\/","name":"MULTIMETER LIMIT DM 620 - Precision measuring instruments | Limit","isPartOf":{"@id":"https:\/\/limittools.test.consids5.se\/#website"},"datePublished":"2025-01-22T09:02:51+00:00","dateModified":"2025-01-22T09:02:51+00:00","breadcrumb":{"@id":"https:\/\/limittools.test.consids5.se\/sv\/product\/multimeter-limit-dm-620\/#breadcrumb"},"inLanguage":"sv-SE","potentialAction":[{"@type":"ReadAction","target":["https:\/\/limittools.test.consids5.se\/sv\/product\/multimeter-limit-dm-620\/"]}]},{"@type":"BreadcrumbList","@id":"https:\/\/limittools.test.consids5.se\/sv\/product\/multimeter-limit-dm-620\/#breadcrumb","itemListElement":[{"@type":"ListItem","position":1,"name":"Products","item":"https:\/\/limittools.test.consids5.se\/products\/"},{"@type":"ListItem","position":2,"name":"MULTIMETER LIMIT DM 620"}]},{"@type":"WebSite","@id":"https:\/\/limittools.test.consids5.se\/#website","url":"https:\/\/limittools.test.consids5.se\/","name":"Precision measuring instruments | Limit","description":"Everything can be measured","potentialAction":[{"@type":"SearchAction","target":{"@type":"EntryPoint","urlTemplate":"https:\/\/limittools.test.consids5.se\/?s={search_term_string}"},"query-input":"required name=search_term_string"}],"inLanguage":"sv-SE"}]}},"_links":{"self":[{"href":"https:\/\/limittools.test.consids5.se\/sv\/wp-json\/wp\/v2\/product\/4784"}],"collection":[{"href":"https:\/\/limittools.test.consids5.se\/sv\/wp-json\/wp\/v2\/product"}],"about":[{"href":"https:\/\/limittools.test.consids5.se\/sv\/wp-json\/wp\/v2\/types\/product"}],"replies":[{"embeddable":true,"href":"https:\/\/limittools.test.consids5.se\/sv\/wp-json\/wp\/v2\/comments?post=4784"}],"wp:attachment":[{"href":"https:\/\/limittools.test.consids5.se\/sv\/wp-json\/wp\/v2\/media?parent=4784"}],"wp:term":[{"taxonomy":"product_cat","embeddable":true,"href":"https:\/\/limittools.test.consids5.se\/sv\/wp-json\/wp\/v2\/product_cat?post=4784"},{"taxonomy":"product_tag","embeddable":true,"href":"https:\/\/limittools.test.consids5.se\/sv\/wp-json\/wp\/v2\/product_tag?post=4784"}],"curies":[{"name":"wp","href":"https:\/\/api.w.org\/{rel}","templated":true}]}}