{"id":4795,"date":"2026-04-01T20:29:40","date_gmt":"2026-04-01T20:29:40","guid":{"rendered":"https:\/\/limittools.test.consids5.se\/product\/multimeter-limit-dm-410\/"},"modified":"2026-04-01T20:29:40","modified_gmt":"2026-04-01T20:29:40","slug":"multimeter-limit-dm-410","status":"publish","type":"product","link":"https:\/\/limittools.test.consids5.se\/sv\/product\/multimeter-limit-dm-410\/","title":{"rendered":"MULTIMETER LIMIT DM 410"},"content":{"rendered":"<p>Limit DM 410 multimeter \u00e4r en handh\u00e5llen digital multimeter med \u00e4kta RMS med h\u00f6g tillf\u00f6rlitlighet och s\u00e4kerhet (4000 enheter). Stor bakgrundsbelyst LCD-display med 17,5mm siffror f\u00f6r enkel avl\u00e4sning i m\u00f6rka milj\u00f6er, \u00f6verbelastningsskydd och unik design g\u00f6r den till en mycket praktisk digital multimeter. M\u00e4taren kan m\u00e4ta AC\/DC sp\u00e4nning\/str\u00f6m, resistans, kontinuitet, kapacitans, frekvens, \u00b0C\/\u00b0F temperatur och anv\u00e4ndas f\u00f6r att testa dioder etc. Med datah\u00e5llning, Min, Max och relativ m\u00e4tning, indikering av l\u00e5gt batteri, automatisk avst\u00e4ngning, fasdetektering och ber\u00f6ringsfri sp\u00e4nningsdetektering (NCV) \u00e4r m\u00e4taren idealisk f\u00f6r m\u00e5nga applikationer. Gummih\u00f6lje och utf\u00e4llbart bordsst\u00f6d. Isolationsklass CAT III 600V.<\/p>\n","protected":false},"excerpt":{"rendered":"Limit DM 410 multimeter \u00e4r en handh\u00e5llen digital multimeter med \u00e4kta RMS med h\u00f6g tillf\u00f6rlitlighet och s\u00e4kerhet (4000 enheter). Stor [&hellip;]","protected":false},"featured_media":0,"comment_status":"closed","ping_status":"closed","template":"","meta":{"_acf_changed":false},"product_cat":[343,420],"product_tag":[],"class_list":{"0":"post-4795","1":"product","2":"type-product","3":"status-publish","5":"product_cat-eltest-sv","6":"product_cat-multimetrar-sv","8":"first","9":"instock","10":"shipping-taxable","11":"product-type-simple"},"acf":[],"yoast_head":"<!-- This site is optimized with the Yoast SEO plugin v23.2 - https:\/\/yoast.com\/wordpress\/plugins\/seo\/ -->\n<title>MULTIMETER LIMIT DM 410 - Precision measuring instruments | Limit<\/title>\n<meta name=\"robots\" content=\"index, follow, max-snippet:-1, max-image-preview:large, max-video-preview:-1\" \/>\n<link rel=\"canonical\" href=\"https:\/\/limittools.test.consids5.se\/sv\/product\/multimeter-limit-dm-410\/\" \/>\n<meta property=\"og:locale\" content=\"sv_SE\" \/>\n<meta property=\"og:type\" content=\"article\" \/>\n<meta property=\"og:title\" content=\"MULTIMETER LIMIT DM 410 - Precision measuring instruments | Limit\" \/>\n<meta property=\"og:description\" content=\"Limit DM 410 multimeter \u00e4r en handh\u00e5llen digital multimeter med \u00e4kta RMS med h\u00f6g tillf\u00f6rlitlighet och s\u00e4kerhet (4000 enheter). Stor [&hellip;]\" \/>\n<meta property=\"og:url\" content=\"https:\/\/limittools.test.consids5.se\/sv\/product\/multimeter-limit-dm-410\/\" \/>\n<meta property=\"og:site_name\" content=\"Precision measuring instruments | Limit\" \/>\n<meta property=\"article:publisher\" content=\"https:\/\/www.facebook.com\/limittools\/\" \/>\n<meta name=\"twitter:card\" content=\"summary_large_image\" \/>\n<meta name=\"twitter:label1\" content=\"Est. reading time\" \/>\n\t<meta name=\"twitter:data1\" content=\"1 minute\" \/>\n<script type=\"application\/ld+json\" class=\"yoast-schema-graph\">{\"@context\":\"https:\/\/schema.org\",\"@graph\":[{\"@type\":\"WebPage\",\"@id\":\"https:\/\/limittools.test.consids5.se\/sv\/product\/multimeter-limit-dm-410\/\",\"url\":\"https:\/\/limittools.test.consids5.se\/sv\/product\/multimeter-limit-dm-410\/\",\"name\":\"MULTIMETER LIMIT DM 410 - Precision measuring instruments | Limit\",\"isPartOf\":{\"@id\":\"https:\/\/limittools.test.consids5.se\/#website\"},\"datePublished\":\"2026-04-01T20:29:40+00:00\",\"dateModified\":\"2026-04-01T20:29:40+00:00\",\"breadcrumb\":{\"@id\":\"https:\/\/limittools.test.consids5.se\/sv\/product\/multimeter-limit-dm-410\/#breadcrumb\"},\"inLanguage\":\"sv-SE\",\"potentialAction\":[{\"@type\":\"ReadAction\",\"target\":[\"https:\/\/limittools.test.consids5.se\/sv\/product\/multimeter-limit-dm-410\/\"]}]},{\"@type\":\"BreadcrumbList\",\"@id\":\"https:\/\/limittools.test.consids5.se\/sv\/product\/multimeter-limit-dm-410\/#breadcrumb\",\"itemListElement\":[{\"@type\":\"ListItem\",\"position\":1,\"name\":\"Products\",\"item\":\"https:\/\/limittools.test.consids5.se\/products\/\"},{\"@type\":\"ListItem\",\"position\":2,\"name\":\"MULTIMETER LIMIT DM 410\"}]},{\"@type\":\"WebSite\",\"@id\":\"https:\/\/limittools.test.consids5.se\/#website\",\"url\":\"https:\/\/limittools.test.consids5.se\/\",\"name\":\"Precision measuring instruments | Limit\",\"description\":\"Everything can be measured\",\"potentialAction\":[{\"@type\":\"SearchAction\",\"target\":{\"@type\":\"EntryPoint\",\"urlTemplate\":\"https:\/\/limittools.test.consids5.se\/?s={search_term_string}\"},\"query-input\":\"required name=search_term_string\"}],\"inLanguage\":\"sv-SE\"}]}<\/script>\n<!-- \/ Yoast SEO plugin. -->","yoast_head_json":{"title":"MULTIMETER LIMIT DM 410 - Precision measuring instruments | Limit","robots":{"index":"index","follow":"follow","max-snippet":"max-snippet:-1","max-image-preview":"max-image-preview:large","max-video-preview":"max-video-preview:-1"},"canonical":"https:\/\/limittools.test.consids5.se\/sv\/product\/multimeter-limit-dm-410\/","og_locale":"sv_SE","og_type":"article","og_title":"MULTIMETER LIMIT DM 410 - Precision measuring instruments | Limit","og_description":"Limit DM 410 multimeter \u00e4r en handh\u00e5llen digital multimeter med \u00e4kta RMS med h\u00f6g tillf\u00f6rlitlighet och s\u00e4kerhet (4000 enheter). Stor [&hellip;]","og_url":"https:\/\/limittools.test.consids5.se\/sv\/product\/multimeter-limit-dm-410\/","og_site_name":"Precision measuring instruments | Limit","article_publisher":"https:\/\/www.facebook.com\/limittools\/","twitter_card":"summary_large_image","twitter_misc":{"Est. reading time":"1 minute"},"schema":{"@context":"https:\/\/schema.org","@graph":[{"@type":"WebPage","@id":"https:\/\/limittools.test.consids5.se\/sv\/product\/multimeter-limit-dm-410\/","url":"https:\/\/limittools.test.consids5.se\/sv\/product\/multimeter-limit-dm-410\/","name":"MULTIMETER LIMIT DM 410 - Precision measuring instruments | Limit","isPartOf":{"@id":"https:\/\/limittools.test.consids5.se\/#website"},"datePublished":"2026-04-01T20:29:40+00:00","dateModified":"2026-04-01T20:29:40+00:00","breadcrumb":{"@id":"https:\/\/limittools.test.consids5.se\/sv\/product\/multimeter-limit-dm-410\/#breadcrumb"},"inLanguage":"sv-SE","potentialAction":[{"@type":"ReadAction","target":["https:\/\/limittools.test.consids5.se\/sv\/product\/multimeter-limit-dm-410\/"]}]},{"@type":"BreadcrumbList","@id":"https:\/\/limittools.test.consids5.se\/sv\/product\/multimeter-limit-dm-410\/#breadcrumb","itemListElement":[{"@type":"ListItem","position":1,"name":"Products","item":"https:\/\/limittools.test.consids5.se\/products\/"},{"@type":"ListItem","position":2,"name":"MULTIMETER LIMIT DM 410"}]},{"@type":"WebSite","@id":"https:\/\/limittools.test.consids5.se\/#website","url":"https:\/\/limittools.test.consids5.se\/","name":"Precision measuring instruments | Limit","description":"Everything can be measured","potentialAction":[{"@type":"SearchAction","target":{"@type":"EntryPoint","urlTemplate":"https:\/\/limittools.test.consids5.se\/?s={search_term_string}"},"query-input":"required name=search_term_string"}],"inLanguage":"sv-SE"}]}},"_links":{"self":[{"href":"https:\/\/limittools.test.consids5.se\/sv\/wp-json\/wp\/v2\/product\/4795"}],"collection":[{"href":"https:\/\/limittools.test.consids5.se\/sv\/wp-json\/wp\/v2\/product"}],"about":[{"href":"https:\/\/limittools.test.consids5.se\/sv\/wp-json\/wp\/v2\/types\/product"}],"replies":[{"embeddable":true,"href":"https:\/\/limittools.test.consids5.se\/sv\/wp-json\/wp\/v2\/comments?post=4795"}],"wp:attachment":[{"href":"https:\/\/limittools.test.consids5.se\/sv\/wp-json\/wp\/v2\/media?parent=4795"}],"wp:term":[{"taxonomy":"product_cat","embeddable":true,"href":"https:\/\/limittools.test.consids5.se\/sv\/wp-json\/wp\/v2\/product_cat?post=4795"},{"taxonomy":"product_tag","embeddable":true,"href":"https:\/\/limittools.test.consids5.se\/sv\/wp-json\/wp\/v2\/product_tag?post=4795"}],"curies":[{"name":"wp","href":"https:\/\/api.w.org\/{rel}","templated":true}]}}