{"id":4835,"date":"2026-04-01T20:29:51","date_gmt":"2026-04-01T20:29:51","guid":{"rendered":"https:\/\/limittools.test.consids5.se\/product\/multimeter-limit-dmp-220\/"},"modified":"2026-04-01T20:29:51","modified_gmt":"2026-04-01T20:29:51","slug":"multimeter-limit-dmp-220","status":"publish","type":"product","link":"https:\/\/limittools.test.consids5.se\/sv\/product\/multimeter-limit-dmp-220\/","title":{"rendered":"MULTIMETER LIMIT DMP 220"},"content":{"rendered":"<p>Limit DMP 220 Mini multimeter \u00e4r en handh\u00e5llen digital multimeter med h\u00f6g tillf\u00f6rlitlighet och s\u00e4kerhet (3999 enheter).\u00a0<br \/>\nStor LCD-sk\u00e4rm med 13 mm siffror, h\u00f6guppl\u00f6st display, \u00f6verbelastningsskydd och unik design g\u00f6r den till en mycket praktisk digital multimeter. M\u00e4taren kan m\u00e4ta AC\/DC &#8211; sp\u00e4nning\/str\u00f6m, resistans, kapacitans, frekvens och anv\u00e4ndas f\u00f6r kontinuitet\/dioder eller batteritestning. etc. Med funktioner f\u00f6r datah\u00e5llning, indikering av l\u00e5gt batteri och automatisk avst\u00e4ngning. Levereras i eget skyddsh\u00f6lje av plast.\u00a0<br \/>\nDetta g\u00f6r m\u00e4taren idealisk f\u00f6r m\u00e5nga applikationer. Isolationsklass CAT III 300V och CAT II 600V.<\/p>\n","protected":false},"excerpt":{"rendered":"Limit DMP 220 Mini multimeter \u00e4r en handh\u00e5llen digital multimeter med h\u00f6g tillf\u00f6rlitlighet och s\u00e4kerhet (3999 enheter).\u00a0 Stor LCD-sk\u00e4rm med [&hellip;]","protected":false},"featured_media":0,"comment_status":"closed","ping_status":"closed","template":"","meta":{"_acf_changed":false},"product_cat":[343,420],"product_tag":[],"class_list":{"0":"post-4835","1":"product","2":"type-product","3":"status-publish","5":"product_cat-eltest-sv","6":"product_cat-multimetrar-sv","8":"first","9":"instock","10":"shipping-taxable","11":"product-type-simple"},"acf":[],"yoast_head":"<!-- This site is optimized with the Yoast SEO plugin v23.2 - https:\/\/yoast.com\/wordpress\/plugins\/seo\/ -->\n<title>MULTIMETER LIMIT DMP 220 - Precision measuring instruments | Limit<\/title>\n<meta name=\"robots\" content=\"index, follow, max-snippet:-1, max-image-preview:large, max-video-preview:-1\" \/>\n<link rel=\"canonical\" href=\"https:\/\/limittools.test.consids5.se\/sv\/product\/multimeter-limit-dmp-220\/\" \/>\n<meta property=\"og:locale\" content=\"sv_SE\" \/>\n<meta property=\"og:type\" content=\"article\" \/>\n<meta property=\"og:title\" content=\"MULTIMETER LIMIT DMP 220 - Precision measuring instruments | Limit\" \/>\n<meta property=\"og:description\" content=\"Limit DMP 220 Mini multimeter \u00e4r en handh\u00e5llen digital multimeter med h\u00f6g tillf\u00f6rlitlighet och s\u00e4kerhet (3999 enheter).\u00a0 Stor LCD-sk\u00e4rm med [&hellip;]\" \/>\n<meta property=\"og:url\" content=\"https:\/\/limittools.test.consids5.se\/sv\/product\/multimeter-limit-dmp-220\/\" \/>\n<meta property=\"og:site_name\" content=\"Precision measuring instruments | Limit\" \/>\n<meta property=\"article:publisher\" content=\"https:\/\/www.facebook.com\/limittools\/\" \/>\n<meta name=\"twitter:card\" content=\"summary_large_image\" \/>\n<meta name=\"twitter:label1\" content=\"Est. reading time\" \/>\n\t<meta name=\"twitter:data1\" content=\"1 minute\" \/>\n<script type=\"application\/ld+json\" class=\"yoast-schema-graph\">{\"@context\":\"https:\/\/schema.org\",\"@graph\":[{\"@type\":\"WebPage\",\"@id\":\"https:\/\/limittools.test.consids5.se\/sv\/product\/multimeter-limit-dmp-220\/\",\"url\":\"https:\/\/limittools.test.consids5.se\/sv\/product\/multimeter-limit-dmp-220\/\",\"name\":\"MULTIMETER LIMIT DMP 220 - Precision measuring instruments | Limit\",\"isPartOf\":{\"@id\":\"https:\/\/limittools.test.consids5.se\/#website\"},\"datePublished\":\"2026-04-01T20:29:51+00:00\",\"dateModified\":\"2026-04-01T20:29:51+00:00\",\"breadcrumb\":{\"@id\":\"https:\/\/limittools.test.consids5.se\/sv\/product\/multimeter-limit-dmp-220\/#breadcrumb\"},\"inLanguage\":\"sv-SE\",\"potentialAction\":[{\"@type\":\"ReadAction\",\"target\":[\"https:\/\/limittools.test.consids5.se\/sv\/product\/multimeter-limit-dmp-220\/\"]}]},{\"@type\":\"BreadcrumbList\",\"@id\":\"https:\/\/limittools.test.consids5.se\/sv\/product\/multimeter-limit-dmp-220\/#breadcrumb\",\"itemListElement\":[{\"@type\":\"ListItem\",\"position\":1,\"name\":\"Products\",\"item\":\"https:\/\/limittools.test.consids5.se\/products\/\"},{\"@type\":\"ListItem\",\"position\":2,\"name\":\"MULTIMETER LIMIT DMP 220\"}]},{\"@type\":\"WebSite\",\"@id\":\"https:\/\/limittools.test.consids5.se\/#website\",\"url\":\"https:\/\/limittools.test.consids5.se\/\",\"name\":\"Precision measuring instruments | Limit\",\"description\":\"Everything can be measured\",\"potentialAction\":[{\"@type\":\"SearchAction\",\"target\":{\"@type\":\"EntryPoint\",\"urlTemplate\":\"https:\/\/limittools.test.consids5.se\/?s={search_term_string}\"},\"query-input\":\"required name=search_term_string\"}],\"inLanguage\":\"sv-SE\"}]}<\/script>\n<!-- \/ Yoast SEO plugin. -->","yoast_head_json":{"title":"MULTIMETER LIMIT DMP 220 - Precision measuring instruments | Limit","robots":{"index":"index","follow":"follow","max-snippet":"max-snippet:-1","max-image-preview":"max-image-preview:large","max-video-preview":"max-video-preview:-1"},"canonical":"https:\/\/limittools.test.consids5.se\/sv\/product\/multimeter-limit-dmp-220\/","og_locale":"sv_SE","og_type":"article","og_title":"MULTIMETER LIMIT DMP 220 - Precision measuring instruments | Limit","og_description":"Limit DMP 220 Mini multimeter \u00e4r en handh\u00e5llen digital multimeter med h\u00f6g tillf\u00f6rlitlighet och s\u00e4kerhet (3999 enheter).\u00a0 Stor LCD-sk\u00e4rm med [&hellip;]","og_url":"https:\/\/limittools.test.consids5.se\/sv\/product\/multimeter-limit-dmp-220\/","og_site_name":"Precision measuring instruments | Limit","article_publisher":"https:\/\/www.facebook.com\/limittools\/","twitter_card":"summary_large_image","twitter_misc":{"Est. reading time":"1 minute"},"schema":{"@context":"https:\/\/schema.org","@graph":[{"@type":"WebPage","@id":"https:\/\/limittools.test.consids5.se\/sv\/product\/multimeter-limit-dmp-220\/","url":"https:\/\/limittools.test.consids5.se\/sv\/product\/multimeter-limit-dmp-220\/","name":"MULTIMETER LIMIT DMP 220 - Precision measuring instruments | Limit","isPartOf":{"@id":"https:\/\/limittools.test.consids5.se\/#website"},"datePublished":"2026-04-01T20:29:51+00:00","dateModified":"2026-04-01T20:29:51+00:00","breadcrumb":{"@id":"https:\/\/limittools.test.consids5.se\/sv\/product\/multimeter-limit-dmp-220\/#breadcrumb"},"inLanguage":"sv-SE","potentialAction":[{"@type":"ReadAction","target":["https:\/\/limittools.test.consids5.se\/sv\/product\/multimeter-limit-dmp-220\/"]}]},{"@type":"BreadcrumbList","@id":"https:\/\/limittools.test.consids5.se\/sv\/product\/multimeter-limit-dmp-220\/#breadcrumb","itemListElement":[{"@type":"ListItem","position":1,"name":"Products","item":"https:\/\/limittools.test.consids5.se\/products\/"},{"@type":"ListItem","position":2,"name":"MULTIMETER LIMIT DMP 220"}]},{"@type":"WebSite","@id":"https:\/\/limittools.test.consids5.se\/#website","url":"https:\/\/limittools.test.consids5.se\/","name":"Precision measuring instruments | Limit","description":"Everything can be measured","potentialAction":[{"@type":"SearchAction","target":{"@type":"EntryPoint","urlTemplate":"https:\/\/limittools.test.consids5.se\/?s={search_term_string}"},"query-input":"required name=search_term_string"}],"inLanguage":"sv-SE"}]}},"_links":{"self":[{"href":"https:\/\/limittools.test.consids5.se\/sv\/wp-json\/wp\/v2\/product\/4835"}],"collection":[{"href":"https:\/\/limittools.test.consids5.se\/sv\/wp-json\/wp\/v2\/product"}],"about":[{"href":"https:\/\/limittools.test.consids5.se\/sv\/wp-json\/wp\/v2\/types\/product"}],"replies":[{"embeddable":true,"href":"https:\/\/limittools.test.consids5.se\/sv\/wp-json\/wp\/v2\/comments?post=4835"}],"wp:attachment":[{"href":"https:\/\/limittools.test.consids5.se\/sv\/wp-json\/wp\/v2\/media?parent=4835"}],"wp:term":[{"taxonomy":"product_cat","embeddable":true,"href":"https:\/\/limittools.test.consids5.se\/sv\/wp-json\/wp\/v2\/product_cat?post=4835"},{"taxonomy":"product_tag","embeddable":true,"href":"https:\/\/limittools.test.consids5.se\/sv\/wp-json\/wp\/v2\/product_tag?post=4835"}],"curies":[{"name":"wp","href":"https:\/\/api.w.org\/{rel}","templated":true}]}}